{"id":613,"date":"2026-04-20T15:59:58","date_gmt":"2026-04-20T13:59:58","guid":{"rendered":"https:\/\/ma-boutique-club.com\/usperenchies\/?post_type=product&#038;p=613"},"modified":"2026-04-20T16:06:22","modified_gmt":"2026-04-20T14:06:22","slug":"pack-enfant-maillot-short-chaussettes","status":"publish","type":"product","link":"https:\/\/ma-boutique-club.com\/usperenchies\/?product=pack-enfant-maillot-short-chaussettes","title":{"rendered":"Pack Enfant Maillot \/ Short \/ Chaussettes"},"content":{"rendered":"<div class=\"elementor-element elementor-element-90d0e20 e-n-tabs-mobile elementor-widget elementor-widget-n-tabs\" data-id=\"90d0e20\" data-element_type=\"widget\" data-settings=\"{&quot;tabs_justify_horizontal&quot;:&quot;start&quot;,&quot;horizontal_scroll&quot;:&quot;disable&quot;}\" data-widget_type=\"nested-tabs.default\">\n<div class=\"elementor-widget-container\">\n<div class=\"e-n-tabs e-activated\" data-widget-number=\"151850528\" aria-label=\"Onglets. Ouvrez des \u00e9l\u00e9ments avec Entrer ou Espace, fermez-les avec Echape et naviguez \u00e0 l'aide des touches fl\u00e9ch\u00e9es.\" data-touch-mode=\"false\">\n<div class=\"e-n-tabs-content\">\n<div id=\"e-n-tab-content-1518505281\" class=\"e-active elementor-element elementor-element-66a554e e-con-full e-flex e-con e-child\" role=\"tabpanel\" aria-labelledby=\"e-n-tab-title-1518505281\" data-tab-index=\"1\" data-id=\"66a554e\" data-element_type=\"container\" data-settings=\"{&quot;jet_parallax_layout_list&quot;:[]}\">\n<div class=\"elementor-element elementor-element-86b99d7 elementor-widget elementor-widget-woocommerce-product-content\" data-id=\"86b99d7\" data-element_type=\"widget\" data-widget_type=\"woocommerce-product-content.default\">\n<div class=\"elementor-widget-container\">\n<ul class=\"m-contentContainer__copyElement\">\n<li>Maillot Polyester Entrada26 Rouge<\/li>\n<li>Short Polyester Entrada26 Noir<\/li>\n<li>Chaussettes Milano23 Rouge<\/li>\n<\/ul>\n<\/div>\n<\/div>\n<\/div>\n<\/div>\n<\/div>\n<\/div>\n<\/div>\n","protected":false},"excerpt":{"rendered":"<p>Maillot Polyester Entrada26 Rouge Short Polyester Entrada26 Noir Chaussettes Milano23 Rouge<\/p>\n","protected":false},"featured_media":612,"template":"","meta":{"_uag_custom_page_level_css":"","site-sidebar-layout":"default","site-content-layout":"","ast-site-content-layout":"default","site-content-style":"default","site-sidebar-style":"default","ast-global-header-display":"","ast-banner-title-visibility":"","ast-main-header-display":"","ast-hfb-above-header-display":"","ast-hfb-below-header-display":"","ast-hfb-mobile-header-display":"","site-post-title":"","ast-breadcrumbs-content":"","ast-featured-img":"","footer-sml-layout":"","theme-transparent-header-meta":"default","adv-header-id-meta":"","stick-header-meta":"","header-above-stick-meta":"","header-main-stick-meta":"","header-below-stick-meta":"","astra-migrate-meta-layouts":"set","ast-page-background-enabled":"default","ast-page-background-meta":{"desktop":{"background-color":"var(--ast-global-color-5)","background-image":"","background-repeat":"repeat","background-position":"center center","background-size":"auto","background-attachment":"scroll","background-type":"","background-media":"","overlay-type":"","overlay-color":"","overlay-opacity":"","overlay-gradient":""},"tablet":{"background-color":"","background-image":"","background-repeat":"repeat","background-position":"center center","background-size":"auto","background-attachment":"scroll","background-type":"","background-media":"","overlay-type":"","overlay-color":"","overlay-opacity":"","overlay-gradient":""},"mobile":{"background-color":"","background-image":"","background-repeat":"repeat","background-position":"center center","background-size":"auto","background-attachment":"scroll","background-type":"","background-media":"","overlay-type":"","overlay-color":"","overlay-opacity":"","overlay-gradient":""}},"ast-content-background-meta":{"desktop":{"background-color":"var(--ast-global-color-4)","background-image":"","background-repeat":"repeat","background-position":"center center","background-size":"auto","background-attachment":"scroll","background-type":"","background-media":"","overlay-type":"","overlay-color":"","overlay-opacity":"","overlay-gradient":""},"tablet":{"background-color":"var(--ast-global-color-4)","background-image":"","background-repeat":"repeat","background-position":"center center","background-size":"auto","background-attachment":"scroll","background-type":"","background-media":"","overlay-type":"","overlay-color":"","overlay-opacity":"","overlay-gradient":""},"mobile":{"background-color":"var(--ast-global-color-4)","background-image":"","background-repeat":"repeat","background-position":"center center","background-size":"auto","background-attachment":"scroll","background-type":"","background-media":"","overlay-type":"","overlay-color":"","overlay-opacity":"","overlay-gradient":""}}},"product_cat":[41,43],"product_tag":[39,24,84,25],"yoast_head":"<!-- This site is optimized with the Yoast SEO plugin v21.5 - https:\/\/yoast.com\/wordpress\/plugins\/seo\/ -->\n<title>Pack Enfant Maillot \/ Short \/ Chaussettes - US P\u00e9renchies<\/title>\n<meta name=\"robots\" content=\"index, follow, max-snippet:-1, max-image-preview:large, max-video-preview:-1\" \/>\n<link rel=\"canonical\" href=\"https:\/\/ma-boutique-club.com\/usperenchies\/?product=pack-enfant-maillot-short-chaussettes\" \/>\n<meta property=\"og:locale\" content=\"fr_FR\" \/>\n<meta property=\"og:type\" content=\"article\" \/>\n<meta property=\"og:title\" content=\"Pack Enfant Maillot \/ Short \/ Chaussettes - US P\u00e9renchies\" \/>\n<meta property=\"og:description\" content=\"Maillot Polyester Entrada26 Rouge Short Polyester Entrada26 Noir Chaussettes Milano23 Rouge\" \/>\n<meta property=\"og:url\" content=\"https:\/\/ma-boutique-club.com\/usperenchies\/?product=pack-enfant-maillot-short-chaussettes\" \/>\n<meta property=\"og:site_name\" content=\"US P\u00e9renchies\" \/>\n<meta property=\"article:modified_time\" content=\"2026-04-20T14:06:22+00:00\" \/>\n<meta property=\"og:image\" content=\"https:\/\/ma-boutique-club.com\/usperenchies\/wp-content\/uploads\/sites\/108\/2026\/04\/JZ2501-_-JZ2521-_-IB7817.png\" \/>\n\t<meta property=\"og:image:width\" content=\"800\" \/>\n\t<meta property=\"og:image:height\" content=\"800\" \/>\n\t<meta property=\"og:image:type\" content=\"image\/png\" \/>\n<meta name=\"twitter:card\" content=\"summary_large_image\" \/>\n<meta name=\"twitter:label1\" content=\"Dur\u00e9e de lecture estim\u00e9e\" \/>\n\t<meta name=\"twitter:data1\" content=\"1 minute\" \/>\n<script type=\"application\/ld+json\" class=\"yoast-schema-graph\">{\"@context\":\"https:\/\/schema.org\",\"@graph\":[{\"@type\":\"WebPage\",\"@id\":\"https:\/\/ma-boutique-club.com\/usperenchies\/?product=pack-enfant-maillot-short-chaussettes\",\"url\":\"https:\/\/ma-boutique-club.com\/usperenchies\/?product=pack-enfant-maillot-short-chaussettes\",\"name\":\"Pack Enfant Maillot \/ Short \/ Chaussettes - US P\u00e9renchies\",\"isPartOf\":{\"@id\":\"https:\/\/ma-boutique-club.com\/usperenchies\/#website\"},\"datePublished\":\"2026-04-20T13:59:58+00:00\",\"dateModified\":\"2026-04-20T14:06:22+00:00\",\"breadcrumb\":{\"@id\":\"https:\/\/ma-boutique-club.com\/usperenchies\/?product=pack-enfant-maillot-short-chaussettes#breadcrumb\"},\"inLanguage\":\"fr-FR\",\"potentialAction\":[{\"@type\":\"ReadAction\",\"target\":[\"https:\/\/ma-boutique-club.com\/usperenchies\/?product=pack-enfant-maillot-short-chaussettes\"]}]},{\"@type\":\"BreadcrumbList\",\"@id\":\"https:\/\/ma-boutique-club.com\/usperenchies\/?product=pack-enfant-maillot-short-chaussettes#breadcrumb\",\"itemListElement\":[{\"@type\":\"ListItem\",\"position\":1,\"name\":\"Accueil\",\"item\":\"https:\/\/ma-boutique-club.com\/usperenchies\/\"},{\"@type\":\"ListItem\",\"position\":2,\"name\":\"Boutique\",\"item\":\"https:\/\/ma-boutique-club.com\/usperenchies\/\"},{\"@type\":\"ListItem\",\"position\":3,\"name\":\"Pack Enfant Maillot \/ Short \/ Chaussettes\"}]},{\"@type\":\"WebSite\",\"@id\":\"https:\/\/ma-boutique-club.com\/usperenchies\/#website\",\"url\":\"https:\/\/ma-boutique-club.com\/usperenchies\/\",\"name\":\"US P\u00e9renchies\",\"description\":\"Ma Boutique Club\",\"publisher\":{\"@id\":\"https:\/\/ma-boutique-club.com\/usperenchies\/#organization\"},\"potentialAction\":[{\"@type\":\"SearchAction\",\"target\":{\"@type\":\"EntryPoint\",\"urlTemplate\":\"https:\/\/ma-boutique-club.com\/usperenchies\/?s={search_term_string}\"},\"query-input\":\"required name=search_term_string\"}],\"inLanguage\":\"fr-FR\"},{\"@type\":\"Organization\",\"@id\":\"https:\/\/ma-boutique-club.com\/usperenchies\/#organization\",\"name\":\"US P\u00e9renchies\",\"url\":\"https:\/\/ma-boutique-club.com\/usperenchies\/\",\"logo\":{\"@type\":\"ImageObject\",\"inLanguage\":\"fr-FR\",\"@id\":\"https:\/\/ma-boutique-club.com\/usperenchies\/#\/schema\/logo\/image\/\",\"url\":\"https:\/\/ma-boutique-club.com\/usperenchies\/wp-content\/uploads\/sites\/108\/2025\/08\/cropped-cropped-298411963_765134077950431_1854109682985377077_n.png\",\"contentUrl\":\"https:\/\/ma-boutique-club.com\/usperenchies\/wp-content\/uploads\/sites\/108\/2025\/08\/cropped-cropped-298411963_765134077950431_1854109682985377077_n.png\",\"width\":512,\"height\":512,\"caption\":\"US P\u00e9renchies\"},\"image\":{\"@id\":\"https:\/\/ma-boutique-club.com\/usperenchies\/#\/schema\/logo\/image\/\"}}]}<\/script>\n<!-- \/ Yoast SEO plugin. -->","yoast_head_json":{"title":"Pack Enfant Maillot \/ Short \/ Chaussettes - US P\u00e9renchies","robots":{"index":"index","follow":"follow","max-snippet":"max-snippet:-1","max-image-preview":"max-image-preview:large","max-video-preview":"max-video-preview:-1"},"canonical":"https:\/\/ma-boutique-club.com\/usperenchies\/?product=pack-enfant-maillot-short-chaussettes","og_locale":"fr_FR","og_type":"article","og_title":"Pack Enfant Maillot \/ Short \/ Chaussettes - US P\u00e9renchies","og_description":"Maillot Polyester Entrada26 Rouge Short Polyester Entrada26 Noir Chaussettes Milano23 Rouge","og_url":"https:\/\/ma-boutique-club.com\/usperenchies\/?product=pack-enfant-maillot-short-chaussettes","og_site_name":"US P\u00e9renchies","article_modified_time":"2026-04-20T14:06:22+00:00","og_image":[{"width":800,"height":800,"url":"https:\/\/ma-boutique-club.com\/usperenchies\/wp-content\/uploads\/sites\/108\/2026\/04\/JZ2501-_-JZ2521-_-IB7817.png","type":"image\/png"}],"twitter_card":"summary_large_image","twitter_misc":{"Dur\u00e9e de lecture estim\u00e9e":"1 minute"},"schema":{"@context":"https:\/\/schema.org","@graph":[{"@type":"WebPage","@id":"https:\/\/ma-boutique-club.com\/usperenchies\/?product=pack-enfant-maillot-short-chaussettes","url":"https:\/\/ma-boutique-club.com\/usperenchies\/?product=pack-enfant-maillot-short-chaussettes","name":"Pack Enfant Maillot \/ Short \/ Chaussettes - US P\u00e9renchies","isPartOf":{"@id":"https:\/\/ma-boutique-club.com\/usperenchies\/#website"},"datePublished":"2026-04-20T13:59:58+00:00","dateModified":"2026-04-20T14:06:22+00:00","breadcrumb":{"@id":"https:\/\/ma-boutique-club.com\/usperenchies\/?product=pack-enfant-maillot-short-chaussettes#breadcrumb"},"inLanguage":"fr-FR","potentialAction":[{"@type":"ReadAction","target":["https:\/\/ma-boutique-club.com\/usperenchies\/?product=pack-enfant-maillot-short-chaussettes"]}]},{"@type":"BreadcrumbList","@id":"https:\/\/ma-boutique-club.com\/usperenchies\/?product=pack-enfant-maillot-short-chaussettes#breadcrumb","itemListElement":[{"@type":"ListItem","position":1,"name":"Accueil","item":"https:\/\/ma-boutique-club.com\/usperenchies\/"},{"@type":"ListItem","position":2,"name":"Boutique","item":"https:\/\/ma-boutique-club.com\/usperenchies\/"},{"@type":"ListItem","position":3,"name":"Pack Enfant Maillot \/ Short \/ Chaussettes"}]},{"@type":"WebSite","@id":"https:\/\/ma-boutique-club.com\/usperenchies\/#website","url":"https:\/\/ma-boutique-club.com\/usperenchies\/","name":"US P\u00e9renchies","description":"Ma Boutique Club","publisher":{"@id":"https:\/\/ma-boutique-club.com\/usperenchies\/#organization"},"potentialAction":[{"@type":"SearchAction","target":{"@type":"EntryPoint","urlTemplate":"https:\/\/ma-boutique-club.com\/usperenchies\/?s={search_term_string}"},"query-input":"required name=search_term_string"}],"inLanguage":"fr-FR"},{"@type":"Organization","@id":"https:\/\/ma-boutique-club.com\/usperenchies\/#organization","name":"US P\u00e9renchies","url":"https:\/\/ma-boutique-club.com\/usperenchies\/","logo":{"@type":"ImageObject","inLanguage":"fr-FR","@id":"https:\/\/ma-boutique-club.com\/usperenchies\/#\/schema\/logo\/image\/","url":"https:\/\/ma-boutique-club.com\/usperenchies\/wp-content\/uploads\/sites\/108\/2025\/08\/cropped-cropped-298411963_765134077950431_1854109682985377077_n.png","contentUrl":"https:\/\/ma-boutique-club.com\/usperenchies\/wp-content\/uploads\/sites\/108\/2025\/08\/cropped-cropped-298411963_765134077950431_1854109682985377077_n.png","width":512,"height":512,"caption":"US P\u00e9renchies"},"image":{"@id":"https:\/\/ma-boutique-club.com\/usperenchies\/#\/schema\/logo\/image\/"}}]}},"uagb_featured_image_src":{"full":["https:\/\/ma-boutique-club.com\/usperenchies\/wp-content\/uploads\/sites\/108\/2026\/04\/JZ2501-_-JZ2521-_-IB7817.png",800,800,false],"thumbnail":["https:\/\/ma-boutique-club.com\/usperenchies\/wp-content\/uploads\/sites\/108\/2026\/04\/JZ2501-_-JZ2521-_-IB7817-150x150.png",150,150,true],"medium":["https:\/\/ma-boutique-club.com\/usperenchies\/wp-content\/uploads\/sites\/108\/2026\/04\/JZ2501-_-JZ2521-_-IB7817-300x300.png",300,300,true],"medium_large":["https:\/\/ma-boutique-club.com\/usperenchies\/wp-content\/uploads\/sites\/108\/2026\/04\/JZ2501-_-JZ2521-_-IB7817-768x768.png",768,768,true],"large":["https:\/\/ma-boutique-club.com\/usperenchies\/wp-content\/uploads\/sites\/108\/2026\/04\/JZ2501-_-JZ2521-_-IB7817.png",800,800,false],"1536x1536":["https:\/\/ma-boutique-club.com\/usperenchies\/wp-content\/uploads\/sites\/108\/2026\/04\/JZ2501-_-JZ2521-_-IB7817.png",800,800,false],"2048x2048":["https:\/\/ma-boutique-club.com\/usperenchies\/wp-content\/uploads\/sites\/108\/2026\/04\/JZ2501-_-JZ2521-_-IB7817.png",800,800,false],"woocommerce_thumbnail":["https:\/\/ma-boutique-club.com\/usperenchies\/wp-content\/uploads\/sites\/108\/2026\/04\/JZ2501-_-JZ2521-_-IB7817-300x300.png",300,300,true],"woocommerce_single":["https:\/\/ma-boutique-club.com\/usperenchies\/wp-content\/uploads\/sites\/108\/2026\/04\/JZ2501-_-JZ2521-_-IB7817-600x600.png",600,600,true],"woocommerce_gallery_thumbnail":["https:\/\/ma-boutique-club.com\/usperenchies\/wp-content\/uploads\/sites\/108\/2026\/04\/JZ2501-_-JZ2521-_-IB7817-100x100.png",100,100,true]},"uagb_author_info":{"display_name":"Taff \/ MBC","author_link":"https:\/\/ma-boutique-club.com\/usperenchies\/?author=0"},"uagb_comment_info":0,"uagb_excerpt":"Maillot Polyester Entrada26 Rouge Short Polyester Entrada26 Noir Chaussettes Milano23 Rouge","_links":{"self":[{"href":"https:\/\/ma-boutique-club.com\/usperenchies\/index.php?rest_route=\/wp\/v2\/product\/613"}],"collection":[{"href":"https:\/\/ma-boutique-club.com\/usperenchies\/index.php?rest_route=\/wp\/v2\/product"}],"about":[{"href":"https:\/\/ma-boutique-club.com\/usperenchies\/index.php?rest_route=\/wp\/v2\/types\/product"}],"wp:featuredmedia":[{"embeddable":true,"href":"https:\/\/ma-boutique-club.com\/usperenchies\/index.php?rest_route=\/wp\/v2\/media\/612"}],"wp:attachment":[{"href":"https:\/\/ma-boutique-club.com\/usperenchies\/index.php?rest_route=%2Fwp%2Fv2%2Fmedia&parent=613"}],"wp:term":[{"taxonomy":"product_cat","embeddable":true,"href":"https:\/\/ma-boutique-club.com\/usperenchies\/index.php?rest_route=%2Fwp%2Fv2%2Fproduct_cat&post=613"},{"taxonomy":"product_tag","embeddable":true,"href":"https:\/\/ma-boutique-club.com\/usperenchies\/index.php?rest_route=%2Fwp%2Fv2%2Fproduct_tag&post=613"}],"curies":[{"name":"wp","href":"https:\/\/api.w.org\/{rel}","templated":true}]}}