{"id":329,"date":"2025-07-23T16:23:55","date_gmt":"2025-07-23T14:23:55","guid":{"rendered":"https:\/\/ma-boutique-club.com\/usperenchies\/?post_type=product&#038;p=329"},"modified":"2025-09-17T14:56:46","modified_gmt":"2025-09-17T12:56:46","slug":"pantalon-gaston-enfant","status":"publish","type":"product","link":"https:\/\/ma-boutique-club.com\/usperenchies\/?product=pantalon-gaston-enfant","title":{"rendered":"Polo Popo"},"content":{"rendered":"<div class=\"elementor-element elementor-element-a82cc28 elementor-widget elementor-widget-woocommerce-product-short-description\" data-id=\"a82cc28\" data-element_type=\"widget\" data-widget_type=\"woocommerce-product-short-description.default\">\n<div class=\"elementor-widget-container\">\n<div class=\"woocommerce-product-details__short-description\">\n<p>Polo confectionn\u00e9e en French Terry avec partie sup\u00e9rieure chin\u00e9e. Mati\u00e8re apportant souplesse et confort. Col avec 3 boutons de fermeture. Finitions manches et col en bords-c\u00f4tes. Bande de propret\u00e9 \u00e0 l\u2019int\u00e9rieur du col. Logos print\u00e9s 3D avant et arri\u00e8re. Composition 65% coton 35% polyester.<\/p>\n<\/div>\n<\/div>\n<\/div>\n<div class=\"elementor-element elementor-element-4a59860 elementor-widget elementor-widget-shortcode\" data-id=\"4a59860\" data-element_type=\"widget\" data-widget_type=\"shortcode.default\">\n<div class=\"elementor-widget-container\">\n<div class=\"elementor-shortcode\"><\/div>\n<\/div>\n<\/div>\n","protected":false},"excerpt":{"rendered":"<div class=\"elementor-element elementor-element-90d0e20 e-n-tabs-mobile elementor-widget elementor-widget-n-tabs\" data-id=\"90d0e20\" data-element_type=\"widget\" data-settings=\"{&quot;tabs_justify_horizontal&quot;:&quot;start&quot;,&quot;horizontal_scroll&quot;:&quot;disable&quot;}\" data-widget_type=\"nested-tabs.default\">\n<div class=\"elementor-widget-container\">\n<div class=\"e-n-tabs e-activated\" data-widget-number=\"151850528\" aria-label=\"Onglets. Ouvrez des \u00e9l\u00e9ments avec Entrer ou Espace, fermez-les avec Echape et naviguez \u00e0 l'aide des touches fl\u00e9ch\u00e9es.\" data-touch-mode=\"false\">\n<div class=\"e-n-tabs-content\">\n<div id=\"e-n-tab-content-1518505281\" class=\"elementor-element elementor-element-66a554e e-con-full e-flex e-con e-child e-active\" role=\"tabpanel\" aria-labelledby=\"e-n-tab-title-1518505281\" data-tab-index=\"1\" data-id=\"66a554e\" data-element_type=\"container\" data-settings=\"{&quot;jet_parallax_layout_list&quot;:[]}\">\n<div class=\"elementor-element elementor-element-86b99d7 elementor-widget elementor-widget-woocommerce-product-content\" data-id=\"86b99d7\" data-element_type=\"widget\" data-widget_type=\"woocommerce-product-content.default\">\n<div class=\"elementor-widget-container\">\n<div class=\"elementor-element elementor-element-a82cc28 elementor-widget elementor-widget-woocommerce-product-short-description\" data-id=\"a82cc28\" data-element_type=\"widget\" data-widget_type=\"woocommerce-product-short-description.default\">\n<div class=\"elementor-widget-container\">\n<div class=\"woocommerce-product-details__short-description\">\n<p>\u2022 Polo confectionn\u00e9 en French Terry, apportant souplesse et confort \u2022 Empi\u00e8cements chin\u00e9 colori contrast\u00e9 \u2022 Col avec fermeture 3 boutons \u2022 Finitions des manches et du col en bords-c\u00f4tes \u2022 Bande de propret\u00e9 int\u00e9rieur du col \u2022 Logos print\u00e9s 3D \u2022 Composition 65% coton 35% polyester.<\/p>\n<\/div>\n<\/div>\n<\/div>\n<\/div>\n<\/div>\n<\/div>\n<\/div>\n<\/div>\n<\/div>\n<\/div>\n","protected":false},"featured_media":416,"template":"","meta":{"_uag_custom_page_level_css":"","site-sidebar-layout":"default","site-content-layout":"","ast-site-content-layout":"default","site-content-style":"default","site-sidebar-style":"default","ast-global-header-display":"","ast-banner-title-visibility":"","ast-main-header-display":"","ast-hfb-above-header-display":"","ast-hfb-below-header-display":"","ast-hfb-mobile-header-display":"","site-post-title":"","ast-breadcrumbs-content":"","ast-featured-img":"","footer-sml-layout":"","theme-transparent-header-meta":"default","adv-header-id-meta":"","stick-header-meta":"","header-above-stick-meta":"","header-main-stick-meta":"","header-below-stick-meta":"","astra-migrate-meta-layouts":"set","ast-page-background-enabled":"default","ast-page-background-meta":{"desktop":{"background-color":"var(--ast-global-color-5)","background-image":"","background-repeat":"repeat","background-position":"center center","background-size":"auto","background-attachment":"scroll","background-type":"","background-media":"","overlay-type":"","overlay-color":"","overlay-opacity":"","overlay-gradient":""},"tablet":{"background-color":"","background-image":"","background-repeat":"repeat","background-position":"center center","background-size":"auto","background-attachment":"scroll","background-type":"","background-media":"","overlay-type":"","overlay-color":"","overlay-opacity":"","overlay-gradient":""},"mobile":{"background-color":"","background-image":"","background-repeat":"repeat","background-position":"center center","background-size":"auto","background-attachment":"scroll","background-type":"","background-media":"","overlay-type":"","overlay-color":"","overlay-opacity":"","overlay-gradient":""}},"ast-content-background-meta":{"desktop":{"background-color":"var(--ast-global-color-4)","background-image":"","background-repeat":"repeat","background-position":"center center","background-size":"auto","background-attachment":"scroll","background-type":"","background-media":"","overlay-type":"","overlay-color":"","overlay-opacity":"","overlay-gradient":""},"tablet":{"background-color":"var(--ast-global-color-4)","background-image":"","background-repeat":"repeat","background-position":"center center","background-size":"auto","background-attachment":"scroll","background-type":"","background-media":"","overlay-type":"","overlay-color":"","overlay-opacity":"","overlay-gradient":""},"mobile":{"background-color":"var(--ast-global-color-4)","background-image":"","background-repeat":"repeat","background-position":"center center","background-size":"auto","background-attachment":"scroll","background-type":"","background-media":"","overlay-type":"","overlay-color":"","overlay-opacity":"","overlay-gradient":""}}},"product_cat":[41],"product_tag":[76],"yoast_head":"<!-- This site is optimized with the Yoast SEO plugin v21.5 - https:\/\/yoast.com\/wordpress\/plugins\/seo\/ -->\n<title>Polo Popo - US P\u00e9renchies<\/title>\n<meta name=\"robots\" content=\"index, follow, max-snippet:-1, max-image-preview:large, max-video-preview:-1\" \/>\n<link rel=\"canonical\" href=\"https:\/\/ma-boutique-club.com\/usperenchies\/?product=pantalon-gaston-enfant\" \/>\n<meta property=\"og:locale\" content=\"fr_FR\" \/>\n<meta property=\"og:type\" content=\"article\" \/>\n<meta property=\"og:title\" content=\"Polo Popo - US P\u00e9renchies\" \/>\n<meta property=\"og:description\" content=\"\u2022 Polo confectionn\u00e9 en French Terry, apportant souplesse et confort \u2022 Empi\u00e8cements chin\u00e9 colori contrast\u00e9 \u2022 Col avec fermeture 3 boutons \u2022 Finitions des manches et du col en bords-c\u00f4tes \u2022 Bande de propret\u00e9 int\u00e9rieur du col \u2022 Logos print\u00e9s 3D \u2022 Composition 65% coton 35% polyester.\" \/>\n<meta property=\"og:url\" content=\"https:\/\/ma-boutique-club.com\/usperenchies\/?product=pantalon-gaston-enfant\" \/>\n<meta property=\"og:site_name\" content=\"US P\u00e9renchies\" \/>\n<meta property=\"article:modified_time\" content=\"2025-09-17T12:56:46+00:00\" \/>\n<meta property=\"og:image\" content=\"https:\/\/ma-boutique-club.com\/usperenchies\/wp-content\/uploads\/sites\/108\/2025\/07\/PO010-B-face.png\" \/>\n\t<meta property=\"og:image:width\" content=\"800\" \/>\n\t<meta property=\"og:image:height\" content=\"800\" \/>\n\t<meta property=\"og:image:type\" content=\"image\/png\" \/>\n<meta name=\"twitter:card\" content=\"summary_large_image\" \/>\n<meta name=\"twitter:label1\" content=\"Dur\u00e9e de lecture estim\u00e9e\" \/>\n\t<meta name=\"twitter:data1\" content=\"1 minute\" \/>\n<script type=\"application\/ld+json\" class=\"yoast-schema-graph\">{\"@context\":\"https:\/\/schema.org\",\"@graph\":[{\"@type\":\"WebPage\",\"@id\":\"https:\/\/ma-boutique-club.com\/usperenchies\/?product=pantalon-gaston-enfant\",\"url\":\"https:\/\/ma-boutique-club.com\/usperenchies\/?product=pantalon-gaston-enfant\",\"name\":\"Polo Popo - US P\u00e9renchies\",\"isPartOf\":{\"@id\":\"https:\/\/ma-boutique-club.com\/usperenchies\/#website\"},\"datePublished\":\"2025-07-23T14:23:55+00:00\",\"dateModified\":\"2025-09-17T12:56:46+00:00\",\"breadcrumb\":{\"@id\":\"https:\/\/ma-boutique-club.com\/usperenchies\/?product=pantalon-gaston-enfant#breadcrumb\"},\"inLanguage\":\"fr-FR\",\"potentialAction\":[{\"@type\":\"ReadAction\",\"target\":[\"https:\/\/ma-boutique-club.com\/usperenchies\/?product=pantalon-gaston-enfant\"]}]},{\"@type\":\"BreadcrumbList\",\"@id\":\"https:\/\/ma-boutique-club.com\/usperenchies\/?product=pantalon-gaston-enfant#breadcrumb\",\"itemListElement\":[{\"@type\":\"ListItem\",\"position\":1,\"name\":\"Accueil\",\"item\":\"https:\/\/ma-boutique-club.com\/usperenchies\/\"},{\"@type\":\"ListItem\",\"position\":2,\"name\":\"Boutique\",\"item\":\"https:\/\/ma-boutique-club.com\/usperenchies\/\"},{\"@type\":\"ListItem\",\"position\":3,\"name\":\"Polo Popo\"}]},{\"@type\":\"WebSite\",\"@id\":\"https:\/\/ma-boutique-club.com\/usperenchies\/#website\",\"url\":\"https:\/\/ma-boutique-club.com\/usperenchies\/\",\"name\":\"US P\u00e9renchies\",\"description\":\"Ma Boutique Club\",\"publisher\":{\"@id\":\"https:\/\/ma-boutique-club.com\/usperenchies\/#organization\"},\"potentialAction\":[{\"@type\":\"SearchAction\",\"target\":{\"@type\":\"EntryPoint\",\"urlTemplate\":\"https:\/\/ma-boutique-club.com\/usperenchies\/?s={search_term_string}\"},\"query-input\":\"required name=search_term_string\"}],\"inLanguage\":\"fr-FR\"},{\"@type\":\"Organization\",\"@id\":\"https:\/\/ma-boutique-club.com\/usperenchies\/#organization\",\"name\":\"US P\u00e9renchies\",\"url\":\"https:\/\/ma-boutique-club.com\/usperenchies\/\",\"logo\":{\"@type\":\"ImageObject\",\"inLanguage\":\"fr-FR\",\"@id\":\"https:\/\/ma-boutique-club.com\/usperenchies\/#\/schema\/logo\/image\/\",\"url\":\"https:\/\/ma-boutique-club.com\/usperenchies\/wp-content\/uploads\/sites\/108\/2025\/08\/cropped-cropped-298411963_765134077950431_1854109682985377077_n.png\",\"contentUrl\":\"https:\/\/ma-boutique-club.com\/usperenchies\/wp-content\/uploads\/sites\/108\/2025\/08\/cropped-cropped-298411963_765134077950431_1854109682985377077_n.png\",\"width\":512,\"height\":512,\"caption\":\"US P\u00e9renchies\"},\"image\":{\"@id\":\"https:\/\/ma-boutique-club.com\/usperenchies\/#\/schema\/logo\/image\/\"}}]}<\/script>\n<!-- \/ Yoast SEO plugin. -->","yoast_head_json":{"title":"Polo Popo - US P\u00e9renchies","robots":{"index":"index","follow":"follow","max-snippet":"max-snippet:-1","max-image-preview":"max-image-preview:large","max-video-preview":"max-video-preview:-1"},"canonical":"https:\/\/ma-boutique-club.com\/usperenchies\/?product=pantalon-gaston-enfant","og_locale":"fr_FR","og_type":"article","og_title":"Polo Popo - US P\u00e9renchies","og_description":"\u2022 Polo confectionn\u00e9 en French Terry, apportant souplesse et confort \u2022 Empi\u00e8cements chin\u00e9 colori contrast\u00e9 \u2022 Col avec fermeture 3 boutons \u2022 Finitions des manches et du col en bords-c\u00f4tes \u2022 Bande de propret\u00e9 int\u00e9rieur du col \u2022 Logos print\u00e9s 3D \u2022 Composition 65% coton 35% polyester.","og_url":"https:\/\/ma-boutique-club.com\/usperenchies\/?product=pantalon-gaston-enfant","og_site_name":"US P\u00e9renchies","article_modified_time":"2025-09-17T12:56:46+00:00","og_image":[{"width":800,"height":800,"url":"https:\/\/ma-boutique-club.com\/usperenchies\/wp-content\/uploads\/sites\/108\/2025\/07\/PO010-B-face.png","type":"image\/png"}],"twitter_card":"summary_large_image","twitter_misc":{"Dur\u00e9e de lecture estim\u00e9e":"1 minute"},"schema":{"@context":"https:\/\/schema.org","@graph":[{"@type":"WebPage","@id":"https:\/\/ma-boutique-club.com\/usperenchies\/?product=pantalon-gaston-enfant","url":"https:\/\/ma-boutique-club.com\/usperenchies\/?product=pantalon-gaston-enfant","name":"Polo Popo - US P\u00e9renchies","isPartOf":{"@id":"https:\/\/ma-boutique-club.com\/usperenchies\/#website"},"datePublished":"2025-07-23T14:23:55+00:00","dateModified":"2025-09-17T12:56:46+00:00","breadcrumb":{"@id":"https:\/\/ma-boutique-club.com\/usperenchies\/?product=pantalon-gaston-enfant#breadcrumb"},"inLanguage":"fr-FR","potentialAction":[{"@type":"ReadAction","target":["https:\/\/ma-boutique-club.com\/usperenchies\/?product=pantalon-gaston-enfant"]}]},{"@type":"BreadcrumbList","@id":"https:\/\/ma-boutique-club.com\/usperenchies\/?product=pantalon-gaston-enfant#breadcrumb","itemListElement":[{"@type":"ListItem","position":1,"name":"Accueil","item":"https:\/\/ma-boutique-club.com\/usperenchies\/"},{"@type":"ListItem","position":2,"name":"Boutique","item":"https:\/\/ma-boutique-club.com\/usperenchies\/"},{"@type":"ListItem","position":3,"name":"Polo Popo"}]},{"@type":"WebSite","@id":"https:\/\/ma-boutique-club.com\/usperenchies\/#website","url":"https:\/\/ma-boutique-club.com\/usperenchies\/","name":"US P\u00e9renchies","description":"Ma Boutique Club","publisher":{"@id":"https:\/\/ma-boutique-club.com\/usperenchies\/#organization"},"potentialAction":[{"@type":"SearchAction","target":{"@type":"EntryPoint","urlTemplate":"https:\/\/ma-boutique-club.com\/usperenchies\/?s={search_term_string}"},"query-input":"required name=search_term_string"}],"inLanguage":"fr-FR"},{"@type":"Organization","@id":"https:\/\/ma-boutique-club.com\/usperenchies\/#organization","name":"US P\u00e9renchies","url":"https:\/\/ma-boutique-club.com\/usperenchies\/","logo":{"@type":"ImageObject","inLanguage":"fr-FR","@id":"https:\/\/ma-boutique-club.com\/usperenchies\/#\/schema\/logo\/image\/","url":"https:\/\/ma-boutique-club.com\/usperenchies\/wp-content\/uploads\/sites\/108\/2025\/08\/cropped-cropped-298411963_765134077950431_1854109682985377077_n.png","contentUrl":"https:\/\/ma-boutique-club.com\/usperenchies\/wp-content\/uploads\/sites\/108\/2025\/08\/cropped-cropped-298411963_765134077950431_1854109682985377077_n.png","width":512,"height":512,"caption":"US P\u00e9renchies"},"image":{"@id":"https:\/\/ma-boutique-club.com\/usperenchies\/#\/schema\/logo\/image\/"}}]}},"uagb_featured_image_src":{"full":["https:\/\/ma-boutique-club.com\/usperenchies\/wp-content\/uploads\/sites\/108\/2025\/07\/PO010-B-face.png",800,800,false],"thumbnail":["https:\/\/ma-boutique-club.com\/usperenchies\/wp-content\/uploads\/sites\/108\/2025\/07\/PO010-B-face-150x150.png",150,150,true],"medium":["https:\/\/ma-boutique-club.com\/usperenchies\/wp-content\/uploads\/sites\/108\/2025\/07\/PO010-B-face-300x300.png",300,300,true],"medium_large":["https:\/\/ma-boutique-club.com\/usperenchies\/wp-content\/uploads\/sites\/108\/2025\/07\/PO010-B-face-768x768.png",768,768,true],"large":["https:\/\/ma-boutique-club.com\/usperenchies\/wp-content\/uploads\/sites\/108\/2025\/07\/PO010-B-face.png",800,800,false],"1536x1536":["https:\/\/ma-boutique-club.com\/usperenchies\/wp-content\/uploads\/sites\/108\/2025\/07\/PO010-B-face.png",800,800,false],"2048x2048":["https:\/\/ma-boutique-club.com\/usperenchies\/wp-content\/uploads\/sites\/108\/2025\/07\/PO010-B-face.png",800,800,false],"woocommerce_thumbnail":["https:\/\/ma-boutique-club.com\/usperenchies\/wp-content\/uploads\/sites\/108\/2025\/07\/PO010-B-face-300x300.png",300,300,true],"woocommerce_single":["https:\/\/ma-boutique-club.com\/usperenchies\/wp-content\/uploads\/sites\/108\/2025\/07\/PO010-B-face-600x600.png",600,600,true],"woocommerce_gallery_thumbnail":["https:\/\/ma-boutique-club.com\/usperenchies\/wp-content\/uploads\/sites\/108\/2025\/07\/PO010-B-face-100x100.png",100,100,true]},"uagb_author_info":{"display_name":"Taff \/ MBC","author_link":"https:\/\/ma-boutique-club.com\/usperenchies\/?author=0"},"uagb_comment_info":0,"uagb_excerpt":"\u2022 Polo confectionn\u00e9 en French Terry, apportant souplesse et confort \u2022 Empi\u00e8cements chin\u00e9 colori contrast\u00e9 \u2022 Col avec fermeture 3 boutons \u2022 Finitions des manches et du col en bords-c\u00f4tes \u2022 Bande de propret\u00e9 int\u00e9rieur du col \u2022 Logos print\u00e9s 3D \u2022 Composition 65% coton 35% polyester.","_links":{"self":[{"href":"https:\/\/ma-boutique-club.com\/usperenchies\/index.php?rest_route=\/wp\/v2\/product\/329"}],"collection":[{"href":"https:\/\/ma-boutique-club.com\/usperenchies\/index.php?rest_route=\/wp\/v2\/product"}],"about":[{"href":"https:\/\/ma-boutique-club.com\/usperenchies\/index.php?rest_route=\/wp\/v2\/types\/product"}],"wp:featuredmedia":[{"embeddable":true,"href":"https:\/\/ma-boutique-club.com\/usperenchies\/index.php?rest_route=\/wp\/v2\/media\/416"}],"wp:attachment":[{"href":"https:\/\/ma-boutique-club.com\/usperenchies\/index.php?rest_route=%2Fwp%2Fv2%2Fmedia&parent=329"}],"wp:term":[{"taxonomy":"product_cat","embeddable":true,"href":"https:\/\/ma-boutique-club.com\/usperenchies\/index.php?rest_route=%2Fwp%2Fv2%2Fproduct_cat&post=329"},{"taxonomy":"product_tag","embeddable":true,"href":"https:\/\/ma-boutique-club.com\/usperenchies\/index.php?rest_route=%2Fwp%2Fv2%2Fproduct_tag&post=329"}],"curies":[{"name":"wp","href":"https:\/\/api.w.org\/{rel}","templated":true}]}}