{"id":286,"date":"2025-07-23T15:29:26","date_gmt":"2025-07-23T13:29:26","guid":{"rendered":"https:\/\/ma-boutique-club.com\/usperenchies\/?post_type=product&#038;p=286"},"modified":"2025-09-17T15:10:53","modified_gmt":"2025-09-17T13:10:53","slug":"maillot-loreto-enfant","status":"publish","type":"product","link":"https:\/\/ma-boutique-club.com\/usperenchies\/?product=maillot-loreto-enfant","title":{"rendered":"Maillot Fensif"},"content":{"rendered":"<p>Maillot bi mati\u00e8re avec empi\u00e8cement sublim\u00e9 sur la partie avant et empi\u00e8cements mesh sous les bras pour une respirabilit\u00e9 maximale lors de l\u2019effort. Finition du col et des bouts de manches en bords-c\u00f4tes. D\u00e9tail tricolore dans le col et bande de propret\u00e9 \u00e0 l\u2019int\u00e9rieur du col. Logo Eldera brod\u00e9. Composition 100% polyester.<\/p>\n","protected":false},"excerpt":{"rendered":"<p>\u2022 Maillot bi mati\u00e8re avec empi\u00e8cement sublim\u00e9 et tissu mesh ultra respirant \u2022 Col et bout de manches en bords-c\u00f4tes \u2022 D\u00e9tail tricolore col et bande de propret\u00e9 int\u00e9rieure \u2022 Logo brod\u00e9 \u2022 Composition 100% polyester.<\/p>\n","protected":false},"featured_media":429,"template":"","meta":{"_uag_custom_page_level_css":"","site-sidebar-layout":"default","site-content-layout":"","ast-site-content-layout":"default","site-content-style":"default","site-sidebar-style":"default","ast-global-header-display":"","ast-banner-title-visibility":"","ast-main-header-display":"","ast-hfb-above-header-display":"","ast-hfb-below-header-display":"","ast-hfb-mobile-header-display":"","site-post-title":"","ast-breadcrumbs-content":"","ast-featured-img":"","footer-sml-layout":"","theme-transparent-header-meta":"default","adv-header-id-meta":"","stick-header-meta":"","header-above-stick-meta":"","header-main-stick-meta":"","header-below-stick-meta":"","astra-migrate-meta-layouts":"set","ast-page-background-enabled":"default","ast-page-background-meta":{"desktop":{"background-color":"var(--ast-global-color-5)","background-image":"","background-repeat":"repeat","background-position":"center center","background-size":"auto","background-attachment":"scroll","background-type":"","background-media":"","overlay-type":"","overlay-color":"","overlay-opacity":"","overlay-gradient":""},"tablet":{"background-color":"","background-image":"","background-repeat":"repeat","background-position":"center center","background-size":"auto","background-attachment":"scroll","background-type":"","background-media":"","overlay-type":"","overlay-color":"","overlay-opacity":"","overlay-gradient":""},"mobile":{"background-color":"","background-image":"","background-repeat":"repeat","background-position":"center center","background-size":"auto","background-attachment":"scroll","background-type":"","background-media":"","overlay-type":"","overlay-color":"","overlay-opacity":"","overlay-gradient":""}},"ast-content-background-meta":{"desktop":{"background-color":"var(--ast-global-color-4)","background-image":"","background-repeat":"repeat","background-position":"center center","background-size":"auto","background-attachment":"scroll","background-type":"","background-media":"","overlay-type":"","overlay-color":"","overlay-opacity":"","overlay-gradient":""},"tablet":{"background-color":"var(--ast-global-color-4)","background-image":"","background-repeat":"repeat","background-position":"center center","background-size":"auto","background-attachment":"scroll","background-type":"","background-media":"","overlay-type":"","overlay-color":"","overlay-opacity":"","overlay-gradient":""},"mobile":{"background-color":"var(--ast-global-color-4)","background-image":"","background-repeat":"repeat","background-position":"center center","background-size":"auto","background-attachment":"scroll","background-type":"","background-media":"","overlay-type":"","overlay-color":"","overlay-opacity":"","overlay-gradient":""}}},"product_cat":[41],"product_tag":[24],"yoast_head":"<!-- This site is optimized with the Yoast SEO plugin v21.5 - https:\/\/yoast.com\/wordpress\/plugins\/seo\/ -->\n<title>Maillot Fensif - US P\u00e9renchies<\/title>\n<meta name=\"robots\" content=\"index, follow, max-snippet:-1, max-image-preview:large, max-video-preview:-1\" \/>\n<link rel=\"canonical\" href=\"https:\/\/ma-boutique-club.com\/usperenchies\/?product=maillot-loreto-enfant\" \/>\n<meta property=\"og:locale\" content=\"fr_FR\" \/>\n<meta property=\"og:type\" content=\"article\" \/>\n<meta property=\"og:title\" content=\"Maillot Fensif - US P\u00e9renchies\" \/>\n<meta property=\"og:description\" content=\"\u2022 Maillot bi mati\u00e8re avec empi\u00e8cement sublim\u00e9 et tissu mesh ultra respirant \u2022 Col et bout de manches en bords-c\u00f4tes \u2022 D\u00e9tail tricolore col et bande de propret\u00e9 int\u00e9rieure \u2022 Logo brod\u00e9 \u2022 Composition 100% polyester.\" \/>\n<meta property=\"og:url\" content=\"https:\/\/ma-boutique-club.com\/usperenchies\/?product=maillot-loreto-enfant\" \/>\n<meta property=\"og:site_name\" content=\"US P\u00e9renchies\" \/>\n<meta property=\"article:modified_time\" content=\"2025-09-17T13:10:53+00:00\" \/>\n<meta property=\"og:image\" content=\"https:\/\/ma-boutique-club.com\/usperenchies\/wp-content\/uploads\/sites\/108\/2025\/07\/MAMCFEN-R-face.png\" \/>\n\t<meta property=\"og:image:width\" content=\"800\" \/>\n\t<meta property=\"og:image:height\" content=\"800\" \/>\n\t<meta property=\"og:image:type\" content=\"image\/png\" \/>\n<meta name=\"twitter:card\" content=\"summary_large_image\" \/>\n<meta name=\"twitter:label1\" content=\"Dur\u00e9e de lecture estim\u00e9e\" \/>\n\t<meta name=\"twitter:data1\" content=\"1 minute\" \/>\n<script type=\"application\/ld+json\" class=\"yoast-schema-graph\">{\"@context\":\"https:\/\/schema.org\",\"@graph\":[{\"@type\":\"WebPage\",\"@id\":\"https:\/\/ma-boutique-club.com\/usperenchies\/?product=maillot-loreto-enfant\",\"url\":\"https:\/\/ma-boutique-club.com\/usperenchies\/?product=maillot-loreto-enfant\",\"name\":\"Maillot Fensif - US P\u00e9renchies\",\"isPartOf\":{\"@id\":\"https:\/\/ma-boutique-club.com\/usperenchies\/#website\"},\"datePublished\":\"2025-07-23T13:29:26+00:00\",\"dateModified\":\"2025-09-17T13:10:53+00:00\",\"breadcrumb\":{\"@id\":\"https:\/\/ma-boutique-club.com\/usperenchies\/?product=maillot-loreto-enfant#breadcrumb\"},\"inLanguage\":\"fr-FR\",\"potentialAction\":[{\"@type\":\"ReadAction\",\"target\":[\"https:\/\/ma-boutique-club.com\/usperenchies\/?product=maillot-loreto-enfant\"]}]},{\"@type\":\"BreadcrumbList\",\"@id\":\"https:\/\/ma-boutique-club.com\/usperenchies\/?product=maillot-loreto-enfant#breadcrumb\",\"itemListElement\":[{\"@type\":\"ListItem\",\"position\":1,\"name\":\"Accueil\",\"item\":\"https:\/\/ma-boutique-club.com\/usperenchies\/\"},{\"@type\":\"ListItem\",\"position\":2,\"name\":\"Boutique\",\"item\":\"https:\/\/ma-boutique-club.com\/usperenchies\/\"},{\"@type\":\"ListItem\",\"position\":3,\"name\":\"Maillot Fensif\"}]},{\"@type\":\"WebSite\",\"@id\":\"https:\/\/ma-boutique-club.com\/usperenchies\/#website\",\"url\":\"https:\/\/ma-boutique-club.com\/usperenchies\/\",\"name\":\"US P\u00e9renchies\",\"description\":\"Ma Boutique Club\",\"publisher\":{\"@id\":\"https:\/\/ma-boutique-club.com\/usperenchies\/#organization\"},\"potentialAction\":[{\"@type\":\"SearchAction\",\"target\":{\"@type\":\"EntryPoint\",\"urlTemplate\":\"https:\/\/ma-boutique-club.com\/usperenchies\/?s={search_term_string}\"},\"query-input\":\"required name=search_term_string\"}],\"inLanguage\":\"fr-FR\"},{\"@type\":\"Organization\",\"@id\":\"https:\/\/ma-boutique-club.com\/usperenchies\/#organization\",\"name\":\"US P\u00e9renchies\",\"url\":\"https:\/\/ma-boutique-club.com\/usperenchies\/\",\"logo\":{\"@type\":\"ImageObject\",\"inLanguage\":\"fr-FR\",\"@id\":\"https:\/\/ma-boutique-club.com\/usperenchies\/#\/schema\/logo\/image\/\",\"url\":\"https:\/\/ma-boutique-club.com\/usperenchies\/wp-content\/uploads\/sites\/108\/2025\/08\/cropped-cropped-298411963_765134077950431_1854109682985377077_n.png\",\"contentUrl\":\"https:\/\/ma-boutique-club.com\/usperenchies\/wp-content\/uploads\/sites\/108\/2025\/08\/cropped-cropped-298411963_765134077950431_1854109682985377077_n.png\",\"width\":512,\"height\":512,\"caption\":\"US P\u00e9renchies\"},\"image\":{\"@id\":\"https:\/\/ma-boutique-club.com\/usperenchies\/#\/schema\/logo\/image\/\"}}]}<\/script>\n<!-- \/ Yoast SEO plugin. -->","yoast_head_json":{"title":"Maillot Fensif - US P\u00e9renchies","robots":{"index":"index","follow":"follow","max-snippet":"max-snippet:-1","max-image-preview":"max-image-preview:large","max-video-preview":"max-video-preview:-1"},"canonical":"https:\/\/ma-boutique-club.com\/usperenchies\/?product=maillot-loreto-enfant","og_locale":"fr_FR","og_type":"article","og_title":"Maillot Fensif - US P\u00e9renchies","og_description":"\u2022 Maillot bi mati\u00e8re avec empi\u00e8cement sublim\u00e9 et tissu mesh ultra respirant \u2022 Col et bout de manches en bords-c\u00f4tes \u2022 D\u00e9tail tricolore col et bande de propret\u00e9 int\u00e9rieure \u2022 Logo brod\u00e9 \u2022 Composition 100% polyester.","og_url":"https:\/\/ma-boutique-club.com\/usperenchies\/?product=maillot-loreto-enfant","og_site_name":"US P\u00e9renchies","article_modified_time":"2025-09-17T13:10:53+00:00","og_image":[{"width":800,"height":800,"url":"https:\/\/ma-boutique-club.com\/usperenchies\/wp-content\/uploads\/sites\/108\/2025\/07\/MAMCFEN-R-face.png","type":"image\/png"}],"twitter_card":"summary_large_image","twitter_misc":{"Dur\u00e9e de lecture estim\u00e9e":"1 minute"},"schema":{"@context":"https:\/\/schema.org","@graph":[{"@type":"WebPage","@id":"https:\/\/ma-boutique-club.com\/usperenchies\/?product=maillot-loreto-enfant","url":"https:\/\/ma-boutique-club.com\/usperenchies\/?product=maillot-loreto-enfant","name":"Maillot Fensif - US P\u00e9renchies","isPartOf":{"@id":"https:\/\/ma-boutique-club.com\/usperenchies\/#website"},"datePublished":"2025-07-23T13:29:26+00:00","dateModified":"2025-09-17T13:10:53+00:00","breadcrumb":{"@id":"https:\/\/ma-boutique-club.com\/usperenchies\/?product=maillot-loreto-enfant#breadcrumb"},"inLanguage":"fr-FR","potentialAction":[{"@type":"ReadAction","target":["https:\/\/ma-boutique-club.com\/usperenchies\/?product=maillot-loreto-enfant"]}]},{"@type":"BreadcrumbList","@id":"https:\/\/ma-boutique-club.com\/usperenchies\/?product=maillot-loreto-enfant#breadcrumb","itemListElement":[{"@type":"ListItem","position":1,"name":"Accueil","item":"https:\/\/ma-boutique-club.com\/usperenchies\/"},{"@type":"ListItem","position":2,"name":"Boutique","item":"https:\/\/ma-boutique-club.com\/usperenchies\/"},{"@type":"ListItem","position":3,"name":"Maillot Fensif"}]},{"@type":"WebSite","@id":"https:\/\/ma-boutique-club.com\/usperenchies\/#website","url":"https:\/\/ma-boutique-club.com\/usperenchies\/","name":"US P\u00e9renchies","description":"Ma Boutique Club","publisher":{"@id":"https:\/\/ma-boutique-club.com\/usperenchies\/#organization"},"potentialAction":[{"@type":"SearchAction","target":{"@type":"EntryPoint","urlTemplate":"https:\/\/ma-boutique-club.com\/usperenchies\/?s={search_term_string}"},"query-input":"required name=search_term_string"}],"inLanguage":"fr-FR"},{"@type":"Organization","@id":"https:\/\/ma-boutique-club.com\/usperenchies\/#organization","name":"US P\u00e9renchies","url":"https:\/\/ma-boutique-club.com\/usperenchies\/","logo":{"@type":"ImageObject","inLanguage":"fr-FR","@id":"https:\/\/ma-boutique-club.com\/usperenchies\/#\/schema\/logo\/image\/","url":"https:\/\/ma-boutique-club.com\/usperenchies\/wp-content\/uploads\/sites\/108\/2025\/08\/cropped-cropped-298411963_765134077950431_1854109682985377077_n.png","contentUrl":"https:\/\/ma-boutique-club.com\/usperenchies\/wp-content\/uploads\/sites\/108\/2025\/08\/cropped-cropped-298411963_765134077950431_1854109682985377077_n.png","width":512,"height":512,"caption":"US P\u00e9renchies"},"image":{"@id":"https:\/\/ma-boutique-club.com\/usperenchies\/#\/schema\/logo\/image\/"}}]}},"uagb_featured_image_src":{"full":["https:\/\/ma-boutique-club.com\/usperenchies\/wp-content\/uploads\/sites\/108\/2025\/07\/MAMCFEN-R-face.png",800,800,false],"thumbnail":["https:\/\/ma-boutique-club.com\/usperenchies\/wp-content\/uploads\/sites\/108\/2025\/07\/MAMCFEN-R-face-150x150.png",150,150,true],"medium":["https:\/\/ma-boutique-club.com\/usperenchies\/wp-content\/uploads\/sites\/108\/2025\/07\/MAMCFEN-R-face-300x300.png",300,300,true],"medium_large":["https:\/\/ma-boutique-club.com\/usperenchies\/wp-content\/uploads\/sites\/108\/2025\/07\/MAMCFEN-R-face-768x768.png",768,768,true],"large":["https:\/\/ma-boutique-club.com\/usperenchies\/wp-content\/uploads\/sites\/108\/2025\/07\/MAMCFEN-R-face.png",800,800,false],"1536x1536":["https:\/\/ma-boutique-club.com\/usperenchies\/wp-content\/uploads\/sites\/108\/2025\/07\/MAMCFEN-R-face.png",800,800,false],"2048x2048":["https:\/\/ma-boutique-club.com\/usperenchies\/wp-content\/uploads\/sites\/108\/2025\/07\/MAMCFEN-R-face.png",800,800,false],"woocommerce_thumbnail":["https:\/\/ma-boutique-club.com\/usperenchies\/wp-content\/uploads\/sites\/108\/2025\/07\/MAMCFEN-R-face-300x300.png",300,300,true],"woocommerce_single":["https:\/\/ma-boutique-club.com\/usperenchies\/wp-content\/uploads\/sites\/108\/2025\/07\/MAMCFEN-R-face-600x600.png",600,600,true],"woocommerce_gallery_thumbnail":["https:\/\/ma-boutique-club.com\/usperenchies\/wp-content\/uploads\/sites\/108\/2025\/07\/MAMCFEN-R-face-100x100.png",100,100,true]},"uagb_author_info":{"display_name":"Taff \/ MBC","author_link":"https:\/\/ma-boutique-club.com\/usperenchies\/?author=0"},"uagb_comment_info":0,"uagb_excerpt":"\u2022 Maillot bi mati\u00e8re avec empi\u00e8cement sublim\u00e9 et tissu mesh ultra respirant \u2022 Col et bout de manches en bords-c\u00f4tes \u2022 D\u00e9tail tricolore col et bande de propret\u00e9 int\u00e9rieure \u2022 Logo brod\u00e9 \u2022 Composition 100% polyester.","_links":{"self":[{"href":"https:\/\/ma-boutique-club.com\/usperenchies\/index.php?rest_route=\/wp\/v2\/product\/286"}],"collection":[{"href":"https:\/\/ma-boutique-club.com\/usperenchies\/index.php?rest_route=\/wp\/v2\/product"}],"about":[{"href":"https:\/\/ma-boutique-club.com\/usperenchies\/index.php?rest_route=\/wp\/v2\/types\/product"}],"wp:featuredmedia":[{"embeddable":true,"href":"https:\/\/ma-boutique-club.com\/usperenchies\/index.php?rest_route=\/wp\/v2\/media\/429"}],"wp:attachment":[{"href":"https:\/\/ma-boutique-club.com\/usperenchies\/index.php?rest_route=%2Fwp%2Fv2%2Fmedia&parent=286"}],"wp:term":[{"taxonomy":"product_cat","embeddable":true,"href":"https:\/\/ma-boutique-club.com\/usperenchies\/index.php?rest_route=%2Fwp%2Fv2%2Fproduct_cat&post=286"},{"taxonomy":"product_tag","embeddable":true,"href":"https:\/\/ma-boutique-club.com\/usperenchies\/index.php?rest_route=%2Fwp%2Fv2%2Fproduct_tag&post=286"}],"curies":[{"name":"wp","href":"https:\/\/api.w.org\/{rel}","templated":true}]}}