{"id":1910,"date":"2022-09-20T16:25:01","date_gmt":"2022-09-20T14:25:01","guid":{"rendered":"http:\/\/ma-boutique-club.com\/maintenance-page\/"},"modified":"2022-10-26T12:08:48","modified_gmt":"2022-10-26T10:08:48","slug":"maintenance-page","status":"publish","type":"page","link":"https:\/\/ma-boutique-club.com\/usautan\/","title":{"rendered":"MBC en maintenance"},"content":{"rendered":"\n<div id=\"wp-block-themeisle-blocks-advanced-columns-0d617423\" class=\"wp-block-themeisle-blocks-advanced-columns alignfull has-1-columns has-desktop-equal-layout has-tablet-equal-layout has-mobile-equal-layout has-vertical-center\"><div class=\"wp-block-themeisle-blocks-advanced-columns-overlay\"><\/div><div class=\"innerblocks-wrap\">\n<div id=\"wp-block-themeisle-blocks-advanced-column-09847c7b\" class=\"wp-block-themeisle-blocks-advanced-column\">\n<figure class=\"wp-block-image aligncenter size-medium ticss-3f08ab9a\"><img loading=\"lazy\" decoding=\"async\" width=\"300\" height=\"300\" src=\"http:\/\/ma-boutique-club.com\/wp-content\/uploads\/2022\/09\/logo-mbc-black-blason-fond-transp-300x300.png\" alt=\"\" class=\"wp-image-1915\" srcset=\"https:\/\/ma-boutique-club.com\/usautan\/wp-content\/uploads\/sites\/67\/2022\/09\/logo-mbc-black-blason-fond-transp-300x300.png 300w, https:\/\/ma-boutique-club.com\/usautan\/wp-content\/uploads\/sites\/67\/2022\/09\/logo-mbc-black-blason-fond-transp-1024x1024.png 1024w, https:\/\/ma-boutique-club.com\/usautan\/wp-content\/uploads\/sites\/67\/2022\/09\/logo-mbc-black-blason-fond-transp-150x150.png 150w, https:\/\/ma-boutique-club.com\/usautan\/wp-content\/uploads\/sites\/67\/2022\/09\/logo-mbc-black-blason-fond-transp-768x768.png 768w, https:\/\/ma-boutique-club.com\/usautan\/wp-content\/uploads\/sites\/67\/2022\/09\/logo-mbc-black-blason-fond-transp-600x600.png 600w, https:\/\/ma-boutique-club.com\/usautan\/wp-content\/uploads\/sites\/67\/2022\/09\/logo-mbc-black-blason-fond-transp-100x100.png 100w, https:\/\/ma-boutique-club.com\/usautan\/wp-content\/uploads\/sites\/67\/2022\/09\/logo-mbc-black-blason-fond-transp.png 1367w\" sizes=\"(max-width: 300px) 100vw, 300px\" \/><\/figure>\n\n\n\n<h1 id=\"wp-block-themeisle-blocks-advanced-heading-84bfa495\" class=\"wp-block-themeisle-blocks-advanced-heading wp-block-themeisle-blocks-advanced-heading-84bfa495\">Nos sites sont en maintenance<\/h1>\n\n\n\n<p id=\"wp-block-themeisle-blocks-advanced-heading-4956a7c6\" class=\"wp-block-themeisle-blocks-advanced-heading wp-block-themeisle-blocks-advanced-heading-4956a7c6\">Nous faisons quelques mises \u00e0 jour de s\u00e9curit\u00e9 sur nos sites et devons les mettre hors ligne quelques jours. Merci pour votre compr\u00e9hension !<\/p>\n\n\n\n<ul class=\"wp-block-social-links has-large-icon-size has-icon-color is-style-logos-only is-content-justification-center is-layout-flex wp-container-core-social-links-layout-1 wp-block-social-links-is-layout-flex\"><li style=\"color: #282525; \" class=\"wp-social-link wp-social-link-facebook  wp-block-social-link\"><a rel=\" noopener nofollow\" target=\"_blank\" href=\"https:\/\/www.facebook.com\/maboutiqueclubcom\" class=\"wp-block-social-link-anchor\"><svg width=\"24\" height=\"24\" viewBox=\"0 0 24 24\" version=\"1.1\" xmlns=\"http:\/\/www.w3.org\/2000\/svg\" aria-hidden=\"true\" focusable=\"false\"><path d=\"M12 2C6.5 2 2 6.5 2 12c0 5 3.7 9.1 8.4 9.9v-7H7.9V12h2.5V9.8c0-2.5 1.5-3.9 3.8-3.9 1.1 0 2.2.2 2.2.2v2.5h-1.3c-1.2 0-1.6.8-1.6 1.6V12h2.8l-.4 2.9h-2.3v7C18.3 21.1 22 17 22 12c0-5.5-4.5-10-10-10z\"><\/path><\/svg><span class=\"wp-block-social-link-label screen-reader-text\">Facebook<\/span><\/a><\/li>\n\n<li style=\"color: #282525; \" class=\"wp-social-link wp-social-link-instagram  wp-block-social-link\"><a rel=\" noopener nofollow\" target=\"_blank\" href=\"https:\/\/www.instagram.com\/ma_boutique_club\/?hl=fr\" class=\"wp-block-social-link-anchor\"><svg width=\"24\" height=\"24\" viewBox=\"0 0 24 24\" version=\"1.1\" xmlns=\"http:\/\/www.w3.org\/2000\/svg\" aria-hidden=\"true\" focusable=\"false\"><path d=\"M12,4.622c2.403,0,2.688,0.009,3.637,0.052c0.877,0.04,1.354,0.187,1.671,0.31c0.42,0.163,0.72,0.358,1.035,0.673 c0.315,0.315,0.51,0.615,0.673,1.035c0.123,0.317,0.27,0.794,0.31,1.671c0.043,0.949,0.052,1.234,0.052,3.637 s-0.009,2.688-0.052,3.637c-0.04,0.877-0.187,1.354-0.31,1.671c-0.163,0.42-0.358,0.72-0.673,1.035 c-0.315,0.315-0.615,0.51-1.035,0.673c-0.317,0.123-0.794,0.27-1.671,0.31c-0.949,0.043-1.233,0.052-3.637,0.052 s-2.688-0.009-3.637-0.052c-0.877-0.04-1.354-0.187-1.671-0.31c-0.42-0.163-0.72-0.358-1.035-0.673 c-0.315-0.315-0.51-0.615-0.673-1.035c-0.123-0.317-0.27-0.794-0.31-1.671C4.631,14.688,4.622,14.403,4.622,12 s0.009-2.688,0.052-3.637c0.04-0.877,0.187-1.354,0.31-1.671c0.163-0.42,0.358-0.72,0.673-1.035 c0.315-0.315,0.615-0.51,1.035-0.673c0.317-0.123,0.794-0.27,1.671-0.31C9.312,4.631,9.597,4.622,12,4.622 M12,3 C9.556,3,9.249,3.01,8.289,3.054C7.331,3.098,6.677,3.25,6.105,3.472C5.513,3.702,5.011,4.01,4.511,4.511 c-0.5,0.5-0.808,1.002-1.038,1.594C3.25,6.677,3.098,7.331,3.054,8.289C3.01,9.249,3,9.556,3,12c0,2.444,0.01,2.751,0.054,3.711 c0.044,0.958,0.196,1.612,0.418,2.185c0.23,0.592,0.538,1.094,1.038,1.594c0.5,0.5,1.002,0.808,1.594,1.038 c0.572,0.222,1.227,0.375,2.185,0.418C9.249,20.99,9.556,21,12,21s2.751-0.01,3.711-0.054c0.958-0.044,1.612-0.196,2.185-0.418 c0.592-0.23,1.094-0.538,1.594-1.038c0.5-0.5,0.808-1.002,1.038-1.594c0.222-0.572,0.375-1.227,0.418-2.185 C20.99,14.751,21,14.444,21,12s-0.01-2.751-0.054-3.711c-0.044-0.958-0.196-1.612-0.418-2.185c-0.23-0.592-0.538-1.094-1.038-1.594 c-0.5-0.5-1.002-0.808-1.594-1.038c-0.572-0.222-1.227-0.375-2.185-0.418C14.751,3.01,14.444,3,12,3L12,3z M12,7.378 c-2.552,0-4.622,2.069-4.622,4.622S9.448,16.622,12,16.622s4.622-2.069,4.622-4.622S14.552,7.378,12,7.378z M12,15 c-1.657,0-3-1.343-3-3s1.343-3,3-3s3,1.343,3,3S13.657,15,12,15z M16.804,6.116c-0.596,0-1.08,0.484-1.08,1.08 s0.484,1.08,1.08,1.08c0.596,0,1.08-0.484,1.08-1.08S17.401,6.116,16.804,6.116z\"><\/path><\/svg><span class=\"wp-block-social-link-label screen-reader-text\">Instagram<\/span><\/a><\/li><\/ul>\n<\/div>\n<\/div><\/div>\n","protected":false},"excerpt":{"rendered":"","protected":false},"author":1,"featured_media":0,"parent":0,"menu_order":0,"comment_status":"closed","ping_status":"closed","template":"templates\/wpmm-page-template.php","meta":{"_acf_changed":false,"_uag_custom_page_level_css":"","site-sidebar-layout":"default","site-content-layout":"","ast-site-content-layout":"default","site-content-style":"default","site-sidebar-style":"default","ast-global-header-display":"","ast-banner-title-visibility":"","ast-main-header-display":"","ast-hfb-above-header-display":"","ast-hfb-below-header-display":"","ast-hfb-mobile-header-display":"","site-post-title":"","ast-breadcrumbs-content":"","ast-featured-img":"","footer-sml-layout":"","theme-transparent-header-meta":"","adv-header-id-meta":"","stick-header-meta":"","header-above-stick-meta":"","header-main-stick-meta":"","header-below-stick-meta":"","astra-migrate-meta-layouts":"default","ast-page-background-enabled":"default","ast-page-background-meta":{"desktop":{"background-color":"var(--ast-global-color-4)","background-image":"","background-repeat":"repeat","background-position":"center center","background-size":"auto","background-attachment":"scroll","background-type":"","background-media":"","overlay-type":"","overlay-color":"","overlay-opacity":"","overlay-gradient":""},"tablet":{"background-color":"","background-image":"","background-repeat":"repeat","background-position":"center center","background-size":"auto","background-attachment":"scroll","background-type":"","background-media":"","overlay-type":"","overlay-color":"","overlay-opacity":"","overlay-gradient":""},"mobile":{"background-color":"","background-image":"","background-repeat":"repeat","background-position":"center center","background-size":"auto","background-attachment":"scroll","background-type":"","background-media":"","overlay-type":"","overlay-color":"","overlay-opacity":"","overlay-gradient":""}},"ast-content-background-meta":{"desktop":{"background-color":"var(--ast-global-color-5)","background-image":"","background-repeat":"repeat","background-position":"center center","background-size":"auto","background-attachment":"scroll","background-type":"","background-media":"","overlay-type":"","overlay-color":"","overlay-opacity":"","overlay-gradient":""},"tablet":{"background-color":"var(--ast-global-color-5)","background-image":"","background-repeat":"repeat","background-position":"center center","background-size":"auto","background-attachment":"scroll","background-type":"","background-media":"","overlay-type":"","overlay-color":"","overlay-opacity":"","overlay-gradient":""},"mobile":{"background-color":"var(--ast-global-color-5)","background-image":"","background-repeat":"repeat","background-position":"center center","background-size":"auto","background-attachment":"scroll","background-type":"","background-media":"","overlay-type":"","overlay-color":"","overlay-opacity":"","overlay-gradient":""}},"footnotes":""},"yoast_head":"<!-- This site is optimized with the Yoast SEO plugin v21.5 - https:\/\/yoast.com\/wordpress\/plugins\/seo\/ -->\n<title>MBC en maintenance - US Autan<\/title>\n<meta name=\"robots\" content=\"index, follow, max-snippet:-1, max-image-preview:large, max-video-preview:-1\" \/>\n<link rel=\"canonical\" href=\"https:\/\/ma-boutique-club.com\/usautan\/maintenance-page\/\" \/>\n<meta property=\"og:locale\" content=\"fr_FR\" \/>\n<meta property=\"og:type\" content=\"article\" \/>\n<meta property=\"og:title\" content=\"MBC en maintenance - US Autan\" \/>\n<meta property=\"og:url\" content=\"https:\/\/ma-boutique-club.com\/usautan\/maintenance-page\/\" \/>\n<meta property=\"og:site_name\" content=\"US Autan\" \/>\n<meta property=\"article:publisher\" content=\"https:\/\/www.facebook.com\/USAutanofficiel\/?locale=fr_FR\" \/>\n<meta property=\"article:modified_time\" content=\"2022-10-26T10:08:48+00:00\" \/>\n<meta property=\"og:image\" content=\"http:\/\/ma-boutique-club.com\/wp-content\/uploads\/2022\/09\/logo-mbc-black-blason-fond-transp-300x300.png\" \/>\n<meta name=\"twitter:card\" content=\"summary_large_image\" \/>\n<script type=\"application\/ld+json\" class=\"yoast-schema-graph\">{\"@context\":\"https:\/\/schema.org\",\"@graph\":[{\"@type\":\"WebPage\",\"@id\":\"https:\/\/ma-boutique-club.com\/usautan\/maintenance-page\/\",\"url\":\"https:\/\/ma-boutique-club.com\/usautan\/maintenance-page\/\",\"name\":\"MBC en maintenance - US Autan\",\"isPartOf\":{\"@id\":\"https:\/\/ma-boutique-club.com\/usautan\/#website\"},\"datePublished\":\"2022-09-20T14:25:01+00:00\",\"dateModified\":\"2022-10-26T10:08:48+00:00\",\"breadcrumb\":{\"@id\":\"https:\/\/ma-boutique-club.com\/usautan\/maintenance-page\/#breadcrumb\"},\"inLanguage\":\"fr-FR\",\"potentialAction\":[{\"@type\":\"ReadAction\",\"target\":[\"https:\/\/ma-boutique-club.com\/usautan\/maintenance-page\/\"]}]},{\"@type\":\"BreadcrumbList\",\"@id\":\"https:\/\/ma-boutique-club.com\/usautan\/maintenance-page\/#breadcrumb\",\"itemListElement\":[{\"@type\":\"ListItem\",\"position\":1,\"name\":\"Accueil\",\"item\":\"https:\/\/ma-boutique-club.com\/usautan\/maintenance-page\/\"},{\"@type\":\"ListItem\",\"position\":2,\"name\":\"MBC en maintenance\"}]},{\"@type\":\"WebSite\",\"@id\":\"https:\/\/ma-boutique-club.com\/usautan\/#website\",\"url\":\"https:\/\/ma-boutique-club.com\/usautan\/\",\"name\":\"US Autan\",\"description\":\"Ma Boutique Club\",\"publisher\":{\"@id\":\"https:\/\/ma-boutique-club.com\/usautan\/#organization\"},\"potentialAction\":[{\"@type\":\"SearchAction\",\"target\":{\"@type\":\"EntryPoint\",\"urlTemplate\":\"https:\/\/ma-boutique-club.com\/usautan\/?s={search_term_string}\"},\"query-input\":\"required name=search_term_string\"}],\"inLanguage\":\"fr-FR\"},{\"@type\":\"Organization\",\"@id\":\"https:\/\/ma-boutique-club.com\/usautan\/#organization\",\"name\":\"US Autan\",\"url\":\"https:\/\/ma-boutique-club.com\/usautan\/\",\"logo\":{\"@type\":\"ImageObject\",\"inLanguage\":\"fr-FR\",\"@id\":\"https:\/\/ma-boutique-club.com\/usautan\/#\/schema\/logo\/image\/\",\"url\":\"https:\/\/ma-boutique-club.com\/usautan\/wp-content\/uploads\/sites\/67\/2022\/10\/cropped-LOGO-US-AUTAN-1.png\",\"contentUrl\":\"https:\/\/ma-boutique-club.com\/usautan\/wp-content\/uploads\/sites\/67\/2022\/10\/cropped-LOGO-US-AUTAN-1.png\",\"width\":493,\"height\":493,\"caption\":\"US Autan\"},\"image\":{\"@id\":\"https:\/\/ma-boutique-club.com\/usautan\/#\/schema\/logo\/image\/\"},\"sameAs\":[\"https:\/\/www.facebook.com\/USAutanofficiel\/?locale=fr_FR\"]}]}<\/script>\n<!-- \/ Yoast SEO plugin. -->","yoast_head_json":{"title":"MBC en maintenance - US Autan","robots":{"index":"index","follow":"follow","max-snippet":"max-snippet:-1","max-image-preview":"max-image-preview:large","max-video-preview":"max-video-preview:-1"},"canonical":"https:\/\/ma-boutique-club.com\/usautan\/maintenance-page\/","og_locale":"fr_FR","og_type":"article","og_title":"MBC en maintenance - US Autan","og_url":"https:\/\/ma-boutique-club.com\/usautan\/maintenance-page\/","og_site_name":"US Autan","article_publisher":"https:\/\/www.facebook.com\/USAutanofficiel\/?locale=fr_FR","article_modified_time":"2022-10-26T10:08:48+00:00","og_image":[{"url":"http:\/\/ma-boutique-club.com\/wp-content\/uploads\/2022\/09\/logo-mbc-black-blason-fond-transp-300x300.png"}],"twitter_card":"summary_large_image","schema":{"@context":"https:\/\/schema.org","@graph":[{"@type":"WebPage","@id":"https:\/\/ma-boutique-club.com\/usautan\/maintenance-page\/","url":"https:\/\/ma-boutique-club.com\/usautan\/maintenance-page\/","name":"MBC en maintenance - US Autan","isPartOf":{"@id":"https:\/\/ma-boutique-club.com\/usautan\/#website"},"datePublished":"2022-09-20T14:25:01+00:00","dateModified":"2022-10-26T10:08:48+00:00","breadcrumb":{"@id":"https:\/\/ma-boutique-club.com\/usautan\/maintenance-page\/#breadcrumb"},"inLanguage":"fr-FR","potentialAction":[{"@type":"ReadAction","target":["https:\/\/ma-boutique-club.com\/usautan\/maintenance-page\/"]}]},{"@type":"BreadcrumbList","@id":"https:\/\/ma-boutique-club.com\/usautan\/maintenance-page\/#breadcrumb","itemListElement":[{"@type":"ListItem","position":1,"name":"Accueil","item":"https:\/\/ma-boutique-club.com\/usautan\/maintenance-page\/"},{"@type":"ListItem","position":2,"name":"MBC en maintenance"}]},{"@type":"WebSite","@id":"https:\/\/ma-boutique-club.com\/usautan\/#website","url":"https:\/\/ma-boutique-club.com\/usautan\/","name":"US Autan","description":"Ma Boutique Club","publisher":{"@id":"https:\/\/ma-boutique-club.com\/usautan\/#organization"},"potentialAction":[{"@type":"SearchAction","target":{"@type":"EntryPoint","urlTemplate":"https:\/\/ma-boutique-club.com\/usautan\/?s={search_term_string}"},"query-input":"required name=search_term_string"}],"inLanguage":"fr-FR"},{"@type":"Organization","@id":"https:\/\/ma-boutique-club.com\/usautan\/#organization","name":"US Autan","url":"https:\/\/ma-boutique-club.com\/usautan\/","logo":{"@type":"ImageObject","inLanguage":"fr-FR","@id":"https:\/\/ma-boutique-club.com\/usautan\/#\/schema\/logo\/image\/","url":"https:\/\/ma-boutique-club.com\/usautan\/wp-content\/uploads\/sites\/67\/2022\/10\/cropped-LOGO-US-AUTAN-1.png","contentUrl":"https:\/\/ma-boutique-club.com\/usautan\/wp-content\/uploads\/sites\/67\/2022\/10\/cropped-LOGO-US-AUTAN-1.png","width":493,"height":493,"caption":"US Autan"},"image":{"@id":"https:\/\/ma-boutique-club.com\/usautan\/#\/schema\/logo\/image\/"},"sameAs":["https:\/\/www.facebook.com\/USAutanofficiel\/?locale=fr_FR"]}]}},"acf":[],"uagb_featured_image_src":{"full":false,"thumbnail":false,"medium":false,"medium_large":false,"large":false,"1536x1536":false,"2048x2048":false,"woocommerce_thumbnail":false,"woocommerce_single":false,"woocommerce_gallery_thumbnail":false},"uagb_author_info":{"display_name":"MAXIME WILLEM","author_link":"https:\/\/ma-boutique-club.com\/usautan\/blog\/author\/theo-mbc\/"},"uagb_comment_info":0,"uagb_excerpt":null,"_links":{"self":[{"href":"https:\/\/ma-boutique-club.com\/usautan\/wp-json\/wp\/v2\/pages\/1910"}],"collection":[{"href":"https:\/\/ma-boutique-club.com\/usautan\/wp-json\/wp\/v2\/pages"}],"about":[{"href":"https:\/\/ma-boutique-club.com\/usautan\/wp-json\/wp\/v2\/types\/page"}],"author":[{"embeddable":true,"href":"https:\/\/ma-boutique-club.com\/usautan\/wp-json\/wp\/v2\/users\/1"}],"replies":[{"embeddable":true,"href":"https:\/\/ma-boutique-club.com\/usautan\/wp-json\/wp\/v2\/comments?post=1910"}],"version-history":[{"count":7,"href":"https:\/\/ma-boutique-club.com\/usautan\/wp-json\/wp\/v2\/pages\/1910\/revisions"}],"predecessor-version":[{"id":2009,"href":"https:\/\/ma-boutique-club.com\/usautan\/wp-json\/wp\/v2\/pages\/1910\/revisions\/2009"}],"wp:attachment":[{"href":"https:\/\/ma-boutique-club.com\/usautan\/wp-json\/wp\/v2\/media?parent=1910"}],"curies":[{"name":"wp","href":"https:\/\/api.w.org\/{rel}","templated":true}]}}