{"id":189,"date":"2025-06-11T16:53:27","date_gmt":"2025-06-11T14:53:27","guid":{"rendered":"https:\/\/ma-boutique-club.com\/stadeportelois\/?post_type=product&#038;p=189"},"modified":"2025-06-11T17:30:04","modified_gmt":"2025-06-11T15:30:04","slug":"tour-de-cou-gars","status":"publish","type":"product","link":"https:\/\/ma-boutique-club.com\/stadeportelois\/?product=tour-de-cou-gars","title":{"rendered":"Tour de cou Gars"},"content":{"rendered":"<p>Tour de cou double utilisation. Peut se transformer en bonnet gr\u00e2ce \u00e0 l\u2019\u00e9lastique sur la partie sup\u00e9rieure. Id\u00e9al pour les activit\u00e9s sportives ext\u00e9rieures. Int\u00e9rieur doubl\u00e9 en polaire pour un confort total lors du contact avec la peau. Composition 100% polyester.<\/p>\n","protected":false},"excerpt":{"rendered":"<p>\u2022 Tour de cou double utilisation, transformable en bonnet \u2022 \u00c9lastique de serrage sup\u00e9rieur \u2022 Int\u00e9rieur doubl\u00e9 polaire \u2022 Composition 100% polyester.<\/p>\n","protected":false},"featured_media":191,"template":"","meta":{"_uag_custom_page_level_css":"","site-sidebar-layout":"default","site-content-layout":"","ast-site-content-layout":"default","site-content-style":"default","site-sidebar-style":"default","ast-global-header-display":"","ast-banner-title-visibility":"","ast-main-header-display":"","ast-hfb-above-header-display":"","ast-hfb-below-header-display":"","ast-hfb-mobile-header-display":"","site-post-title":"","ast-breadcrumbs-content":"","ast-featured-img":"","footer-sml-layout":"","theme-transparent-header-meta":"default","adv-header-id-meta":"","stick-header-meta":"","header-above-stick-meta":"","header-main-stick-meta":"","header-below-stick-meta":"","astra-migrate-meta-layouts":"set","ast-page-background-enabled":"default","ast-page-background-meta":{"desktop":{"background-color":"var(--ast-global-color-5)","background-image":"","background-repeat":"repeat","background-position":"center center","background-size":"auto","background-attachment":"scroll","background-type":"","background-media":"","overlay-type":"","overlay-color":"","overlay-opacity":"","overlay-gradient":""},"tablet":{"background-color":"","background-image":"","background-repeat":"repeat","background-position":"center center","background-size":"auto","background-attachment":"scroll","background-type":"","background-media":"","overlay-type":"","overlay-color":"","overlay-opacity":"","overlay-gradient":""},"mobile":{"background-color":"","background-image":"","background-repeat":"repeat","background-position":"center center","background-size":"auto","background-attachment":"scroll","background-type":"","background-media":"","overlay-type":"","overlay-color":"","overlay-opacity":"","overlay-gradient":""}},"ast-content-background-meta":{"desktop":{"background-color":"var(--ast-global-color-4)","background-image":"","background-repeat":"repeat","background-position":"center center","background-size":"auto","background-attachment":"scroll","background-type":"","background-media":"","overlay-type":"","overlay-color":"","overlay-opacity":"","overlay-gradient":""},"tablet":{"background-color":"var(--ast-global-color-4)","background-image":"","background-repeat":"repeat","background-position":"center center","background-size":"auto","background-attachment":"scroll","background-type":"","background-media":"","overlay-type":"","overlay-color":"","overlay-opacity":"","overlay-gradient":""},"mobile":{"background-color":"var(--ast-global-color-4)","background-image":"","background-repeat":"repeat","background-position":"center center","background-size":"auto","background-attachment":"scroll","background-type":"","background-media":"","overlay-type":"","overlay-color":"","overlay-opacity":"","overlay-gradient":""}}},"product_cat":[42,41],"product_tag":[57,56,58],"yoast_head":"<!-- This site is optimized with the Yoast SEO plugin v21.5 - https:\/\/yoast.com\/wordpress\/plugins\/seo\/ -->\n<title>Tour de cou Gars - Stade Portelois<\/title>\n<meta name=\"robots\" content=\"index, follow, max-snippet:-1, max-image-preview:large, max-video-preview:-1\" \/>\n<link rel=\"canonical\" href=\"https:\/\/ma-boutique-club.com\/stadeportelois\/produit\/tour-de-cou-gars\/\" \/>\n<meta property=\"og:locale\" content=\"fr_FR\" \/>\n<meta property=\"og:type\" content=\"article\" \/>\n<meta property=\"og:title\" content=\"Tour de cou Gars - Stade Portelois\" \/>\n<meta property=\"og:description\" content=\"\u2022 Tour de cou double utilisation, transformable en bonnet \u2022 \u00c9lastique de serrage sup\u00e9rieur \u2022 Int\u00e9rieur doubl\u00e9 polaire \u2022 Composition 100% polyester.\" \/>\n<meta property=\"og:url\" content=\"https:\/\/ma-boutique-club.com\/stadeportelois\/produit\/tour-de-cou-gars\/\" \/>\n<meta property=\"og:site_name\" content=\"Stade Portelois\" \/>\n<meta property=\"article:modified_time\" content=\"2025-06-11T15:30:04+00:00\" \/>\n<meta property=\"og:image\" content=\"https:\/\/ma-boutique-club.com\/stadeportelois\/wp-content\/uploads\/sites\/104\/2025\/06\/AC009-M.png\" \/>\n\t<meta property=\"og:image:width\" content=\"800\" \/>\n\t<meta property=\"og:image:height\" content=\"800\" \/>\n\t<meta property=\"og:image:type\" content=\"image\/png\" \/>\n<meta name=\"twitter:card\" content=\"summary_large_image\" \/>\n<meta name=\"twitter:label1\" content=\"Dur\u00e9e de lecture estim\u00e9e\" \/>\n\t<meta name=\"twitter:data1\" content=\"1 minute\" \/>\n<script type=\"application\/ld+json\" class=\"yoast-schema-graph\">{\"@context\":\"https:\/\/schema.org\",\"@graph\":[{\"@type\":\"WebPage\",\"@id\":\"https:\/\/ma-boutique-club.com\/stadeportelois\/produit\/tour-de-cou-gars\/\",\"url\":\"https:\/\/ma-boutique-club.com\/stadeportelois\/produit\/tour-de-cou-gars\/\",\"name\":\"Tour de cou Gars - Stade Portelois\",\"isPartOf\":{\"@id\":\"https:\/\/ma-boutique-club.com\/stadeportelois\/#website\"},\"datePublished\":\"2025-06-11T14:53:27+00:00\",\"dateModified\":\"2025-06-11T15:30:04+00:00\",\"breadcrumb\":{\"@id\":\"https:\/\/ma-boutique-club.com\/stadeportelois\/produit\/tour-de-cou-gars\/#breadcrumb\"},\"inLanguage\":\"fr-FR\",\"potentialAction\":[{\"@type\":\"ReadAction\",\"target\":[\"https:\/\/ma-boutique-club.com\/stadeportelois\/produit\/tour-de-cou-gars\/\"]}]},{\"@type\":\"BreadcrumbList\",\"@id\":\"https:\/\/ma-boutique-club.com\/stadeportelois\/produit\/tour-de-cou-gars\/#breadcrumb\",\"itemListElement\":[{\"@type\":\"ListItem\",\"position\":1,\"name\":\"Accueil\",\"item\":\"https:\/\/ma-boutique-club.com\/stadeportelois\/\"},{\"@type\":\"ListItem\",\"position\":2,\"name\":\"Boutique\",\"item\":\"https:\/\/ma-boutique-club.com\/stadeportelois\/\"},{\"@type\":\"ListItem\",\"position\":3,\"name\":\"Tour de cou Gars\"}]},{\"@type\":\"WebSite\",\"@id\":\"https:\/\/ma-boutique-club.com\/stadeportelois\/#website\",\"url\":\"https:\/\/ma-boutique-club.com\/stadeportelois\/\",\"name\":\"Stade Portelois\",\"description\":\"Ma Boutique Club\",\"publisher\":{\"@id\":\"https:\/\/ma-boutique-club.com\/stadeportelois\/#organization\"},\"potentialAction\":[{\"@type\":\"SearchAction\",\"target\":{\"@type\":\"EntryPoint\",\"urlTemplate\":\"https:\/\/ma-boutique-club.com\/stadeportelois\/?s={search_term_string}\"},\"query-input\":\"required name=search_term_string\"}],\"inLanguage\":\"fr-FR\"},{\"@type\":\"Organization\",\"@id\":\"https:\/\/ma-boutique-club.com\/stadeportelois\/#organization\",\"name\":\"Stade Portelois\",\"url\":\"https:\/\/ma-boutique-club.com\/stadeportelois\/\",\"logo\":{\"@type\":\"ImageObject\",\"inLanguage\":\"fr-FR\",\"@id\":\"https:\/\/ma-boutique-club.com\/stadeportelois\/#\/schema\/logo\/image\/\",\"url\":\"https:\/\/ma-boutique-club.com\/stadeportelois\/wp-content\/uploads\/sites\/104\/2025\/06\/cropped-stade-portelois-8d570d592c2d44cb8825e9f698237ad8.png\",\"contentUrl\":\"https:\/\/ma-boutique-club.com\/stadeportelois\/wp-content\/uploads\/sites\/104\/2025\/06\/cropped-stade-portelois-8d570d592c2d44cb8825e9f698237ad8.png\",\"width\":998,\"height\":1064,\"caption\":\"Stade Portelois\"},\"image\":{\"@id\":\"https:\/\/ma-boutique-club.com\/stadeportelois\/#\/schema\/logo\/image\/\"}}]}<\/script>\n<!-- \/ Yoast SEO plugin. -->","yoast_head_json":{"title":"Tour de cou Gars - Stade Portelois","robots":{"index":"index","follow":"follow","max-snippet":"max-snippet:-1","max-image-preview":"max-image-preview:large","max-video-preview":"max-video-preview:-1"},"canonical":"https:\/\/ma-boutique-club.com\/stadeportelois\/produit\/tour-de-cou-gars\/","og_locale":"fr_FR","og_type":"article","og_title":"Tour de cou Gars - Stade Portelois","og_description":"\u2022 Tour de cou double utilisation, transformable en bonnet \u2022 \u00c9lastique de serrage sup\u00e9rieur \u2022 Int\u00e9rieur doubl\u00e9 polaire \u2022 Composition 100% polyester.","og_url":"https:\/\/ma-boutique-club.com\/stadeportelois\/produit\/tour-de-cou-gars\/","og_site_name":"Stade Portelois","article_modified_time":"2025-06-11T15:30:04+00:00","og_image":[{"width":800,"height":800,"url":"https:\/\/ma-boutique-club.com\/stadeportelois\/wp-content\/uploads\/sites\/104\/2025\/06\/AC009-M.png","type":"image\/png"}],"twitter_card":"summary_large_image","twitter_misc":{"Dur\u00e9e de lecture estim\u00e9e":"1 minute"},"schema":{"@context":"https:\/\/schema.org","@graph":[{"@type":"WebPage","@id":"https:\/\/ma-boutique-club.com\/stadeportelois\/produit\/tour-de-cou-gars\/","url":"https:\/\/ma-boutique-club.com\/stadeportelois\/produit\/tour-de-cou-gars\/","name":"Tour de cou Gars - Stade Portelois","isPartOf":{"@id":"https:\/\/ma-boutique-club.com\/stadeportelois\/#website"},"datePublished":"2025-06-11T14:53:27+00:00","dateModified":"2025-06-11T15:30:04+00:00","breadcrumb":{"@id":"https:\/\/ma-boutique-club.com\/stadeportelois\/produit\/tour-de-cou-gars\/#breadcrumb"},"inLanguage":"fr-FR","potentialAction":[{"@type":"ReadAction","target":["https:\/\/ma-boutique-club.com\/stadeportelois\/produit\/tour-de-cou-gars\/"]}]},{"@type":"BreadcrumbList","@id":"https:\/\/ma-boutique-club.com\/stadeportelois\/produit\/tour-de-cou-gars\/#breadcrumb","itemListElement":[{"@type":"ListItem","position":1,"name":"Accueil","item":"https:\/\/ma-boutique-club.com\/stadeportelois\/"},{"@type":"ListItem","position":2,"name":"Boutique","item":"https:\/\/ma-boutique-club.com\/stadeportelois\/"},{"@type":"ListItem","position":3,"name":"Tour de cou Gars"}]},{"@type":"WebSite","@id":"https:\/\/ma-boutique-club.com\/stadeportelois\/#website","url":"https:\/\/ma-boutique-club.com\/stadeportelois\/","name":"Stade Portelois","description":"Ma Boutique Club","publisher":{"@id":"https:\/\/ma-boutique-club.com\/stadeportelois\/#organization"},"potentialAction":[{"@type":"SearchAction","target":{"@type":"EntryPoint","urlTemplate":"https:\/\/ma-boutique-club.com\/stadeportelois\/?s={search_term_string}"},"query-input":"required name=search_term_string"}],"inLanguage":"fr-FR"},{"@type":"Organization","@id":"https:\/\/ma-boutique-club.com\/stadeportelois\/#organization","name":"Stade Portelois","url":"https:\/\/ma-boutique-club.com\/stadeportelois\/","logo":{"@type":"ImageObject","inLanguage":"fr-FR","@id":"https:\/\/ma-boutique-club.com\/stadeportelois\/#\/schema\/logo\/image\/","url":"https:\/\/ma-boutique-club.com\/stadeportelois\/wp-content\/uploads\/sites\/104\/2025\/06\/cropped-stade-portelois-8d570d592c2d44cb8825e9f698237ad8.png","contentUrl":"https:\/\/ma-boutique-club.com\/stadeportelois\/wp-content\/uploads\/sites\/104\/2025\/06\/cropped-stade-portelois-8d570d592c2d44cb8825e9f698237ad8.png","width":998,"height":1064,"caption":"Stade Portelois"},"image":{"@id":"https:\/\/ma-boutique-club.com\/stadeportelois\/#\/schema\/logo\/image\/"}}]}},"uagb_featured_image_src":{"full":["https:\/\/ma-boutique-club.com\/stadeportelois\/wp-content\/uploads\/sites\/104\/2025\/06\/AC009-M.png",800,800,false],"thumbnail":["https:\/\/ma-boutique-club.com\/stadeportelois\/wp-content\/uploads\/sites\/104\/2025\/06\/AC009-M-150x150.png",150,150,true],"medium":["https:\/\/ma-boutique-club.com\/stadeportelois\/wp-content\/uploads\/sites\/104\/2025\/06\/AC009-M-300x300.png",300,300,true],"medium_large":["https:\/\/ma-boutique-club.com\/stadeportelois\/wp-content\/uploads\/sites\/104\/2025\/06\/AC009-M-768x768.png",768,768,true],"large":["https:\/\/ma-boutique-club.com\/stadeportelois\/wp-content\/uploads\/sites\/104\/2025\/06\/AC009-M.png",800,800,false],"1536x1536":["https:\/\/ma-boutique-club.com\/stadeportelois\/wp-content\/uploads\/sites\/104\/2025\/06\/AC009-M.png",800,800,false],"2048x2048":["https:\/\/ma-boutique-club.com\/stadeportelois\/wp-content\/uploads\/sites\/104\/2025\/06\/AC009-M.png",800,800,false],"woocommerce_thumbnail":["https:\/\/ma-boutique-club.com\/stadeportelois\/wp-content\/uploads\/sites\/104\/2025\/06\/AC009-M-300x300.png",300,300,true],"woocommerce_single":["https:\/\/ma-boutique-club.com\/stadeportelois\/wp-content\/uploads\/sites\/104\/2025\/06\/AC009-M-600x600.png",600,600,true],"woocommerce_gallery_thumbnail":["https:\/\/ma-boutique-club.com\/stadeportelois\/wp-content\/uploads\/sites\/104\/2025\/06\/AC009-M-100x100.png",100,100,true]},"uagb_author_info":{"display_name":"Taff \/ MBC","author_link":"https:\/\/ma-boutique-club.com\/stadeportelois\/?author=0"},"uagb_comment_info":0,"uagb_excerpt":"\u2022 Tour de cou double utilisation, transformable en bonnet \u2022 \u00c9lastique de serrage sup\u00e9rieur \u2022 Int\u00e9rieur doubl\u00e9 polaire \u2022 Composition 100% polyester.","_links":{"self":[{"href":"https:\/\/ma-boutique-club.com\/stadeportelois\/index.php?rest_route=\/wp\/v2\/product\/189"}],"collection":[{"href":"https:\/\/ma-boutique-club.com\/stadeportelois\/index.php?rest_route=\/wp\/v2\/product"}],"about":[{"href":"https:\/\/ma-boutique-club.com\/stadeportelois\/index.php?rest_route=\/wp\/v2\/types\/product"}],"wp:featuredmedia":[{"embeddable":true,"href":"https:\/\/ma-boutique-club.com\/stadeportelois\/index.php?rest_route=\/wp\/v2\/media\/191"}],"wp:attachment":[{"href":"https:\/\/ma-boutique-club.com\/stadeportelois\/index.php?rest_route=%2Fwp%2Fv2%2Fmedia&parent=189"}],"wp:term":[{"taxonomy":"product_cat","embeddable":true,"href":"https:\/\/ma-boutique-club.com\/stadeportelois\/index.php?rest_route=%2Fwp%2Fv2%2Fproduct_cat&post=189"},{"taxonomy":"product_tag","embeddable":true,"href":"https:\/\/ma-boutique-club.com\/stadeportelois\/index.php?rest_route=%2Fwp%2Fv2%2Fproduct_tag&post=189"}],"curies":[{"name":"wp","href":"https:\/\/api.w.org\/{rel}","templated":true}]}}