{"id":7,"date":"2025-06-10T14:38:01","date_gmt":"2025-06-10T12:38:01","guid":{"rendered":"https:\/\/ma-boutique-club.com\/stadeportelois\/mon-compte\/"},"modified":"2025-06-10T14:38:01","modified_gmt":"2025-06-10T12:38:01","slug":"mon-compte","status":"publish","type":"page","link":"https:\/\/ma-boutique-club.com\/stadeportelois\/?page_id=7","title":{"rendered":"Mon compte"},"content":{"rendered":"<div class=\"woocommerce\"><div class=\"woocommerce-notices-wrapper\"><\/div>\n\n<div class=\"u-columns col2-set\" id=\"customer_login\">\n\n\t<div class=\"u-column1 col-1\">\n\n\n\t\t<h2>Se connecter<\/h2>\n\n\t\t<form class=\"woocommerce-form woocommerce-form-login login\" method=\"post\">\n\n\t\t\t\n\t\t\t<p class=\"woocommerce-form-row woocommerce-form-row--wide form-row form-row-wide\">\n\t\t\t\t<label for=\"username\">Identifiant ou e-mail&nbsp;<span class=\"required\">*<\/span><\/label>\n\t\t\t\t<input type=\"text\" class=\"woocommerce-Input woocommerce-Input--text input-text\" name=\"username\" id=\"username\" autocomplete=\"username\" value=\"\" \/>\t\t\t<\/p>\n\t\t\t<p class=\"woocommerce-form-row woocommerce-form-row--wide form-row form-row-wide\">\n\t\t\t\t<label for=\"password\">Mot de passe&nbsp;<span class=\"required\">*<\/span><\/label>\n\t\t\t\t<input class=\"woocommerce-Input woocommerce-Input--text input-text\" type=\"password\" name=\"password\" id=\"password\" autocomplete=\"current-password\" \/>\n\t\t\t<\/p>\n\n\t\t\t\n\t\t\t<p class=\"form-row\">\n\t\t\t\t<label class=\"woocommerce-form__label woocommerce-form__label-for-checkbox woocommerce-form-login__rememberme\">\n\t\t\t\t\t<input class=\"woocommerce-form__input woocommerce-form__input-checkbox\" name=\"rememberme\" type=\"checkbox\" id=\"rememberme\" value=\"forever\" \/> <span>Se souvenir de moi<\/span>\n\t\t\t\t<\/label>\n\t\t\t\t<input type=\"hidden\" id=\"woocommerce-login-nonce\" name=\"woocommerce-login-nonce\" value=\"5055787c2b\" \/><input type=\"hidden\" name=\"_wp_http_referer\" value=\"\/stadeportelois\/index.php?rest_route=%2Fwp%2Fv2%2Fpages%2F7\" \/>\t\t\t\t<button type=\"submit\" class=\"woocommerce-button button woocommerce-form-login__submit\" name=\"login\" value=\"Se connecter\">Se connecter<\/button>\n\t\t\t<\/p>\n\t\t\t<p class=\"woocommerce-LostPassword lost_password\">\n\t\t\t\t<a href=\"https:\/\/ma-boutique-club.com\/stadeportelois\/?page_id=7&#038;mot-de-passe-perdu\">Mot de passe perdu\u00a0?<\/a>\n\t\t\t<\/p>\n\n\t\t\t\n\t\t<\/form>\n\n\n\t<\/div>\n\n\t<div class=\"u-column2 col-2\">\n\n\t\t<h2>S&rsquo;enregistrer<\/h2>\n\n\t\t<form method=\"post\" class=\"woocommerce-form woocommerce-form-register register\"  >\n\n\t\t\t\n\t\t\t\n\t\t\t<p class=\"woocommerce-form-row woocommerce-form-row--wide form-row form-row-wide\">\n\t\t\t\t<label for=\"reg_email\">E-mail&nbsp;<span class=\"required\">*<\/span><\/label>\n\t\t\t\t<input type=\"email\" class=\"woocommerce-Input woocommerce-Input--text input-text\" name=\"email\" id=\"reg_email\" autocomplete=\"email\" value=\"\" \/>\t\t\t<\/p>\n\n\t\t\t\n\t\t\t\t<p>Un lien permettant de d\u00e9finir un nouveau mot de passe sera envoy\u00e9 \u00e0 votre adresse e-mail.<\/p>\n\n\t\t\t\n\t\t\t<div class=\"woocommerce-privacy-policy-text\"><p>Vos donn\u00e9es personnelles seront utilis\u00e9es pour vous accompagner au cours de votre visite du site web, g\u00e9rer l\u2019acc\u00e8s \u00e0 votre compte, et pour d\u2019autres raisons d\u00e9crites dans notre <a href=\"https:\/\/ma-boutique-club.com\/stadeportelois\/?page_id=8\" class=\"woocommerce-privacy-policy-link\" target=\"_blank\">politique de confidentialit\u00e9<\/a>.<\/p>\n<\/div>\n\t\t\t<p class=\"woocommerce-form-row form-row\">\n\t\t\t\t<input type=\"hidden\" id=\"woocommerce-register-nonce\" name=\"woocommerce-register-nonce\" value=\"6f756c3c1b\" \/><input type=\"hidden\" name=\"_wp_http_referer\" value=\"\/stadeportelois\/index.php?rest_route=%2Fwp%2Fv2%2Fpages%2F7\" \/>\t\t\t\t<button type=\"submit\" class=\"woocommerce-Button woocommerce-button button woocommerce-form-register__submit\" name=\"register\" value=\"S&rsquo;enregistrer\">S&rsquo;enregistrer<\/button>\n\t\t\t<\/p>\n\n\t\t\t\n\t\t<\/form>\n\n\t<\/div>\n\n<\/div>\n\n<\/div>\n","protected":false},"excerpt":{"rendered":"","protected":false},"author":1,"featured_media":0,"parent":0,"menu_order":0,"comment_status":"closed","ping_status":"closed","template":"","meta":{"_uag_custom_page_level_css":"","site-sidebar-layout":"default","site-content-layout":"","ast-site-content-layout":"default","site-content-style":"default","site-sidebar-style":"default","ast-global-header-display":"","ast-banner-title-visibility":"","ast-main-header-display":"","ast-hfb-above-header-display":"","ast-hfb-below-header-display":"","ast-hfb-mobile-header-display":"","site-post-title":"","ast-breadcrumbs-content":"","ast-featured-img":"","footer-sml-layout":"","theme-transparent-header-meta":"","adv-header-id-meta":"","stick-header-meta":"","header-above-stick-meta":"","header-main-stick-meta":"","header-below-stick-meta":"","astra-migrate-meta-layouts":"default","ast-page-background-enabled":"default","ast-page-background-meta":{"desktop":{"background-color":"var(--ast-global-color-5)","background-image":"","background-repeat":"repeat","background-position":"center center","background-size":"auto","background-attachment":"scroll","background-type":"","background-media":"","overlay-type":"","overlay-color":"","overlay-opacity":"","overlay-gradient":""},"tablet":{"background-color":"","background-image":"","background-repeat":"repeat","background-position":"center center","background-size":"auto","background-attachment":"scroll","background-type":"","background-media":"","overlay-type":"","overlay-color":"","overlay-opacity":"","overlay-gradient":""},"mobile":{"background-color":"","background-image":"","background-repeat":"repeat","background-position":"center center","background-size":"auto","background-attachment":"scroll","background-type":"","background-media":"","overlay-type":"","overlay-color":"","overlay-opacity":"","overlay-gradient":""}},"ast-content-background-meta":{"desktop":{"background-color":"var(--ast-global-color-4)","background-image":"","background-repeat":"repeat","background-position":"center center","background-size":"auto","background-attachment":"scroll","background-type":"","background-media":"","overlay-type":"","overlay-color":"","overlay-opacity":"","overlay-gradient":""},"tablet":{"background-color":"var(--ast-global-color-4)","background-image":"","background-repeat":"repeat","background-position":"center center","background-size":"auto","background-attachment":"scroll","background-type":"","background-media":"","overlay-type":"","overlay-color":"","overlay-opacity":"","overlay-gradient":""},"mobile":{"background-color":"var(--ast-global-color-4)","background-image":"","background-repeat":"repeat","background-position":"center center","background-size":"auto","background-attachment":"scroll","background-type":"","background-media":"","overlay-type":"","overlay-color":"","overlay-opacity":"","overlay-gradient":""}},"footnotes":""},"yoast_head":"<!-- This site is optimized with the Yoast SEO plugin v21.5 - https:\/\/yoast.com\/wordpress\/plugins\/seo\/ -->\n<title>Mon compte - Stade Portelois<\/title>\n<meta name=\"robots\" content=\"index, follow, max-snippet:-1, max-image-preview:large, max-video-preview:-1\" \/>\n<link rel=\"canonical\" href=\"https:\/\/ma-boutique-club.com\/stadeportelois\/?page_id=7\" \/>\n<meta property=\"og:locale\" content=\"fr_FR\" \/>\n<meta property=\"og:type\" content=\"article\" \/>\n<meta property=\"og:title\" content=\"Mon compte - Stade Portelois\" \/>\n<meta property=\"og:url\" content=\"https:\/\/ma-boutique-club.com\/stadeportelois\/?page_id=7\" \/>\n<meta property=\"og:site_name\" content=\"Stade Portelois\" \/>\n<meta name=\"twitter:card\" content=\"summary_large_image\" \/>\n<script type=\"application\/ld+json\" class=\"yoast-schema-graph\">{\"@context\":\"https:\/\/schema.org\",\"@graph\":[{\"@type\":\"WebPage\",\"@id\":\"https:\/\/ma-boutique-club.com\/stadeportelois\/?page_id=7\",\"url\":\"https:\/\/ma-boutique-club.com\/stadeportelois\/?page_id=7\",\"name\":\"Mon compte - Stade Portelois\",\"isPartOf\":{\"@id\":\"https:\/\/ma-boutique-club.com\/stadeportelois\/#website\"},\"datePublished\":\"2025-06-10T12:38:01+00:00\",\"dateModified\":\"2025-06-10T12:38:01+00:00\",\"breadcrumb\":{\"@id\":\"https:\/\/ma-boutique-club.com\/stadeportelois\/?page_id=7#breadcrumb\"},\"inLanguage\":\"fr-FR\",\"potentialAction\":[{\"@type\":\"ReadAction\",\"target\":[\"https:\/\/ma-boutique-club.com\/stadeportelois\/?page_id=7\"]}]},{\"@type\":\"BreadcrumbList\",\"@id\":\"https:\/\/ma-boutique-club.com\/stadeportelois\/?page_id=7#breadcrumb\",\"itemListElement\":[{\"@type\":\"ListItem\",\"position\":1,\"name\":\"Accueil\",\"item\":\"https:\/\/ma-boutique-club.com\/stadeportelois\/\"},{\"@type\":\"ListItem\",\"position\":2,\"name\":\"Mon compte\"}]},{\"@type\":\"WebSite\",\"@id\":\"https:\/\/ma-boutique-club.com\/stadeportelois\/#website\",\"url\":\"https:\/\/ma-boutique-club.com\/stadeportelois\/\",\"name\":\"Stade Portelois\",\"description\":\"Ma Boutique Club\",\"publisher\":{\"@id\":\"https:\/\/ma-boutique-club.com\/stadeportelois\/#organization\"},\"potentialAction\":[{\"@type\":\"SearchAction\",\"target\":{\"@type\":\"EntryPoint\",\"urlTemplate\":\"https:\/\/ma-boutique-club.com\/stadeportelois\/?s={search_term_string}\"},\"query-input\":\"required name=search_term_string\"}],\"inLanguage\":\"fr-FR\"},{\"@type\":\"Organization\",\"@id\":\"https:\/\/ma-boutique-club.com\/stadeportelois\/#organization\",\"name\":\"Stade Portelois\",\"url\":\"https:\/\/ma-boutique-club.com\/stadeportelois\/\",\"logo\":{\"@type\":\"ImageObject\",\"inLanguage\":\"fr-FR\",\"@id\":\"https:\/\/ma-boutique-club.com\/stadeportelois\/#\/schema\/logo\/image\/\",\"url\":\"https:\/\/ma-boutique-club.com\/stadeportelois\/wp-content\/uploads\/sites\/104\/2025\/06\/cropped-stade-portelois-8d570d592c2d44cb8825e9f698237ad8.png\",\"contentUrl\":\"https:\/\/ma-boutique-club.com\/stadeportelois\/wp-content\/uploads\/sites\/104\/2025\/06\/cropped-stade-portelois-8d570d592c2d44cb8825e9f698237ad8.png\",\"width\":998,\"height\":1064,\"caption\":\"Stade Portelois\"},\"image\":{\"@id\":\"https:\/\/ma-boutique-club.com\/stadeportelois\/#\/schema\/logo\/image\/\"}}]}<\/script>\n<!-- \/ Yoast SEO plugin. -->","yoast_head_json":{"title":"Mon compte - Stade Portelois","robots":{"index":"index","follow":"follow","max-snippet":"max-snippet:-1","max-image-preview":"max-image-preview:large","max-video-preview":"max-video-preview:-1"},"canonical":"https:\/\/ma-boutique-club.com\/stadeportelois\/?page_id=7","og_locale":"fr_FR","og_type":"article","og_title":"Mon compte - Stade Portelois","og_url":"https:\/\/ma-boutique-club.com\/stadeportelois\/?page_id=7","og_site_name":"Stade Portelois","twitter_card":"summary_large_image","schema":{"@context":"https:\/\/schema.org","@graph":[{"@type":"WebPage","@id":"https:\/\/ma-boutique-club.com\/stadeportelois\/?page_id=7","url":"https:\/\/ma-boutique-club.com\/stadeportelois\/?page_id=7","name":"Mon compte - Stade Portelois","isPartOf":{"@id":"https:\/\/ma-boutique-club.com\/stadeportelois\/#website"},"datePublished":"2025-06-10T12:38:01+00:00","dateModified":"2025-06-10T12:38:01+00:00","breadcrumb":{"@id":"https:\/\/ma-boutique-club.com\/stadeportelois\/?page_id=7#breadcrumb"},"inLanguage":"fr-FR","potentialAction":[{"@type":"ReadAction","target":["https:\/\/ma-boutique-club.com\/stadeportelois\/?page_id=7"]}]},{"@type":"BreadcrumbList","@id":"https:\/\/ma-boutique-club.com\/stadeportelois\/?page_id=7#breadcrumb","itemListElement":[{"@type":"ListItem","position":1,"name":"Accueil","item":"https:\/\/ma-boutique-club.com\/stadeportelois\/"},{"@type":"ListItem","position":2,"name":"Mon compte"}]},{"@type":"WebSite","@id":"https:\/\/ma-boutique-club.com\/stadeportelois\/#website","url":"https:\/\/ma-boutique-club.com\/stadeportelois\/","name":"Stade Portelois","description":"Ma Boutique Club","publisher":{"@id":"https:\/\/ma-boutique-club.com\/stadeportelois\/#organization"},"potentialAction":[{"@type":"SearchAction","target":{"@type":"EntryPoint","urlTemplate":"https:\/\/ma-boutique-club.com\/stadeportelois\/?s={search_term_string}"},"query-input":"required name=search_term_string"}],"inLanguage":"fr-FR"},{"@type":"Organization","@id":"https:\/\/ma-boutique-club.com\/stadeportelois\/#organization","name":"Stade Portelois","url":"https:\/\/ma-boutique-club.com\/stadeportelois\/","logo":{"@type":"ImageObject","inLanguage":"fr-FR","@id":"https:\/\/ma-boutique-club.com\/stadeportelois\/#\/schema\/logo\/image\/","url":"https:\/\/ma-boutique-club.com\/stadeportelois\/wp-content\/uploads\/sites\/104\/2025\/06\/cropped-stade-portelois-8d570d592c2d44cb8825e9f698237ad8.png","contentUrl":"https:\/\/ma-boutique-club.com\/stadeportelois\/wp-content\/uploads\/sites\/104\/2025\/06\/cropped-stade-portelois-8d570d592c2d44cb8825e9f698237ad8.png","width":998,"height":1064,"caption":"Stade Portelois"},"image":{"@id":"https:\/\/ma-boutique-club.com\/stadeportelois\/#\/schema\/logo\/image\/"}}]}},"uagb_featured_image_src":{"full":false,"thumbnail":false,"medium":false,"medium_large":false,"large":false,"1536x1536":false,"2048x2048":false,"woocommerce_thumbnail":false,"woocommerce_single":false,"woocommerce_gallery_thumbnail":false},"uagb_author_info":{"display_name":"MAXIME WILLEM","author_link":"https:\/\/ma-boutique-club.com\/stadeportelois\/?author=1"},"uagb_comment_info":0,"uagb_excerpt":null,"_links":{"self":[{"href":"https:\/\/ma-boutique-club.com\/stadeportelois\/index.php?rest_route=\/wp\/v2\/pages\/7"}],"collection":[{"href":"https:\/\/ma-boutique-club.com\/stadeportelois\/index.php?rest_route=\/wp\/v2\/pages"}],"about":[{"href":"https:\/\/ma-boutique-club.com\/stadeportelois\/index.php?rest_route=\/wp\/v2\/types\/page"}],"author":[{"embeddable":true,"href":"https:\/\/ma-boutique-club.com\/stadeportelois\/index.php?rest_route=\/wp\/v2\/users\/1"}],"replies":[{"embeddable":true,"href":"https:\/\/ma-boutique-club.com\/stadeportelois\/index.php?rest_route=%2Fwp%2Fv2%2Fcomments&post=7"}],"version-history":[{"count":0,"href":"https:\/\/ma-boutique-club.com\/stadeportelois\/index.php?rest_route=\/wp\/v2\/pages\/7\/revisions"}],"wp:attachment":[{"href":"https:\/\/ma-boutique-club.com\/stadeportelois\/index.php?rest_route=%2Fwp%2Fv2%2Fmedia&parent=7"}],"curies":[{"name":"wp","href":"https:\/\/api.w.org\/{rel}","templated":true}]}}