{"id":228,"date":"2025-06-24T11:20:00","date_gmt":"2025-06-24T09:20:00","guid":{"rendered":"https:\/\/ma-boutique-club.com\/rassaintoise\/?post_type=product&#038;p=228"},"modified":"2025-10-03T17:39:28","modified_gmt":"2025-10-03T15:39:28","slug":"short-pacifik","status":"publish","type":"product","link":"https:\/\/ma-boutique-club.com\/rassaintoise\/?product=short-pacifik","title":{"rendered":"Short teamRISE Adulte"},"content":{"rendered":"<p>Ce short de football \u00e0 la coupe masculine est parfait pour tous vos entra\u00eenements r\u00e9guliers durant les chaudes journ\u00e9es d\u2019\u00e9t\u00e9, que \u00e7a soit en salle ou en ext\u00e9rieur avec \u00e0 la fois une taille \u00e9lastique r\u00e9glable et la fonction dryCELL.<\/p>\n","protected":false},"excerpt":{"rendered":"<p>Ce short de football \u00e0 la coupe masculine est parfait pour tous vos entra\u00eenements r\u00e9guliers durant les chaudes journ\u00e9es d\u2019\u00e9t\u00e9, [&hellip;]<\/p>\n","protected":false},"featured_media":466,"template":"","meta":{"_uag_custom_page_level_css":"","site-sidebar-layout":"default","site-content-layout":"","ast-site-content-layout":"default","site-content-style":"default","site-sidebar-style":"default","ast-global-header-display":"","ast-banner-title-visibility":"","ast-main-header-display":"","ast-hfb-above-header-display":"","ast-hfb-below-header-display":"","ast-hfb-mobile-header-display":"","site-post-title":"","ast-breadcrumbs-content":"","ast-featured-img":"","footer-sml-layout":"","theme-transparent-header-meta":"default","adv-header-id-meta":"","stick-header-meta":"","header-above-stick-meta":"","header-main-stick-meta":"","header-below-stick-meta":"","astra-migrate-meta-layouts":"set","ast-page-background-enabled":"default","ast-page-background-meta":{"desktop":{"background-color":"var(--ast-global-color-5)","background-image":"","background-repeat":"repeat","background-position":"center center","background-size":"auto","background-attachment":"scroll","background-type":"","background-media":"","overlay-type":"","overlay-color":"","overlay-opacity":"","overlay-gradient":""},"tablet":{"background-color":"","background-image":"","background-repeat":"repeat","background-position":"center center","background-size":"auto","background-attachment":"scroll","background-type":"","background-media":"","overlay-type":"","overlay-color":"","overlay-opacity":"","overlay-gradient":""},"mobile":{"background-color":"","background-image":"","background-repeat":"repeat","background-position":"center center","background-size":"auto","background-attachment":"scroll","background-type":"","background-media":"","overlay-type":"","overlay-color":"","overlay-opacity":"","overlay-gradient":""}},"ast-content-background-meta":{"desktop":{"background-color":"var(--ast-global-color-4)","background-image":"","background-repeat":"repeat","background-position":"center center","background-size":"auto","background-attachment":"scroll","background-type":"","background-media":"","overlay-type":"","overlay-color":"","overlay-opacity":"","overlay-gradient":""},"tablet":{"background-color":"var(--ast-global-color-4)","background-image":"","background-repeat":"repeat","background-position":"center center","background-size":"auto","background-attachment":"scroll","background-type":"","background-media":"","overlay-type":"","overlay-color":"","overlay-opacity":"","overlay-gradient":""},"mobile":{"background-color":"var(--ast-global-color-4)","background-image":"","background-repeat":"repeat","background-position":"center center","background-size":"auto","background-attachment":"scroll","background-type":"","background-media":"","overlay-type":"","overlay-color":"","overlay-opacity":"","overlay-gradient":""}}},"product_cat":[41],"product_tag":[25],"yoast_head":"<!-- This site is optimized with the Yoast SEO plugin v21.5 - https:\/\/yoast.com\/wordpress\/plugins\/seo\/ -->\n<title>Short teamRISE Adulte - RAS Saintoise<\/title>\n<meta name=\"robots\" content=\"index, follow, max-snippet:-1, max-image-preview:large, max-video-preview:-1\" \/>\n<link rel=\"canonical\" href=\"https:\/\/ma-boutique-club.com\/rassaintoise\/?product=short-pacifik\" \/>\n<meta property=\"og:locale\" content=\"fr_FR\" \/>\n<meta property=\"og:type\" content=\"article\" \/>\n<meta property=\"og:title\" content=\"Short teamRISE Adulte - RAS Saintoise\" \/>\n<meta property=\"og:description\" content=\"Ce short de football \u00e0 la coupe masculine est parfait pour tous vos entra\u00eenements r\u00e9guliers durant les chaudes journ\u00e9es d\u2019\u00e9t\u00e9, [&hellip;]\" \/>\n<meta property=\"og:url\" content=\"https:\/\/ma-boutique-club.com\/rassaintoise\/?product=short-pacifik\" \/>\n<meta property=\"og:site_name\" content=\"RAS Saintoise\" \/>\n<meta property=\"article:modified_time\" content=\"2025-10-03T15:39:28+00:00\" \/>\n<meta property=\"og:image\" content=\"https:\/\/ma-boutique-club.com\/rassaintoise\/wp-content\/uploads\/sites\/110\/2025\/08\/704942-02.png\" \/>\n\t<meta property=\"og:image:width\" content=\"800\" \/>\n\t<meta property=\"og:image:height\" content=\"800\" \/>\n\t<meta property=\"og:image:type\" content=\"image\/png\" \/>\n<meta name=\"twitter:card\" content=\"summary_large_image\" \/>\n<meta name=\"twitter:label1\" content=\"Dur\u00e9e de lecture estim\u00e9e\" \/>\n\t<meta name=\"twitter:data1\" content=\"1 minute\" \/>\n<script type=\"application\/ld+json\" class=\"yoast-schema-graph\">{\"@context\":\"https:\/\/schema.org\",\"@graph\":[{\"@type\":\"WebPage\",\"@id\":\"https:\/\/ma-boutique-club.com\/rassaintoise\/?product=short-pacifik\",\"url\":\"https:\/\/ma-boutique-club.com\/rassaintoise\/?product=short-pacifik\",\"name\":\"Short teamRISE Adulte - RAS Saintoise\",\"isPartOf\":{\"@id\":\"https:\/\/ma-boutique-club.com\/rassaintoise\/#website\"},\"datePublished\":\"2025-06-24T09:20:00+00:00\",\"dateModified\":\"2025-10-03T15:39:28+00:00\",\"breadcrumb\":{\"@id\":\"https:\/\/ma-boutique-club.com\/rassaintoise\/?product=short-pacifik#breadcrumb\"},\"inLanguage\":\"fr-FR\",\"potentialAction\":[{\"@type\":\"ReadAction\",\"target\":[\"https:\/\/ma-boutique-club.com\/rassaintoise\/?product=short-pacifik\"]}]},{\"@type\":\"BreadcrumbList\",\"@id\":\"https:\/\/ma-boutique-club.com\/rassaintoise\/?product=short-pacifik#breadcrumb\",\"itemListElement\":[{\"@type\":\"ListItem\",\"position\":1,\"name\":\"Accueil\",\"item\":\"https:\/\/ma-boutique-club.com\/rassaintoise\/\"},{\"@type\":\"ListItem\",\"position\":2,\"name\":\"Boutique\",\"item\":\"https:\/\/ma-boutique-club.com\/rassaintoise\/\"},{\"@type\":\"ListItem\",\"position\":3,\"name\":\"Short teamRISE Adulte\"}]},{\"@type\":\"WebSite\",\"@id\":\"https:\/\/ma-boutique-club.com\/rassaintoise\/#website\",\"url\":\"https:\/\/ma-boutique-club.com\/rassaintoise\/\",\"name\":\"RAS Saintoise\",\"description\":\"Ma Boutique Club\",\"publisher\":{\"@id\":\"https:\/\/ma-boutique-club.com\/rassaintoise\/#organization\"},\"potentialAction\":[{\"@type\":\"SearchAction\",\"target\":{\"@type\":\"EntryPoint\",\"urlTemplate\":\"https:\/\/ma-boutique-club.com\/rassaintoise\/?s={search_term_string}\"},\"query-input\":\"required name=search_term_string\"}],\"inLanguage\":\"fr-FR\"},{\"@type\":\"Organization\",\"@id\":\"https:\/\/ma-boutique-club.com\/rassaintoise\/#organization\",\"name\":\"RAS Saintoise\",\"url\":\"https:\/\/ma-boutique-club.com\/rassaintoise\/\",\"logo\":{\"@type\":\"ImageObject\",\"inLanguage\":\"fr-FR\",\"@id\":\"https:\/\/ma-boutique-club.com\/rassaintoise\/#\/schema\/logo\/image\/\",\"url\":\"https:\/\/ma-boutique-club.com\/rassaintoise\/wp-content\/uploads\/sites\/110\/2025\/10\/cropped-RAS-SAINTOISE-6.png\",\"contentUrl\":\"https:\/\/ma-boutique-club.com\/rassaintoise\/wp-content\/uploads\/sites\/110\/2025\/10\/cropped-RAS-SAINTOISE-6.png\",\"width\":960,\"height\":960,\"caption\":\"RAS Saintoise\"},\"image\":{\"@id\":\"https:\/\/ma-boutique-club.com\/rassaintoise\/#\/schema\/logo\/image\/\"}}]}<\/script>\n<!-- \/ Yoast SEO plugin. -->","yoast_head_json":{"title":"Short teamRISE Adulte - RAS Saintoise","robots":{"index":"index","follow":"follow","max-snippet":"max-snippet:-1","max-image-preview":"max-image-preview:large","max-video-preview":"max-video-preview:-1"},"canonical":"https:\/\/ma-boutique-club.com\/rassaintoise\/?product=short-pacifik","og_locale":"fr_FR","og_type":"article","og_title":"Short teamRISE Adulte - RAS Saintoise","og_description":"Ce short de football \u00e0 la coupe masculine est parfait pour tous vos entra\u00eenements r\u00e9guliers durant les chaudes journ\u00e9es d\u2019\u00e9t\u00e9, [&hellip;]","og_url":"https:\/\/ma-boutique-club.com\/rassaintoise\/?product=short-pacifik","og_site_name":"RAS Saintoise","article_modified_time":"2025-10-03T15:39:28+00:00","og_image":[{"width":800,"height":800,"url":"https:\/\/ma-boutique-club.com\/rassaintoise\/wp-content\/uploads\/sites\/110\/2025\/08\/704942-02.png","type":"image\/png"}],"twitter_card":"summary_large_image","twitter_misc":{"Dur\u00e9e de lecture estim\u00e9e":"1 minute"},"schema":{"@context":"https:\/\/schema.org","@graph":[{"@type":"WebPage","@id":"https:\/\/ma-boutique-club.com\/rassaintoise\/?product=short-pacifik","url":"https:\/\/ma-boutique-club.com\/rassaintoise\/?product=short-pacifik","name":"Short teamRISE Adulte - RAS Saintoise","isPartOf":{"@id":"https:\/\/ma-boutique-club.com\/rassaintoise\/#website"},"datePublished":"2025-06-24T09:20:00+00:00","dateModified":"2025-10-03T15:39:28+00:00","breadcrumb":{"@id":"https:\/\/ma-boutique-club.com\/rassaintoise\/?product=short-pacifik#breadcrumb"},"inLanguage":"fr-FR","potentialAction":[{"@type":"ReadAction","target":["https:\/\/ma-boutique-club.com\/rassaintoise\/?product=short-pacifik"]}]},{"@type":"BreadcrumbList","@id":"https:\/\/ma-boutique-club.com\/rassaintoise\/?product=short-pacifik#breadcrumb","itemListElement":[{"@type":"ListItem","position":1,"name":"Accueil","item":"https:\/\/ma-boutique-club.com\/rassaintoise\/"},{"@type":"ListItem","position":2,"name":"Boutique","item":"https:\/\/ma-boutique-club.com\/rassaintoise\/"},{"@type":"ListItem","position":3,"name":"Short teamRISE Adulte"}]},{"@type":"WebSite","@id":"https:\/\/ma-boutique-club.com\/rassaintoise\/#website","url":"https:\/\/ma-boutique-club.com\/rassaintoise\/","name":"RAS Saintoise","description":"Ma Boutique Club","publisher":{"@id":"https:\/\/ma-boutique-club.com\/rassaintoise\/#organization"},"potentialAction":[{"@type":"SearchAction","target":{"@type":"EntryPoint","urlTemplate":"https:\/\/ma-boutique-club.com\/rassaintoise\/?s={search_term_string}"},"query-input":"required name=search_term_string"}],"inLanguage":"fr-FR"},{"@type":"Organization","@id":"https:\/\/ma-boutique-club.com\/rassaintoise\/#organization","name":"RAS Saintoise","url":"https:\/\/ma-boutique-club.com\/rassaintoise\/","logo":{"@type":"ImageObject","inLanguage":"fr-FR","@id":"https:\/\/ma-boutique-club.com\/rassaintoise\/#\/schema\/logo\/image\/","url":"https:\/\/ma-boutique-club.com\/rassaintoise\/wp-content\/uploads\/sites\/110\/2025\/10\/cropped-RAS-SAINTOISE-6.png","contentUrl":"https:\/\/ma-boutique-club.com\/rassaintoise\/wp-content\/uploads\/sites\/110\/2025\/10\/cropped-RAS-SAINTOISE-6.png","width":960,"height":960,"caption":"RAS Saintoise"},"image":{"@id":"https:\/\/ma-boutique-club.com\/rassaintoise\/#\/schema\/logo\/image\/"}}]}},"uagb_featured_image_src":{"full":["https:\/\/ma-boutique-club.com\/rassaintoise\/wp-content\/uploads\/sites\/110\/2025\/08\/704942-02.png",800,800,false],"thumbnail":["https:\/\/ma-boutique-club.com\/rassaintoise\/wp-content\/uploads\/sites\/110\/2025\/08\/704942-02-150x150.png",150,150,true],"medium":["https:\/\/ma-boutique-club.com\/rassaintoise\/wp-content\/uploads\/sites\/110\/2025\/08\/704942-02-300x300.png",300,300,true],"medium_large":["https:\/\/ma-boutique-club.com\/rassaintoise\/wp-content\/uploads\/sites\/110\/2025\/08\/704942-02-768x768.png",768,768,true],"large":["https:\/\/ma-boutique-club.com\/rassaintoise\/wp-content\/uploads\/sites\/110\/2025\/08\/704942-02.png",800,800,false],"1536x1536":["https:\/\/ma-boutique-club.com\/rassaintoise\/wp-content\/uploads\/sites\/110\/2025\/08\/704942-02.png",800,800,false],"2048x2048":["https:\/\/ma-boutique-club.com\/rassaintoise\/wp-content\/uploads\/sites\/110\/2025\/08\/704942-02.png",800,800,false],"woocommerce_thumbnail":["https:\/\/ma-boutique-club.com\/rassaintoise\/wp-content\/uploads\/sites\/110\/2025\/08\/704942-02-300x300.png",300,300,true],"woocommerce_single":["https:\/\/ma-boutique-club.com\/rassaintoise\/wp-content\/uploads\/sites\/110\/2025\/08\/704942-02-600x600.png",600,600,true],"woocommerce_gallery_thumbnail":["https:\/\/ma-boutique-club.com\/rassaintoise\/wp-content\/uploads\/sites\/110\/2025\/08\/704942-02-100x100.png",100,100,true]},"uagb_author_info":{"display_name":"Taff \/ MBC","author_link":"https:\/\/ma-boutique-club.com\/rassaintoise\/?author=0"},"uagb_comment_info":0,"uagb_excerpt":"Ce short de football \u00e0 la coupe masculine est parfait pour tous vos entra\u00eenements r\u00e9guliers durant les chaudes journ\u00e9es d\u2019\u00e9t\u00e9, [&hellip;]","_links":{"self":[{"href":"https:\/\/ma-boutique-club.com\/rassaintoise\/index.php?rest_route=\/wp\/v2\/product\/228"}],"collection":[{"href":"https:\/\/ma-boutique-club.com\/rassaintoise\/index.php?rest_route=\/wp\/v2\/product"}],"about":[{"href":"https:\/\/ma-boutique-club.com\/rassaintoise\/index.php?rest_route=\/wp\/v2\/types\/product"}],"wp:featuredmedia":[{"embeddable":true,"href":"https:\/\/ma-boutique-club.com\/rassaintoise\/index.php?rest_route=\/wp\/v2\/media\/466"}],"wp:attachment":[{"href":"https:\/\/ma-boutique-club.com\/rassaintoise\/index.php?rest_route=%2Fwp%2Fv2%2Fmedia&parent=228"}],"wp:term":[{"taxonomy":"product_cat","embeddable":true,"href":"https:\/\/ma-boutique-club.com\/rassaintoise\/index.php?rest_route=%2Fwp%2Fv2%2Fproduct_cat&post=228"},{"taxonomy":"product_tag","embeddable":true,"href":"https:\/\/ma-boutique-club.com\/rassaintoise\/index.php?rest_route=%2Fwp%2Fv2%2Fproduct_tag&post=228"}],"curies":[{"name":"wp","href":"https:\/\/api.w.org\/{rel}","templated":true}]}}