{"id":4551,"date":"2025-06-04T16:56:47","date_gmt":"2025-06-04T14:56:47","guid":{"rendered":"https:\/\/ma-boutique-club.com\/pro\/?post_type=product&#038;p=4551"},"modified":"2025-06-04T17:17:01","modified_gmt":"2025-06-04T15:17:01","slug":"softshell-rembourre-homme-sans-manche","status":"publish","type":"product","link":"https:\/\/ma-boutique-club.com\/pro\/produit\/softshell-rembourre-homme-sans-manche\/","title":{"rendered":"SOFTSHELL REMBOURR\u00c9 HOMME SANS MANCHE"},"content":{"rendered":"<div>100% <a class=\"tt-tooltip-btn link\" href=\"https:\/\/www.toptex.fr\/r238x-gilet-softshell-rembourre-black-compass-recycle.html#POLYESTER\">polyester<\/a>\u00a0JIAREN recycl\u00e9. Rembourrage : 100%\u00a0<a class=\"tt-tooltip-btn link\" href=\"https:\/\/www.toptex.fr\/r238x-gilet-softshell-rembourre-black-compass-recycle.html#POLYESTER\">polyester<\/a>\u00a0REPREVE recycl\u00e9 180g\/m\u00b2. Doublure: 100%\u00a0<a class=\"tt-tooltip-btn link\" href=\"https:\/\/www.toptex.fr\/r238x-gilet-softshell-rembourre-black-compass-recycle.html#POLYESTER\">Polyester<\/a>. Panneaux d\u2019\u00e9paules : 280g\/m\u00b2 tissu extensible\u00a0<a class=\"tt-tooltip-btn link\" href=\"https:\/\/www.toptex.fr\/r238x-gilet-softshell-rembourre-black-compass-recycle.html#SOFTSHELL\">softshell<\/a>\u00a02 couches avec : couche ext\u00e9rieure : 40%\u00a0<a class=\"tt-tooltip-btn link\" href=\"https:\/\/www.toptex.fr\/r238x-gilet-softshell-rembourre-black-compass-recycle.html#POLYESTER\">polyester<\/a>\u00a0recycl\u00e9 TOPGREEN\u00ae \/ 60%\u00a0<a class=\"tt-tooltip-btn link\" href=\"https:\/\/www.toptex.fr\/r238x-gilet-softshell-rembourre-black-compass-recycle.html#POLYESTER\">polyester<\/a>. Couche int\u00e9rieure: 30%\u00a0<a class=\"tt-tooltip-btn link\" href=\"https:\/\/www.toptex.fr\/r238x-gilet-softshell-rembourre-black-compass-recycle.html#POLYESTER\">polyester<\/a>\u00a0recycl\u00e9 TOPGREEN\u00ae \/ 70%\u00a0<a class=\"tt-tooltip-btn link\" href=\"https:\/\/www.toptex.fr\/r238x-gilet-softshell-rembourre-black-compass-recycle.html#POLYESTER\">polyester<\/a> micropolaire. Fermeture zipp\u00e9e YKK \u00e0 l&rsquo;avant avec protection menton rembourr\u00e9. Poches zipp\u00e9es de couleur contrast\u00e9e une poitrine, deux c\u00f4t\u00e9s avec tirettes noires. Corps matelass\u00e9. Tr\u00e8s doux, l\u00e9ger et chaud. Fermeture zipp\u00e9e cach\u00e9e sur la poitrine gauche.<\/div>\n","protected":false},"excerpt":{"rendered":"<ul class=\"product-sales-pitch\">\n<li>\u00c0 la fois l\u00e9g\u00e8re et chaude, agr\u00e9able \u00e0 porter.<\/li>\n<li>Coupe-vent et imperm\u00e9able.<\/li>\n<\/ul>\n","protected":false},"featured_media":4555,"template":"","meta":{"_acf_changed":false,"_uag_custom_page_level_css":"","site-sidebar-layout":"default","site-content-layout":"","ast-site-content-layout":"default","site-content-style":"default","site-sidebar-style":"default","ast-global-header-display":"","ast-banner-title-visibility":"","ast-main-header-display":"","ast-hfb-above-header-display":"","ast-hfb-below-header-display":"","ast-hfb-mobile-header-display":"","site-post-title":"","ast-breadcrumbs-content":"","ast-featured-img":"","footer-sml-layout":"","theme-transparent-header-meta":"default","adv-header-id-meta":"","stick-header-meta":"","header-above-stick-meta":"","header-main-stick-meta":"","header-below-stick-meta":"","astra-migrate-meta-layouts":"set","ast-page-background-enabled":"default","ast-page-background-meta":{"desktop":{"background-color":"var(--ast-global-color-4)","background-image":"","background-repeat":"repeat","background-position":"center center","background-size":"auto","background-attachment":"scroll","background-type":"","background-media":"","overlay-type":"","overlay-color":"","overlay-opacity":"","overlay-gradient":""},"tablet":{"background-color":"","background-image":"","background-repeat":"repeat","background-position":"center center","background-size":"auto","background-attachment":"scroll","background-type":"","background-media":"","overlay-type":"","overlay-color":"","overlay-opacity":"","overlay-gradient":""},"mobile":{"background-color":"","background-image":"","background-repeat":"repeat","background-position":"center center","background-size":"auto","background-attachment":"scroll","background-type":"","background-media":"","overlay-type":"","overlay-color":"","overlay-opacity":"","overlay-gradient":""}},"ast-content-background-meta":{"desktop":{"background-color":"var(--ast-global-color-5)","background-image":"","background-repeat":"repeat","background-position":"center center","background-size":"auto","background-attachment":"scroll","background-type":"","background-media":"","overlay-type":"","overlay-color":"","overlay-opacity":"","overlay-gradient":""},"tablet":{"background-color":"var(--ast-global-color-5)","background-image":"","background-repeat":"repeat","background-position":"center center","background-size":"auto","background-attachment":"scroll","background-type":"","background-media":"","overlay-type":"","overlay-color":"","overlay-opacity":"","overlay-gradient":""},"mobile":{"background-color":"var(--ast-global-color-5)","background-image":"","background-repeat":"repeat","background-position":"center center","background-size":"auto","background-attachment":"scroll","background-type":"","background-media":"","overlay-type":"","overlay-color":"","overlay-opacity":"","overlay-gradient":""}}},"product_cat":[30,33],"product_tag":[],"yoast_head":"<!-- This site is optimized with the Yoast SEO plugin v21.5 - https:\/\/yoast.com\/wordpress\/plugins\/seo\/ -->\n<title>SOFTSHELL REMBOURR\u00c9 HOMME SANS MANCHE - Espace Pros<\/title>\n<meta name=\"robots\" content=\"index, follow, max-snippet:-1, max-image-preview:large, max-video-preview:-1\" \/>\n<link rel=\"canonical\" href=\"https:\/\/ma-boutique-club.com\/pro\/produit\/softshell-rembourre-homme-sans-manche\/\" \/>\n<meta property=\"og:locale\" content=\"fr_FR\" \/>\n<meta property=\"og:type\" content=\"article\" \/>\n<meta property=\"og:title\" content=\"SOFTSHELL REMBOURR\u00c9 HOMME SANS MANCHE - Espace Pros\" \/>\n<meta property=\"og:description\" content=\"\u00c0 la fois l\u00e9g\u00e8re et chaude, agr\u00e9able \u00e0 porter.  Coupe-vent et imperm\u00e9able.\" \/>\n<meta property=\"og:url\" content=\"https:\/\/ma-boutique-club.com\/pro\/produit\/softshell-rembourre-homme-sans-manche\/\" \/>\n<meta property=\"og:site_name\" content=\"Espace Pros\" \/>\n<meta property=\"article:modified_time\" content=\"2025-06-04T15:17:01+00:00\" \/>\n<meta property=\"og:image\" content=\"https:\/\/ma-boutique-club.com\/pro\/wp-content\/uploads\/sites\/95\/2025\/06\/90.png\" \/>\n\t<meta property=\"og:image:width\" content=\"2500\" \/>\n\t<meta property=\"og:image:height\" content=\"2500\" \/>\n\t<meta property=\"og:image:type\" content=\"image\/png\" \/>\n<meta name=\"twitter:card\" content=\"summary_large_image\" \/>\n<meta name=\"twitter:label1\" content=\"Dur\u00e9e de lecture estim\u00e9e\" \/>\n\t<meta name=\"twitter:data1\" content=\"1 minute\" \/>\n<script type=\"application\/ld+json\" class=\"yoast-schema-graph\">{\"@context\":\"https:\/\/schema.org\",\"@graph\":[{\"@type\":\"WebPage\",\"@id\":\"https:\/\/ma-boutique-club.com\/pro\/produit\/softshell-rembourre-homme-sans-manche\/\",\"url\":\"https:\/\/ma-boutique-club.com\/pro\/produit\/softshell-rembourre-homme-sans-manche\/\",\"name\":\"SOFTSHELL REMBOURR\u00c9 HOMME SANS MANCHE - Espace Pros\",\"isPartOf\":{\"@id\":\"https:\/\/ma-boutique-club.com\/pro\/#website\"},\"datePublished\":\"2025-06-04T14:56:47+00:00\",\"dateModified\":\"2025-06-04T15:17:01+00:00\",\"breadcrumb\":{\"@id\":\"https:\/\/ma-boutique-club.com\/pro\/produit\/softshell-rembourre-homme-sans-manche\/#breadcrumb\"},\"inLanguage\":\"fr-FR\",\"potentialAction\":[{\"@type\":\"ReadAction\",\"target\":[\"https:\/\/ma-boutique-club.com\/pro\/produit\/softshell-rembourre-homme-sans-manche\/\"]}]},{\"@type\":\"BreadcrumbList\",\"@id\":\"https:\/\/ma-boutique-club.com\/pro\/produit\/softshell-rembourre-homme-sans-manche\/#breadcrumb\",\"itemListElement\":[{\"@type\":\"ListItem\",\"position\":1,\"name\":\"Accueil\",\"item\":\"https:\/\/ma-boutique-club.com\/pro\/\"},{\"@type\":\"ListItem\",\"position\":2,\"name\":\"Boutique\",\"item\":\"https:\/\/ma-boutique-club.com\/pro\/boutique\/\"},{\"@type\":\"ListItem\",\"position\":3,\"name\":\"SOFTSHELL REMBOURR\u00c9 HOMME SANS MANCHE\"}]},{\"@type\":\"WebSite\",\"@id\":\"https:\/\/ma-boutique-club.com\/pro\/#website\",\"url\":\"https:\/\/ma-boutique-club.com\/pro\/\",\"name\":\"Espace Pros\",\"description\":\"Ma Boutique Club\",\"publisher\":{\"@id\":\"https:\/\/ma-boutique-club.com\/pro\/#organization\"},\"potentialAction\":[{\"@type\":\"SearchAction\",\"target\":{\"@type\":\"EntryPoint\",\"urlTemplate\":\"https:\/\/ma-boutique-club.com\/pro\/?s={search_term_string}\"},\"query-input\":\"required name=search_term_string\"}],\"inLanguage\":\"fr-FR\"},{\"@type\":\"Organization\",\"@id\":\"https:\/\/ma-boutique-club.com\/pro\/#organization\",\"name\":\"Espace Pros\",\"url\":\"https:\/\/ma-boutique-club.com\/pro\/\",\"logo\":{\"@type\":\"ImageObject\",\"inLanguage\":\"fr-FR\",\"@id\":\"https:\/\/ma-boutique-club.com\/pro\/#\/schema\/logo\/image\/\",\"url\":\"https:\/\/ma-boutique-club.com\/pro\/wp-content\/uploads\/sites\/95\/2023\/10\/cropped-PNG-BLACK-2.png\",\"contentUrl\":\"https:\/\/ma-boutique-club.com\/pro\/wp-content\/uploads\/sites\/95\/2023\/10\/cropped-PNG-BLACK-2.png\",\"width\":2400,\"height\":1026,\"caption\":\"Espace Pros\"},\"image\":{\"@id\":\"https:\/\/ma-boutique-club.com\/pro\/#\/schema\/logo\/image\/\"}}]}<\/script>\n<!-- \/ Yoast SEO plugin. -->","yoast_head_json":{"title":"SOFTSHELL REMBOURR\u00c9 HOMME SANS MANCHE - Espace Pros","robots":{"index":"index","follow":"follow","max-snippet":"max-snippet:-1","max-image-preview":"max-image-preview:large","max-video-preview":"max-video-preview:-1"},"canonical":"https:\/\/ma-boutique-club.com\/pro\/produit\/softshell-rembourre-homme-sans-manche\/","og_locale":"fr_FR","og_type":"article","og_title":"SOFTSHELL REMBOURR\u00c9 HOMME SANS MANCHE - Espace Pros","og_description":"\u00c0 la fois l\u00e9g\u00e8re et chaude, agr\u00e9able \u00e0 porter.  Coupe-vent et imperm\u00e9able.","og_url":"https:\/\/ma-boutique-club.com\/pro\/produit\/softshell-rembourre-homme-sans-manche\/","og_site_name":"Espace Pros","article_modified_time":"2025-06-04T15:17:01+00:00","og_image":[{"width":2500,"height":2500,"url":"https:\/\/ma-boutique-club.com\/pro\/wp-content\/uploads\/sites\/95\/2025\/06\/90.png","type":"image\/png"}],"twitter_card":"summary_large_image","twitter_misc":{"Dur\u00e9e de lecture estim\u00e9e":"1 minute"},"schema":{"@context":"https:\/\/schema.org","@graph":[{"@type":"WebPage","@id":"https:\/\/ma-boutique-club.com\/pro\/produit\/softshell-rembourre-homme-sans-manche\/","url":"https:\/\/ma-boutique-club.com\/pro\/produit\/softshell-rembourre-homme-sans-manche\/","name":"SOFTSHELL REMBOURR\u00c9 HOMME SANS MANCHE - Espace Pros","isPartOf":{"@id":"https:\/\/ma-boutique-club.com\/pro\/#website"},"datePublished":"2025-06-04T14:56:47+00:00","dateModified":"2025-06-04T15:17:01+00:00","breadcrumb":{"@id":"https:\/\/ma-boutique-club.com\/pro\/produit\/softshell-rembourre-homme-sans-manche\/#breadcrumb"},"inLanguage":"fr-FR","potentialAction":[{"@type":"ReadAction","target":["https:\/\/ma-boutique-club.com\/pro\/produit\/softshell-rembourre-homme-sans-manche\/"]}]},{"@type":"BreadcrumbList","@id":"https:\/\/ma-boutique-club.com\/pro\/produit\/softshell-rembourre-homme-sans-manche\/#breadcrumb","itemListElement":[{"@type":"ListItem","position":1,"name":"Accueil","item":"https:\/\/ma-boutique-club.com\/pro\/"},{"@type":"ListItem","position":2,"name":"Boutique","item":"https:\/\/ma-boutique-club.com\/pro\/boutique\/"},{"@type":"ListItem","position":3,"name":"SOFTSHELL REMBOURR\u00c9 HOMME SANS MANCHE"}]},{"@type":"WebSite","@id":"https:\/\/ma-boutique-club.com\/pro\/#website","url":"https:\/\/ma-boutique-club.com\/pro\/","name":"Espace Pros","description":"Ma Boutique Club","publisher":{"@id":"https:\/\/ma-boutique-club.com\/pro\/#organization"},"potentialAction":[{"@type":"SearchAction","target":{"@type":"EntryPoint","urlTemplate":"https:\/\/ma-boutique-club.com\/pro\/?s={search_term_string}"},"query-input":"required name=search_term_string"}],"inLanguage":"fr-FR"},{"@type":"Organization","@id":"https:\/\/ma-boutique-club.com\/pro\/#organization","name":"Espace Pros","url":"https:\/\/ma-boutique-club.com\/pro\/","logo":{"@type":"ImageObject","inLanguage":"fr-FR","@id":"https:\/\/ma-boutique-club.com\/pro\/#\/schema\/logo\/image\/","url":"https:\/\/ma-boutique-club.com\/pro\/wp-content\/uploads\/sites\/95\/2023\/10\/cropped-PNG-BLACK-2.png","contentUrl":"https:\/\/ma-boutique-club.com\/pro\/wp-content\/uploads\/sites\/95\/2023\/10\/cropped-PNG-BLACK-2.png","width":2400,"height":1026,"caption":"Espace Pros"},"image":{"@id":"https:\/\/ma-boutique-club.com\/pro\/#\/schema\/logo\/image\/"}}]}},"acf":[],"uagb_featured_image_src":{"full":["https:\/\/ma-boutique-club.com\/pro\/wp-content\/uploads\/sites\/95\/2025\/06\/90.png",2500,2500,false],"thumbnail":["https:\/\/ma-boutique-club.com\/pro\/wp-content\/uploads\/sites\/95\/2025\/06\/90-150x150.png",150,150,true],"medium":["https:\/\/ma-boutique-club.com\/pro\/wp-content\/uploads\/sites\/95\/2025\/06\/90-300x300.png",300,300,true],"medium_large":["https:\/\/ma-boutique-club.com\/pro\/wp-content\/uploads\/sites\/95\/2025\/06\/90-768x768.png",768,768,true],"large":["https:\/\/ma-boutique-club.com\/pro\/wp-content\/uploads\/sites\/95\/2025\/06\/90-1024x1024.png",1024,1024,true],"1536x1536":["https:\/\/ma-boutique-club.com\/pro\/wp-content\/uploads\/sites\/95\/2025\/06\/90-1536x1536.png",1536,1536,true],"2048x2048":["https:\/\/ma-boutique-club.com\/pro\/wp-content\/uploads\/sites\/95\/2025\/06\/90-2048x2048.png",2048,2048,true],"woocommerce_thumbnail":["https:\/\/ma-boutique-club.com\/pro\/wp-content\/uploads\/sites\/95\/2025\/06\/90-300x300.png",300,300,true],"woocommerce_single":["https:\/\/ma-boutique-club.com\/pro\/wp-content\/uploads\/sites\/95\/2025\/06\/90-600x600.png",600,600,true],"woocommerce_gallery_thumbnail":["https:\/\/ma-boutique-club.com\/pro\/wp-content\/uploads\/sites\/95\/2025\/06\/90-100x100.png",100,100,true]},"uagb_author_info":{"display_name":"Taff \/ MBC","author_link":"https:\/\/ma-boutique-club.com\/pro\/blog\/author\/"},"uagb_comment_info":0,"uagb_excerpt":"\u00c0 la fois l\u00e9g\u00e8re et chaude, agr\u00e9able \u00e0 porter. Coupe-vent et imperm\u00e9able.","_links":{"self":[{"href":"https:\/\/ma-boutique-club.com\/pro\/wp-json\/wp\/v2\/product\/4551"}],"collection":[{"href":"https:\/\/ma-boutique-club.com\/pro\/wp-json\/wp\/v2\/product"}],"about":[{"href":"https:\/\/ma-boutique-club.com\/pro\/wp-json\/wp\/v2\/types\/product"}],"wp:featuredmedia":[{"embeddable":true,"href":"https:\/\/ma-boutique-club.com\/pro\/wp-json\/wp\/v2\/media\/4555"}],"wp:attachment":[{"href":"https:\/\/ma-boutique-club.com\/pro\/wp-json\/wp\/v2\/media?parent=4551"}],"wp:term":[{"taxonomy":"product_cat","embeddable":true,"href":"https:\/\/ma-boutique-club.com\/pro\/wp-json\/wp\/v2\/product_cat?post=4551"},{"taxonomy":"product_tag","embeddable":true,"href":"https:\/\/ma-boutique-club.com\/pro\/wp-json\/wp\/v2\/product_tag?post=4551"}],"curies":[{"name":"wp","href":"https:\/\/api.w.org\/{rel}","templated":true}]}}