{"id":4067,"date":"2022-11-21T13:36:54","date_gmt":"2022-11-21T12:36:54","guid":{"rendered":"https:\/\/ma-boutique-club.com\/pro\/?post_type=product&#038;p=4067"},"modified":"2025-06-26T15:43:13","modified_gmt":"2025-06-26T13:43:13","slug":"pantalon-jean-multipoches","status":"publish","type":"product","link":"https:\/\/ma-boutique-club.com\/pro\/produit\/pantalon-jean-multipoches\/","title":{"rendered":"PANTALON JEAN MULTIPOCHES"},"content":{"rendered":"<div>99% coton \/ 1% \u00e9lasthanne. Toile denim. Lavable \u00e0 60\u00b0C. Coupe ajust\u00e9e. Fermeture boutonn\u00e9e avec cache-boutons et zip m\u00e9tal. Devant : 2 poches ouverture en biais. C\u00f4t\u00e9 gauche : poche couture renforc\u00e9e \u00e0 rabat avec fermeture auto-agrippante + sur-poche \u00e0 3 compartiments dont 1 avec passe-stylo. C\u00f4t\u00e9 droit : passe-marteau, poche m\u00e8tre + surpoche avec fermeture auto-agrippante. Dos : 2 poches plaqu\u00e9es avec coutures renforc\u00e9es dont une \u00e0 rabat avec bande auto-agrippante. Ceinture arrondie dans le dos avec large bande \u00e9lastique int\u00e9rieure antiglisse pour un maintien optimal. Boucle orange int\u00e9rieur milieu dos. Passants avec coutures renforc\u00e9es dont un large milieu dos et 1 anneau plastique devant. Pinces d&rsquo;aisance aux genoux pour plus de confort. Soufflet renforc\u00e9 \u00e0 l&rsquo;entrejambe pour plus de r\u00e9sistance et une parfaite libert\u00e9 de mouvement. Triple surpiq\u00fbres coutures c\u00f4t\u00e9s, int\u00e9rieur jambe et fourche dos. Finition double aiguille au bas de jambe.<\/div>\n","protected":false},"excerpt":{"rendered":"<p>99% coton \/ 1% \u00e9lasthanne. Toile denim. Lavable \u00e0 60\u00b0C. Coupe ajust\u00e9e. Fermeture boutonn\u00e9e avec cache-boutons et zip m\u00e9tal. Devant : 2 poches ouverture en biais. C\u00f4t\u00e9 gauche : poche couture renforc\u00e9e \u00e0 rabat avec fermeture auto-agrippante + sur-poche \u00e0 3 compartiments dont 1 avec passe-stylo. C\u00f4t\u00e9 droit : passe-marteau, poche m\u00e8tre + surpoche avec [&hellip;]<\/p>\n","protected":false},"featured_media":4321,"template":"","meta":{"_acf_changed":false,"_uag_custom_page_level_css":"","site-sidebar-layout":"default","site-content-layout":"default","ast-site-content-layout":"default","site-content-style":"default","site-sidebar-style":"default","ast-global-header-display":"","ast-banner-title-visibility":"","ast-main-header-display":"","ast-hfb-above-header-display":"","ast-hfb-below-header-display":"","ast-hfb-mobile-header-display":"","site-post-title":"","ast-breadcrumbs-content":"","ast-featured-img":"","footer-sml-layout":"","theme-transparent-header-meta":"default","adv-header-id-meta":"","stick-header-meta":"","header-above-stick-meta":"","header-main-stick-meta":"","header-below-stick-meta":"","astra-migrate-meta-layouts":"set","ast-page-background-enabled":"default","ast-page-background-meta":{"desktop":{"background-color":"var(--ast-global-color-4)","background-image":"","background-repeat":"repeat","background-position":"center center","background-size":"auto","background-attachment":"scroll","background-type":"","background-media":"","overlay-type":"","overlay-color":"","overlay-opacity":"","overlay-gradient":""},"tablet":{"background-color":"","background-image":"","background-repeat":"repeat","background-position":"center center","background-size":"auto","background-attachment":"scroll","background-type":"","background-media":"","overlay-type":"","overlay-color":"","overlay-opacity":"","overlay-gradient":""},"mobile":{"background-color":"","background-image":"","background-repeat":"repeat","background-position":"center center","background-size":"auto","background-attachment":"scroll","background-type":"","background-media":"","overlay-type":"","overlay-color":"","overlay-opacity":"","overlay-gradient":""}},"ast-content-background-meta":{"desktop":{"background-color":"var(--ast-global-color-5)","background-image":"","background-repeat":"repeat","background-position":"center center","background-size":"auto","background-attachment":"scroll","background-type":"","background-media":"","overlay-type":"","overlay-color":"","overlay-opacity":"","overlay-gradient":""},"tablet":{"background-color":"var(--ast-global-color-5)","background-image":"","background-repeat":"repeat","background-position":"center center","background-size":"auto","background-attachment":"scroll","background-type":"","background-media":"","overlay-type":"","overlay-color":"","overlay-opacity":"","overlay-gradient":""},"mobile":{"background-color":"var(--ast-global-color-5)","background-image":"","background-repeat":"repeat","background-position":"center center","background-size":"auto","background-attachment":"scroll","background-type":"","background-media":"","overlay-type":"","overlay-color":"","overlay-opacity":"","overlay-gradient":""}}},"product_cat":[31,30],"product_tag":[],"yoast_head":"<!-- This site is optimized with the Yoast SEO plugin v21.5 - https:\/\/yoast.com\/wordpress\/plugins\/seo\/ -->\n<title>PANTALON JEAN MULTIPOCHES - Espace Pros<\/title>\n<meta name=\"robots\" content=\"index, follow, max-snippet:-1, max-image-preview:large, max-video-preview:-1\" \/>\n<link rel=\"canonical\" href=\"https:\/\/ma-boutique-club.com\/pro\/produit\/pantalon-jean-multipoches\/\" \/>\n<meta property=\"og:locale\" content=\"fr_FR\" \/>\n<meta property=\"og:type\" content=\"article\" \/>\n<meta property=\"og:title\" content=\"PANTALON JEAN MULTIPOCHES - Espace Pros\" \/>\n<meta property=\"og:description\" content=\"99% coton \/ 1% \u00e9lasthanne. Toile denim. Lavable \u00e0 60\u00b0C. Coupe ajust\u00e9e. Fermeture boutonn\u00e9e avec cache-boutons et zip m\u00e9tal. Devant : 2 poches ouverture en biais. C\u00f4t\u00e9 gauche : poche couture renforc\u00e9e \u00e0 rabat avec fermeture auto-agrippante + sur-poche \u00e0 3 compartiments dont 1 avec passe-stylo. C\u00f4t\u00e9 droit : passe-marteau, poche m\u00e8tre + surpoche avec [&hellip;]\" \/>\n<meta property=\"og:url\" content=\"https:\/\/ma-boutique-club.com\/pro\/produit\/pantalon-jean-multipoches\/\" \/>\n<meta property=\"og:site_name\" content=\"Espace Pros\" \/>\n<meta property=\"article:modified_time\" content=\"2025-06-26T13:43:13+00:00\" \/>\n<meta property=\"og:image\" content=\"https:\/\/ma-boutique-club.com\/pro\/wp-content\/uploads\/sites\/95\/2023\/10\/WK705.png\" \/>\n\t<meta property=\"og:image:width\" content=\"800\" \/>\n\t<meta property=\"og:image:height\" content=\"800\" \/>\n\t<meta property=\"og:image:type\" content=\"image\/png\" \/>\n<meta name=\"twitter:card\" content=\"summary_large_image\" \/>\n<meta name=\"twitter:label1\" content=\"Dur\u00e9e de lecture estim\u00e9e\" \/>\n\t<meta name=\"twitter:data1\" content=\"1 minute\" \/>\n<script type=\"application\/ld+json\" class=\"yoast-schema-graph\">{\"@context\":\"https:\/\/schema.org\",\"@graph\":[{\"@type\":\"WebPage\",\"@id\":\"https:\/\/ma-boutique-club.com\/pro\/produit\/pantalon-jean-multipoches\/\",\"url\":\"https:\/\/ma-boutique-club.com\/pro\/produit\/pantalon-jean-multipoches\/\",\"name\":\"PANTALON JEAN MULTIPOCHES - Espace Pros\",\"isPartOf\":{\"@id\":\"https:\/\/ma-boutique-club.com\/pro\/#website\"},\"datePublished\":\"2022-11-21T12:36:54+00:00\",\"dateModified\":\"2025-06-26T13:43:13+00:00\",\"breadcrumb\":{\"@id\":\"https:\/\/ma-boutique-club.com\/pro\/produit\/pantalon-jean-multipoches\/#breadcrumb\"},\"inLanguage\":\"fr-FR\",\"potentialAction\":[{\"@type\":\"ReadAction\",\"target\":[\"https:\/\/ma-boutique-club.com\/pro\/produit\/pantalon-jean-multipoches\/\"]}]},{\"@type\":\"BreadcrumbList\",\"@id\":\"https:\/\/ma-boutique-club.com\/pro\/produit\/pantalon-jean-multipoches\/#breadcrumb\",\"itemListElement\":[{\"@type\":\"ListItem\",\"position\":1,\"name\":\"Accueil\",\"item\":\"https:\/\/ma-boutique-club.com\/pro\/\"},{\"@type\":\"ListItem\",\"position\":2,\"name\":\"Boutique\",\"item\":\"https:\/\/ma-boutique-club.com\/pro\/boutique\/\"},{\"@type\":\"ListItem\",\"position\":3,\"name\":\"PANTALON JEAN MULTIPOCHES\"}]},{\"@type\":\"WebSite\",\"@id\":\"https:\/\/ma-boutique-club.com\/pro\/#website\",\"url\":\"https:\/\/ma-boutique-club.com\/pro\/\",\"name\":\"Espace Pros\",\"description\":\"Ma Boutique Club\",\"publisher\":{\"@id\":\"https:\/\/ma-boutique-club.com\/pro\/#organization\"},\"potentialAction\":[{\"@type\":\"SearchAction\",\"target\":{\"@type\":\"EntryPoint\",\"urlTemplate\":\"https:\/\/ma-boutique-club.com\/pro\/?s={search_term_string}\"},\"query-input\":\"required name=search_term_string\"}],\"inLanguage\":\"fr-FR\"},{\"@type\":\"Organization\",\"@id\":\"https:\/\/ma-boutique-club.com\/pro\/#organization\",\"name\":\"Espace Pros\",\"url\":\"https:\/\/ma-boutique-club.com\/pro\/\",\"logo\":{\"@type\":\"ImageObject\",\"inLanguage\":\"fr-FR\",\"@id\":\"https:\/\/ma-boutique-club.com\/pro\/#\/schema\/logo\/image\/\",\"url\":\"https:\/\/ma-boutique-club.com\/pro\/wp-content\/uploads\/sites\/95\/2023\/10\/cropped-PNG-BLACK-2.png\",\"contentUrl\":\"https:\/\/ma-boutique-club.com\/pro\/wp-content\/uploads\/sites\/95\/2023\/10\/cropped-PNG-BLACK-2.png\",\"width\":2400,\"height\":1026,\"caption\":\"Espace Pros\"},\"image\":{\"@id\":\"https:\/\/ma-boutique-club.com\/pro\/#\/schema\/logo\/image\/\"}}]}<\/script>\n<!-- \/ Yoast SEO plugin. -->","yoast_head_json":{"title":"PANTALON JEAN MULTIPOCHES - Espace Pros","robots":{"index":"index","follow":"follow","max-snippet":"max-snippet:-1","max-image-preview":"max-image-preview:large","max-video-preview":"max-video-preview:-1"},"canonical":"https:\/\/ma-boutique-club.com\/pro\/produit\/pantalon-jean-multipoches\/","og_locale":"fr_FR","og_type":"article","og_title":"PANTALON JEAN MULTIPOCHES - Espace Pros","og_description":"99% coton \/ 1% \u00e9lasthanne. Toile denim. Lavable \u00e0 60\u00b0C. Coupe ajust\u00e9e. Fermeture boutonn\u00e9e avec cache-boutons et zip m\u00e9tal. Devant : 2 poches ouverture en biais. C\u00f4t\u00e9 gauche : poche couture renforc\u00e9e \u00e0 rabat avec fermeture auto-agrippante + sur-poche \u00e0 3 compartiments dont 1 avec passe-stylo. C\u00f4t\u00e9 droit : passe-marteau, poche m\u00e8tre + surpoche avec [&hellip;]","og_url":"https:\/\/ma-boutique-club.com\/pro\/produit\/pantalon-jean-multipoches\/","og_site_name":"Espace Pros","article_modified_time":"2025-06-26T13:43:13+00:00","og_image":[{"width":800,"height":800,"url":"https:\/\/ma-boutique-club.com\/pro\/wp-content\/uploads\/sites\/95\/2023\/10\/WK705.png","type":"image\/png"}],"twitter_card":"summary_large_image","twitter_misc":{"Dur\u00e9e de lecture estim\u00e9e":"1 minute"},"schema":{"@context":"https:\/\/schema.org","@graph":[{"@type":"WebPage","@id":"https:\/\/ma-boutique-club.com\/pro\/produit\/pantalon-jean-multipoches\/","url":"https:\/\/ma-boutique-club.com\/pro\/produit\/pantalon-jean-multipoches\/","name":"PANTALON JEAN MULTIPOCHES - Espace Pros","isPartOf":{"@id":"https:\/\/ma-boutique-club.com\/pro\/#website"},"datePublished":"2022-11-21T12:36:54+00:00","dateModified":"2025-06-26T13:43:13+00:00","breadcrumb":{"@id":"https:\/\/ma-boutique-club.com\/pro\/produit\/pantalon-jean-multipoches\/#breadcrumb"},"inLanguage":"fr-FR","potentialAction":[{"@type":"ReadAction","target":["https:\/\/ma-boutique-club.com\/pro\/produit\/pantalon-jean-multipoches\/"]}]},{"@type":"BreadcrumbList","@id":"https:\/\/ma-boutique-club.com\/pro\/produit\/pantalon-jean-multipoches\/#breadcrumb","itemListElement":[{"@type":"ListItem","position":1,"name":"Accueil","item":"https:\/\/ma-boutique-club.com\/pro\/"},{"@type":"ListItem","position":2,"name":"Boutique","item":"https:\/\/ma-boutique-club.com\/pro\/boutique\/"},{"@type":"ListItem","position":3,"name":"PANTALON JEAN MULTIPOCHES"}]},{"@type":"WebSite","@id":"https:\/\/ma-boutique-club.com\/pro\/#website","url":"https:\/\/ma-boutique-club.com\/pro\/","name":"Espace Pros","description":"Ma Boutique Club","publisher":{"@id":"https:\/\/ma-boutique-club.com\/pro\/#organization"},"potentialAction":[{"@type":"SearchAction","target":{"@type":"EntryPoint","urlTemplate":"https:\/\/ma-boutique-club.com\/pro\/?s={search_term_string}"},"query-input":"required name=search_term_string"}],"inLanguage":"fr-FR"},{"@type":"Organization","@id":"https:\/\/ma-boutique-club.com\/pro\/#organization","name":"Espace Pros","url":"https:\/\/ma-boutique-club.com\/pro\/","logo":{"@type":"ImageObject","inLanguage":"fr-FR","@id":"https:\/\/ma-boutique-club.com\/pro\/#\/schema\/logo\/image\/","url":"https:\/\/ma-boutique-club.com\/pro\/wp-content\/uploads\/sites\/95\/2023\/10\/cropped-PNG-BLACK-2.png","contentUrl":"https:\/\/ma-boutique-club.com\/pro\/wp-content\/uploads\/sites\/95\/2023\/10\/cropped-PNG-BLACK-2.png","width":2400,"height":1026,"caption":"Espace Pros"},"image":{"@id":"https:\/\/ma-boutique-club.com\/pro\/#\/schema\/logo\/image\/"}}]}},"acf":[],"uagb_featured_image_src":{"full":["https:\/\/ma-boutique-club.com\/pro\/wp-content\/uploads\/sites\/95\/2023\/10\/WK705.png",800,800,false],"thumbnail":["https:\/\/ma-boutique-club.com\/pro\/wp-content\/uploads\/sites\/95\/2023\/10\/WK705-150x150.png",150,150,true],"medium":["https:\/\/ma-boutique-club.com\/pro\/wp-content\/uploads\/sites\/95\/2023\/10\/WK705-300x300.png",300,300,true],"medium_large":["https:\/\/ma-boutique-club.com\/pro\/wp-content\/uploads\/sites\/95\/2023\/10\/WK705-768x768.png",768,768,true],"large":["https:\/\/ma-boutique-club.com\/pro\/wp-content\/uploads\/sites\/95\/2023\/10\/WK705.png",800,800,false],"1536x1536":["https:\/\/ma-boutique-club.com\/pro\/wp-content\/uploads\/sites\/95\/2023\/10\/WK705.png",800,800,false],"2048x2048":["https:\/\/ma-boutique-club.com\/pro\/wp-content\/uploads\/sites\/95\/2023\/10\/WK705.png",800,800,false],"woocommerce_thumbnail":["https:\/\/ma-boutique-club.com\/pro\/wp-content\/uploads\/sites\/95\/2023\/10\/WK705-300x300.png",300,300,true],"woocommerce_single":["https:\/\/ma-boutique-club.com\/pro\/wp-content\/uploads\/sites\/95\/2023\/10\/WK705-600x600.png",600,600,true],"woocommerce_gallery_thumbnail":["https:\/\/ma-boutique-club.com\/pro\/wp-content\/uploads\/sites\/95\/2023\/10\/WK705-100x100.png",100,100,true]},"uagb_author_info":{"display_name":"theombc0604","author_link":"https:\/\/ma-boutique-club.com\/pro\/blog\/author\/"},"uagb_comment_info":0,"uagb_excerpt":"99% coton \/ 1% \u00e9lasthanne. Toile denim. Lavable \u00e0 60\u00b0C. Coupe ajust\u00e9e. Fermeture boutonn\u00e9e avec cache-boutons et zip m\u00e9tal. Devant : 2 poches ouverture en biais. C\u00f4t\u00e9 gauche : poche couture renforc\u00e9e \u00e0 rabat avec fermeture auto-agrippante + sur-poche \u00e0 3 compartiments dont 1 avec passe-stylo. C\u00f4t\u00e9 droit : passe-marteau, poche m\u00e8tre + surpoche avec\u2026","_links":{"self":[{"href":"https:\/\/ma-boutique-club.com\/pro\/wp-json\/wp\/v2\/product\/4067"}],"collection":[{"href":"https:\/\/ma-boutique-club.com\/pro\/wp-json\/wp\/v2\/product"}],"about":[{"href":"https:\/\/ma-boutique-club.com\/pro\/wp-json\/wp\/v2\/types\/product"}],"wp:featuredmedia":[{"embeddable":true,"href":"https:\/\/ma-boutique-club.com\/pro\/wp-json\/wp\/v2\/media\/4321"}],"wp:attachment":[{"href":"https:\/\/ma-boutique-club.com\/pro\/wp-json\/wp\/v2\/media?parent=4067"}],"wp:term":[{"taxonomy":"product_cat","embeddable":true,"href":"https:\/\/ma-boutique-club.com\/pro\/wp-json\/wp\/v2\/product_cat?post=4067"},{"taxonomy":"product_tag","embeddable":true,"href":"https:\/\/ma-boutique-club.com\/pro\/wp-json\/wp\/v2\/product_tag?post=4067"}],"curies":[{"name":"wp","href":"https:\/\/api.w.org\/{rel}","templated":true}]}}