{"id":1118,"date":"2022-07-04T12:07:50","date_gmt":"2022-07-04T10:07:50","guid":{"rendered":"https:\/\/ma-boutique-club.com\/pro\/?post_type=product&#038;p=1118"},"modified":"2025-06-26T15:43:50","modified_gmt":"2025-06-26T13:43:50","slug":"tablier","status":"publish","type":"product","link":"https:\/\/ma-boutique-club.com\/pro\/produit\/tablier\/","title":{"rendered":"TABLIER"},"content":{"rendered":"<p>65% polyester \/ 35% coton. Lavage domestique 60\u00b0C. Lavage industriel 85\u00b0C conforme aux \u00e9xigences de la norme ISO15797. Boucle de r\u00e9glage en m\u00e9tal au niveau du cou pour ajuster la longueur du tablier. Grande poche avant en deux compartiments. Dimensions : H 90 cm &#8211; L 76 cm. Poche : H 20 cm &#8211; L 31,5 cm. Certifi\u00e9 STANDARD 100 by OEKO-TEX\u00ae N\u00b0 CQ 1007\/8, IFTH.<\/p>\n<p>Disponible en taille unique.<\/p>\n<p>R\u00e9f\u00e9rence\u00a0: K8010-BLACK<\/p>\n","protected":false},"excerpt":{"rendered":"<p>65% polyester \/ 35% coton. Lavage domestique 60\u00b0C. Lavage industriel 85\u00b0C conforme aux \u00e9xigences de la norme ISO15797. Boucle de r\u00e9glage en m\u00e9tal au niveau du cou pour ajuster la longueur du tablier. Grande poche avant en deux compartiments. Dimensions : H 90 cm &#8211; L 76 cm. Poche : H 20 cm &#8211; L [&hellip;]<\/p>\n","protected":false},"featured_media":4290,"template":"","meta":{"_acf_changed":false,"_uag_custom_page_level_css":"","site-sidebar-layout":"default","site-content-layout":"default","ast-site-content-layout":"default","site-content-style":"default","site-sidebar-style":"default","ast-global-header-display":"","ast-banner-title-visibility":"","ast-main-header-display":"","ast-hfb-above-header-display":"","ast-hfb-below-header-display":"","ast-hfb-mobile-header-display":"","site-post-title":"","ast-breadcrumbs-content":"","ast-featured-img":"","footer-sml-layout":"","theme-transparent-header-meta":"default","adv-header-id-meta":"","stick-header-meta":"","header-above-stick-meta":"","header-main-stick-meta":"","header-below-stick-meta":"","astra-migrate-meta-layouts":"set","ast-page-background-enabled":"default","ast-page-background-meta":{"desktop":{"background-color":"var(--ast-global-color-4)","background-image":"","background-repeat":"repeat","background-position":"center center","background-size":"auto","background-attachment":"scroll","background-type":"","background-media":"","overlay-type":"","overlay-color":"","overlay-opacity":"","overlay-gradient":""},"tablet":{"background-color":"","background-image":"","background-repeat":"repeat","background-position":"center center","background-size":"auto","background-attachment":"scroll","background-type":"","background-media":"","overlay-type":"","overlay-color":"","overlay-opacity":"","overlay-gradient":""},"mobile":{"background-color":"","background-image":"","background-repeat":"repeat","background-position":"center center","background-size":"auto","background-attachment":"scroll","background-type":"","background-media":"","overlay-type":"","overlay-color":"","overlay-opacity":"","overlay-gradient":""}},"ast-content-background-meta":{"desktop":{"background-color":"var(--ast-global-color-5)","background-image":"","background-repeat":"repeat","background-position":"center center","background-size":"auto","background-attachment":"scroll","background-type":"","background-media":"","overlay-type":"","overlay-color":"","overlay-opacity":"","overlay-gradient":""},"tablet":{"background-color":"var(--ast-global-color-5)","background-image":"","background-repeat":"repeat","background-position":"center center","background-size":"auto","background-attachment":"scroll","background-type":"","background-media":"","overlay-type":"","overlay-color":"","overlay-opacity":"","overlay-gradient":""},"mobile":{"background-color":"var(--ast-global-color-5)","background-image":"","background-repeat":"repeat","background-position":"center center","background-size":"auto","background-attachment":"scroll","background-type":"","background-media":"","overlay-type":"","overlay-color":"","overlay-opacity":"","overlay-gradient":""}}},"product_cat":[76,31,30],"product_tag":[],"yoast_head":"<!-- This site is optimized with the Yoast SEO plugin v21.5 - https:\/\/yoast.com\/wordpress\/plugins\/seo\/ -->\n<title>TABLIER - Espace Pros<\/title>\n<meta name=\"robots\" content=\"index, follow, max-snippet:-1, max-image-preview:large, max-video-preview:-1\" \/>\n<link rel=\"canonical\" href=\"https:\/\/ma-boutique-club.com\/pro\/produit\/tablier\/\" \/>\n<meta property=\"og:locale\" content=\"fr_FR\" \/>\n<meta property=\"og:type\" content=\"article\" \/>\n<meta property=\"og:title\" content=\"TABLIER - Espace Pros\" \/>\n<meta property=\"og:description\" content=\"65% polyester \/ 35% coton. Lavage domestique 60\u00b0C. Lavage industriel 85\u00b0C conforme aux \u00e9xigences de la norme ISO15797. Boucle de r\u00e9glage en m\u00e9tal au niveau du cou pour ajuster la longueur du tablier. Grande poche avant en deux compartiments. Dimensions : H 90 cm &#8211; L 76 cm. Poche : H 20 cm &#8211; L [&hellip;]\" \/>\n<meta property=\"og:url\" content=\"https:\/\/ma-boutique-club.com\/pro\/produit\/tablier\/\" \/>\n<meta property=\"og:site_name\" content=\"Espace Pros\" \/>\n<meta property=\"article:modified_time\" content=\"2025-06-26T13:43:50+00:00\" \/>\n<meta property=\"og:image\" content=\"https:\/\/ma-boutique-club.com\/pro\/wp-content\/uploads\/sites\/95\/2023\/10\/K8010.png\" \/>\n\t<meta property=\"og:image:width\" content=\"800\" \/>\n\t<meta property=\"og:image:height\" content=\"800\" \/>\n\t<meta property=\"og:image:type\" content=\"image\/png\" \/>\n<meta name=\"twitter:card\" content=\"summary_large_image\" \/>\n<meta name=\"twitter:label1\" content=\"Dur\u00e9e de lecture estim\u00e9e\" \/>\n\t<meta name=\"twitter:data1\" content=\"1 minute\" \/>\n<script type=\"application\/ld+json\" class=\"yoast-schema-graph\">{\"@context\":\"https:\/\/schema.org\",\"@graph\":[{\"@type\":\"WebPage\",\"@id\":\"https:\/\/ma-boutique-club.com\/pro\/produit\/tablier\/\",\"url\":\"https:\/\/ma-boutique-club.com\/pro\/produit\/tablier\/\",\"name\":\"TABLIER - Espace Pros\",\"isPartOf\":{\"@id\":\"https:\/\/ma-boutique-club.com\/pro\/#website\"},\"datePublished\":\"2022-07-04T10:07:50+00:00\",\"dateModified\":\"2025-06-26T13:43:50+00:00\",\"breadcrumb\":{\"@id\":\"https:\/\/ma-boutique-club.com\/pro\/produit\/tablier\/#breadcrumb\"},\"inLanguage\":\"fr-FR\",\"potentialAction\":[{\"@type\":\"ReadAction\",\"target\":[\"https:\/\/ma-boutique-club.com\/pro\/produit\/tablier\/\"]}]},{\"@type\":\"BreadcrumbList\",\"@id\":\"https:\/\/ma-boutique-club.com\/pro\/produit\/tablier\/#breadcrumb\",\"itemListElement\":[{\"@type\":\"ListItem\",\"position\":1,\"name\":\"Accueil\",\"item\":\"https:\/\/ma-boutique-club.com\/pro\/\"},{\"@type\":\"ListItem\",\"position\":2,\"name\":\"Boutique\",\"item\":\"https:\/\/ma-boutique-club.com\/pro\/boutique\/\"},{\"@type\":\"ListItem\",\"position\":3,\"name\":\"TABLIER\"}]},{\"@type\":\"WebSite\",\"@id\":\"https:\/\/ma-boutique-club.com\/pro\/#website\",\"url\":\"https:\/\/ma-boutique-club.com\/pro\/\",\"name\":\"Espace Pros\",\"description\":\"Ma Boutique Club\",\"publisher\":{\"@id\":\"https:\/\/ma-boutique-club.com\/pro\/#organization\"},\"potentialAction\":[{\"@type\":\"SearchAction\",\"target\":{\"@type\":\"EntryPoint\",\"urlTemplate\":\"https:\/\/ma-boutique-club.com\/pro\/?s={search_term_string}\"},\"query-input\":\"required name=search_term_string\"}],\"inLanguage\":\"fr-FR\"},{\"@type\":\"Organization\",\"@id\":\"https:\/\/ma-boutique-club.com\/pro\/#organization\",\"name\":\"Espace Pros\",\"url\":\"https:\/\/ma-boutique-club.com\/pro\/\",\"logo\":{\"@type\":\"ImageObject\",\"inLanguage\":\"fr-FR\",\"@id\":\"https:\/\/ma-boutique-club.com\/pro\/#\/schema\/logo\/image\/\",\"url\":\"https:\/\/ma-boutique-club.com\/pro\/wp-content\/uploads\/sites\/95\/2023\/10\/cropped-PNG-BLACK-2.png\",\"contentUrl\":\"https:\/\/ma-boutique-club.com\/pro\/wp-content\/uploads\/sites\/95\/2023\/10\/cropped-PNG-BLACK-2.png\",\"width\":2400,\"height\":1026,\"caption\":\"Espace Pros\"},\"image\":{\"@id\":\"https:\/\/ma-boutique-club.com\/pro\/#\/schema\/logo\/image\/\"}}]}<\/script>\n<!-- \/ Yoast SEO plugin. -->","yoast_head_json":{"title":"TABLIER - Espace Pros","robots":{"index":"index","follow":"follow","max-snippet":"max-snippet:-1","max-image-preview":"max-image-preview:large","max-video-preview":"max-video-preview:-1"},"canonical":"https:\/\/ma-boutique-club.com\/pro\/produit\/tablier\/","og_locale":"fr_FR","og_type":"article","og_title":"TABLIER - Espace Pros","og_description":"65% polyester \/ 35% coton. Lavage domestique 60\u00b0C. Lavage industriel 85\u00b0C conforme aux \u00e9xigences de la norme ISO15797. Boucle de r\u00e9glage en m\u00e9tal au niveau du cou pour ajuster la longueur du tablier. Grande poche avant en deux compartiments. Dimensions : H 90 cm &#8211; L 76 cm. Poche : H 20 cm &#8211; L [&hellip;]","og_url":"https:\/\/ma-boutique-club.com\/pro\/produit\/tablier\/","og_site_name":"Espace Pros","article_modified_time":"2025-06-26T13:43:50+00:00","og_image":[{"width":800,"height":800,"url":"https:\/\/ma-boutique-club.com\/pro\/wp-content\/uploads\/sites\/95\/2023\/10\/K8010.png","type":"image\/png"}],"twitter_card":"summary_large_image","twitter_misc":{"Dur\u00e9e de lecture estim\u00e9e":"1 minute"},"schema":{"@context":"https:\/\/schema.org","@graph":[{"@type":"WebPage","@id":"https:\/\/ma-boutique-club.com\/pro\/produit\/tablier\/","url":"https:\/\/ma-boutique-club.com\/pro\/produit\/tablier\/","name":"TABLIER - Espace Pros","isPartOf":{"@id":"https:\/\/ma-boutique-club.com\/pro\/#website"},"datePublished":"2022-07-04T10:07:50+00:00","dateModified":"2025-06-26T13:43:50+00:00","breadcrumb":{"@id":"https:\/\/ma-boutique-club.com\/pro\/produit\/tablier\/#breadcrumb"},"inLanguage":"fr-FR","potentialAction":[{"@type":"ReadAction","target":["https:\/\/ma-boutique-club.com\/pro\/produit\/tablier\/"]}]},{"@type":"BreadcrumbList","@id":"https:\/\/ma-boutique-club.com\/pro\/produit\/tablier\/#breadcrumb","itemListElement":[{"@type":"ListItem","position":1,"name":"Accueil","item":"https:\/\/ma-boutique-club.com\/pro\/"},{"@type":"ListItem","position":2,"name":"Boutique","item":"https:\/\/ma-boutique-club.com\/pro\/boutique\/"},{"@type":"ListItem","position":3,"name":"TABLIER"}]},{"@type":"WebSite","@id":"https:\/\/ma-boutique-club.com\/pro\/#website","url":"https:\/\/ma-boutique-club.com\/pro\/","name":"Espace Pros","description":"Ma Boutique Club","publisher":{"@id":"https:\/\/ma-boutique-club.com\/pro\/#organization"},"potentialAction":[{"@type":"SearchAction","target":{"@type":"EntryPoint","urlTemplate":"https:\/\/ma-boutique-club.com\/pro\/?s={search_term_string}"},"query-input":"required name=search_term_string"}],"inLanguage":"fr-FR"},{"@type":"Organization","@id":"https:\/\/ma-boutique-club.com\/pro\/#organization","name":"Espace Pros","url":"https:\/\/ma-boutique-club.com\/pro\/","logo":{"@type":"ImageObject","inLanguage":"fr-FR","@id":"https:\/\/ma-boutique-club.com\/pro\/#\/schema\/logo\/image\/","url":"https:\/\/ma-boutique-club.com\/pro\/wp-content\/uploads\/sites\/95\/2023\/10\/cropped-PNG-BLACK-2.png","contentUrl":"https:\/\/ma-boutique-club.com\/pro\/wp-content\/uploads\/sites\/95\/2023\/10\/cropped-PNG-BLACK-2.png","width":2400,"height":1026,"caption":"Espace Pros"},"image":{"@id":"https:\/\/ma-boutique-club.com\/pro\/#\/schema\/logo\/image\/"}}]}},"acf":[],"uagb_featured_image_src":{"full":["https:\/\/ma-boutique-club.com\/pro\/wp-content\/uploads\/sites\/95\/2023\/10\/K8010.png",800,800,false],"thumbnail":["https:\/\/ma-boutique-club.com\/pro\/wp-content\/uploads\/sites\/95\/2023\/10\/K8010-150x150.png",150,150,true],"medium":["https:\/\/ma-boutique-club.com\/pro\/wp-content\/uploads\/sites\/95\/2023\/10\/K8010-300x300.png",300,300,true],"medium_large":["https:\/\/ma-boutique-club.com\/pro\/wp-content\/uploads\/sites\/95\/2023\/10\/K8010-768x768.png",768,768,true],"large":["https:\/\/ma-boutique-club.com\/pro\/wp-content\/uploads\/sites\/95\/2023\/10\/K8010.png",800,800,false],"1536x1536":["https:\/\/ma-boutique-club.com\/pro\/wp-content\/uploads\/sites\/95\/2023\/10\/K8010.png",800,800,false],"2048x2048":["https:\/\/ma-boutique-club.com\/pro\/wp-content\/uploads\/sites\/95\/2023\/10\/K8010.png",800,800,false],"woocommerce_thumbnail":["https:\/\/ma-boutique-club.com\/pro\/wp-content\/uploads\/sites\/95\/2023\/10\/K8010-300x300.png",300,300,true],"woocommerce_single":["https:\/\/ma-boutique-club.com\/pro\/wp-content\/uploads\/sites\/95\/2023\/10\/K8010-600x600.png",600,600,true],"woocommerce_gallery_thumbnail":["https:\/\/ma-boutique-club.com\/pro\/wp-content\/uploads\/sites\/95\/2023\/10\/K8010-100x100.png",100,100,true]},"uagb_author_info":{"display_name":"test","author_link":"https:\/\/ma-boutique-club.com\/pro\/blog\/author\/"},"uagb_comment_info":0,"uagb_excerpt":"65% polyester \/ 35% coton. Lavage domestique 60\u00b0C. Lavage industriel 85\u00b0C conforme aux \u00e9xigences de la norme ISO15797. Boucle de r\u00e9glage en m\u00e9tal au niveau du cou pour ajuster la longueur du tablier. Grande poche avant en deux compartiments. Dimensions : H 90 cm &#8211; L 76 cm. Poche : H 20 cm &#8211; L\u2026","_links":{"self":[{"href":"https:\/\/ma-boutique-club.com\/pro\/wp-json\/wp\/v2\/product\/1118"}],"collection":[{"href":"https:\/\/ma-boutique-club.com\/pro\/wp-json\/wp\/v2\/product"}],"about":[{"href":"https:\/\/ma-boutique-club.com\/pro\/wp-json\/wp\/v2\/types\/product"}],"wp:featuredmedia":[{"embeddable":true,"href":"https:\/\/ma-boutique-club.com\/pro\/wp-json\/wp\/v2\/media\/4290"}],"wp:attachment":[{"href":"https:\/\/ma-boutique-club.com\/pro\/wp-json\/wp\/v2\/media?parent=1118"}],"wp:term":[{"taxonomy":"product_cat","embeddable":true,"href":"https:\/\/ma-boutique-club.com\/pro\/wp-json\/wp\/v2\/product_cat?post=1118"},{"taxonomy":"product_tag","embeddable":true,"href":"https:\/\/ma-boutique-club.com\/pro\/wp-json\/wp\/v2\/product_tag?post=1118"}],"curies":[{"name":"wp","href":"https:\/\/api.w.org\/{rel}","templated":true}]}}