{"id":324,"date":"2025-07-23T16:18:20","date_gmt":"2025-07-23T14:18:20","guid":{"rendered":"https:\/\/ma-boutique-club.com\/marguerittesrugbyclub\/?post_type=product&#038;p=324"},"modified":"2025-10-02T11:03:37","modified_gmt":"2025-10-02T09:03:37","slug":"veste-grevolo-adulte-copie","status":"publish","type":"product","link":"https:\/\/ma-boutique-club.com\/marguerittesrugbyclub\/?product=veste-grevolo-adulte-copie","title":{"rendered":"Doudoune hybride Adulte"},"content":{"rendered":"<div class=\"elementor-element elementor-element-90d0e20 e-n-tabs-mobile elementor-widget elementor-widget-n-tabs\" data-id=\"90d0e20\" data-element_type=\"widget\" data-settings=\"{&quot;tabs_justify_horizontal&quot;:&quot;start&quot;,&quot;horizontal_scroll&quot;:&quot;disable&quot;}\" data-widget_type=\"nested-tabs.default\">\n<div class=\"elementor-widget-container\">\n<div class=\"e-n-tabs e-activated\" data-widget-number=\"151850528\" aria-label=\"Onglets. Ouvrez des \u00e9l\u00e9ments avec Entrer ou Espace, fermez-les avec Echape et naviguez \u00e0 l'aide des touches fl\u00e9ch\u00e9es.\" data-touch-mode=\"false\">\n<div class=\"e-n-tabs-content\">\n<div id=\"e-n-tab-content-1518505281\" class=\"e-active elementor-element elementor-element-66a554e e-con-full e-flex e-con e-child\" role=\"tabpanel\" aria-labelledby=\"e-n-tab-title-1518505281\" data-tab-index=\"1\" data-id=\"66a554e\" data-element_type=\"container\" data-settings=\"{&quot;jet_parallax_layout_list&quot;:[]}\">\n<div class=\"elementor-element elementor-element-86b99d7 elementor-widget elementor-widget-woocommerce-product-content\" data-id=\"86b99d7\" data-element_type=\"widget\" data-widget_type=\"woocommerce-product-content.default\">\n<div class=\"elementor-widget-container\">\n<ul>\n<li>Softshell sur les \u00e9paules et poitrine pour permettre une grande libert\u00e9 de mouvements<\/li>\n<li>Surface ext\u00e9rieures d\u00e9perlante<\/li>\n<li>Poches lat\u00e9rales zipp\u00e9es<\/li>\n<li>Mati\u00e8re : 100% polyester<\/li>\n<\/ul>\n<\/div>\n<\/div>\n<\/div>\n<\/div>\n<\/div>\n<\/div>\n<\/div>\n","protected":false},"excerpt":{"rendered":"<p>Softshell sur les \u00e9paules et poitrine pour permettre une grande libert\u00e9 de mouvements Surface ext\u00e9rieures d\u00e9perlante Poches lat\u00e9rales zipp\u00e9es Mati\u00e8re [&hellip;]<\/p>\n","protected":false},"featured_media":737,"template":"","meta":{"_uag_custom_page_level_css":"","site-sidebar-layout":"default","site-content-layout":"","ast-site-content-layout":"default","site-content-style":"default","site-sidebar-style":"default","ast-global-header-display":"","ast-banner-title-visibility":"","ast-main-header-display":"","ast-hfb-above-header-display":"","ast-hfb-below-header-display":"","ast-hfb-mobile-header-display":"","site-post-title":"","ast-breadcrumbs-content":"","ast-featured-img":"","footer-sml-layout":"","theme-transparent-header-meta":"default","adv-header-id-meta":"","stick-header-meta":"","header-above-stick-meta":"","header-main-stick-meta":"","header-below-stick-meta":"","astra-migrate-meta-layouts":"set","ast-page-background-enabled":"default","ast-page-background-meta":{"desktop":{"background-color":"var(--ast-global-color-5)","background-image":"","background-repeat":"repeat","background-position":"center center","background-size":"auto","background-attachment":"scroll","background-type":"","background-media":"","overlay-type":"","overlay-color":"","overlay-opacity":"","overlay-gradient":""},"tablet":{"background-color":"","background-image":"","background-repeat":"repeat","background-position":"center center","background-size":"auto","background-attachment":"scroll","background-type":"","background-media":"","overlay-type":"","overlay-color":"","overlay-opacity":"","overlay-gradient":""},"mobile":{"background-color":"","background-image":"","background-repeat":"repeat","background-position":"center center","background-size":"auto","background-attachment":"scroll","background-type":"","background-media":"","overlay-type":"","overlay-color":"","overlay-opacity":"","overlay-gradient":""}},"ast-content-background-meta":{"desktop":{"background-color":"var(--ast-global-color-4)","background-image":"","background-repeat":"repeat","background-position":"center center","background-size":"auto","background-attachment":"scroll","background-type":"","background-media":"","overlay-type":"","overlay-color":"","overlay-opacity":"","overlay-gradient":""},"tablet":{"background-color":"var(--ast-global-color-4)","background-image":"","background-repeat":"repeat","background-position":"center center","background-size":"auto","background-attachment":"scroll","background-type":"","background-media":"","overlay-type":"","overlay-color":"","overlay-opacity":"","overlay-gradient":""},"mobile":{"background-color":"var(--ast-global-color-4)","background-image":"","background-repeat":"repeat","background-position":"center center","background-size":"auto","background-attachment":"scroll","background-type":"","background-media":"","overlay-type":"","overlay-color":"","overlay-opacity":"","overlay-gradient":""}}},"product_cat":[41,91,43,44],"product_tag":[54,49,47],"yoast_head":"<!-- This site is optimized with the Yoast SEO plugin v21.5 - https:\/\/yoast.com\/wordpress\/plugins\/seo\/ -->\n<title>Doudoune hybride Adulte - Marguerittes Rugby Club<\/title>\n<meta name=\"robots\" content=\"index, follow, max-snippet:-1, max-image-preview:large, max-video-preview:-1\" \/>\n<link rel=\"canonical\" href=\"https:\/\/ma-boutique-club.com\/marguerittesrugbyclub\/?product=veste-grevolo-adulte-copie\" \/>\n<meta property=\"og:locale\" content=\"fr_FR\" \/>\n<meta property=\"og:type\" content=\"article\" \/>\n<meta property=\"og:title\" content=\"Doudoune hybride Adulte - Marguerittes Rugby Club\" \/>\n<meta property=\"og:description\" content=\"Softshell sur les \u00e9paules et poitrine pour permettre une grande libert\u00e9 de mouvements Surface ext\u00e9rieures d\u00e9perlante Poches lat\u00e9rales zipp\u00e9es Mati\u00e8re [&hellip;]\" \/>\n<meta property=\"og:url\" content=\"https:\/\/ma-boutique-club.com\/marguerittesrugbyclub\/?product=veste-grevolo-adulte-copie\" \/>\n<meta property=\"og:site_name\" content=\"Marguerittes Rugby Club\" \/>\n<meta property=\"article:modified_time\" content=\"2025-10-02T09:03:37+00:00\" \/>\n<meta property=\"og:image\" content=\"https:\/\/ma-boutique-club.com\/marguerittesrugbyclub\/wp-content\/uploads\/sites\/109\/2025\/10\/32FE9A02-14-2.png\" \/>\n\t<meta property=\"og:image:width\" content=\"800\" \/>\n\t<meta property=\"og:image:height\" content=\"800\" \/>\n\t<meta property=\"og:image:type\" content=\"image\/png\" \/>\n<meta name=\"twitter:card\" content=\"summary_large_image\" \/>\n<meta name=\"twitter:label1\" content=\"Dur\u00e9e de lecture estim\u00e9e\" \/>\n\t<meta name=\"twitter:data1\" content=\"1 minute\" \/>\n<script type=\"application\/ld+json\" class=\"yoast-schema-graph\">{\"@context\":\"https:\/\/schema.org\",\"@graph\":[{\"@type\":\"WebPage\",\"@id\":\"https:\/\/ma-boutique-club.com\/marguerittesrugbyclub\/?product=veste-grevolo-adulte-copie\",\"url\":\"https:\/\/ma-boutique-club.com\/marguerittesrugbyclub\/?product=veste-grevolo-adulte-copie\",\"name\":\"Doudoune hybride Adulte - Marguerittes Rugby Club\",\"isPartOf\":{\"@id\":\"https:\/\/ma-boutique-club.com\/marguerittesrugbyclub\/#website\"},\"datePublished\":\"2025-07-23T14:18:20+00:00\",\"dateModified\":\"2025-10-02T09:03:37+00:00\",\"breadcrumb\":{\"@id\":\"https:\/\/ma-boutique-club.com\/marguerittesrugbyclub\/?product=veste-grevolo-adulte-copie#breadcrumb\"},\"inLanguage\":\"fr-FR\",\"potentialAction\":[{\"@type\":\"ReadAction\",\"target\":[\"https:\/\/ma-boutique-club.com\/marguerittesrugbyclub\/?product=veste-grevolo-adulte-copie\"]}]},{\"@type\":\"BreadcrumbList\",\"@id\":\"https:\/\/ma-boutique-club.com\/marguerittesrugbyclub\/?product=veste-grevolo-adulte-copie#breadcrumb\",\"itemListElement\":[{\"@type\":\"ListItem\",\"position\":1,\"name\":\"Accueil\",\"item\":\"https:\/\/ma-boutique-club.com\/marguerittesrugbyclub\/\"},{\"@type\":\"ListItem\",\"position\":2,\"name\":\"Boutique\",\"item\":\"https:\/\/ma-boutique-club.com\/marguerittesrugbyclub\/\"},{\"@type\":\"ListItem\",\"position\":3,\"name\":\"Doudoune hybride Adulte\"}]},{\"@type\":\"WebSite\",\"@id\":\"https:\/\/ma-boutique-club.com\/marguerittesrugbyclub\/#website\",\"url\":\"https:\/\/ma-boutique-club.com\/marguerittesrugbyclub\/\",\"name\":\"Marguerittes Rugby Club\",\"description\":\"Ma Boutique Club\",\"publisher\":{\"@id\":\"https:\/\/ma-boutique-club.com\/marguerittesrugbyclub\/#organization\"},\"potentialAction\":[{\"@type\":\"SearchAction\",\"target\":{\"@type\":\"EntryPoint\",\"urlTemplate\":\"https:\/\/ma-boutique-club.com\/marguerittesrugbyclub\/?s={search_term_string}\"},\"query-input\":\"required name=search_term_string\"}],\"inLanguage\":\"fr-FR\"},{\"@type\":\"Organization\",\"@id\":\"https:\/\/ma-boutique-club.com\/marguerittesrugbyclub\/#organization\",\"name\":\"Marguerittes Rugby Club\",\"url\":\"https:\/\/ma-boutique-club.com\/marguerittesrugbyclub\/\",\"logo\":{\"@type\":\"ImageObject\",\"inLanguage\":\"fr-FR\",\"@id\":\"https:\/\/ma-boutique-club.com\/marguerittesrugbyclub\/#\/schema\/logo\/image\/\",\"url\":\"https:\/\/ma-boutique-club.com\/marguerittesrugbyclub\/wp-content\/uploads\/sites\/109\/2025\/10\/cropped-1692453031.png\",\"contentUrl\":\"https:\/\/ma-boutique-club.com\/marguerittesrugbyclub\/wp-content\/uploads\/sites\/109\/2025\/10\/cropped-1692453031.png\",\"width\":281,\"height\":380,\"caption\":\"Marguerittes Rugby Club \"},\"image\":{\"@id\":\"https:\/\/ma-boutique-club.com\/marguerittesrugbyclub\/#\/schema\/logo\/image\/\"}}]}<\/script>\n<!-- \/ Yoast SEO plugin. -->","yoast_head_json":{"title":"Doudoune hybride Adulte - Marguerittes Rugby Club","robots":{"index":"index","follow":"follow","max-snippet":"max-snippet:-1","max-image-preview":"max-image-preview:large","max-video-preview":"max-video-preview:-1"},"canonical":"https:\/\/ma-boutique-club.com\/marguerittesrugbyclub\/?product=veste-grevolo-adulte-copie","og_locale":"fr_FR","og_type":"article","og_title":"Doudoune hybride Adulte - Marguerittes Rugby Club","og_description":"Softshell sur les \u00e9paules et poitrine pour permettre une grande libert\u00e9 de mouvements Surface ext\u00e9rieures d\u00e9perlante Poches lat\u00e9rales zipp\u00e9es Mati\u00e8re [&hellip;]","og_url":"https:\/\/ma-boutique-club.com\/marguerittesrugbyclub\/?product=veste-grevolo-adulte-copie","og_site_name":"Marguerittes Rugby Club","article_modified_time":"2025-10-02T09:03:37+00:00","og_image":[{"width":800,"height":800,"url":"https:\/\/ma-boutique-club.com\/marguerittesrugbyclub\/wp-content\/uploads\/sites\/109\/2025\/10\/32FE9A02-14-2.png","type":"image\/png"}],"twitter_card":"summary_large_image","twitter_misc":{"Dur\u00e9e de lecture estim\u00e9e":"1 minute"},"schema":{"@context":"https:\/\/schema.org","@graph":[{"@type":"WebPage","@id":"https:\/\/ma-boutique-club.com\/marguerittesrugbyclub\/?product=veste-grevolo-adulte-copie","url":"https:\/\/ma-boutique-club.com\/marguerittesrugbyclub\/?product=veste-grevolo-adulte-copie","name":"Doudoune hybride Adulte - Marguerittes Rugby Club","isPartOf":{"@id":"https:\/\/ma-boutique-club.com\/marguerittesrugbyclub\/#website"},"datePublished":"2025-07-23T14:18:20+00:00","dateModified":"2025-10-02T09:03:37+00:00","breadcrumb":{"@id":"https:\/\/ma-boutique-club.com\/marguerittesrugbyclub\/?product=veste-grevolo-adulte-copie#breadcrumb"},"inLanguage":"fr-FR","potentialAction":[{"@type":"ReadAction","target":["https:\/\/ma-boutique-club.com\/marguerittesrugbyclub\/?product=veste-grevolo-adulte-copie"]}]},{"@type":"BreadcrumbList","@id":"https:\/\/ma-boutique-club.com\/marguerittesrugbyclub\/?product=veste-grevolo-adulte-copie#breadcrumb","itemListElement":[{"@type":"ListItem","position":1,"name":"Accueil","item":"https:\/\/ma-boutique-club.com\/marguerittesrugbyclub\/"},{"@type":"ListItem","position":2,"name":"Boutique","item":"https:\/\/ma-boutique-club.com\/marguerittesrugbyclub\/"},{"@type":"ListItem","position":3,"name":"Doudoune hybride Adulte"}]},{"@type":"WebSite","@id":"https:\/\/ma-boutique-club.com\/marguerittesrugbyclub\/#website","url":"https:\/\/ma-boutique-club.com\/marguerittesrugbyclub\/","name":"Marguerittes Rugby Club","description":"Ma Boutique Club","publisher":{"@id":"https:\/\/ma-boutique-club.com\/marguerittesrugbyclub\/#organization"},"potentialAction":[{"@type":"SearchAction","target":{"@type":"EntryPoint","urlTemplate":"https:\/\/ma-boutique-club.com\/marguerittesrugbyclub\/?s={search_term_string}"},"query-input":"required name=search_term_string"}],"inLanguage":"fr-FR"},{"@type":"Organization","@id":"https:\/\/ma-boutique-club.com\/marguerittesrugbyclub\/#organization","name":"Marguerittes Rugby Club","url":"https:\/\/ma-boutique-club.com\/marguerittesrugbyclub\/","logo":{"@type":"ImageObject","inLanguage":"fr-FR","@id":"https:\/\/ma-boutique-club.com\/marguerittesrugbyclub\/#\/schema\/logo\/image\/","url":"https:\/\/ma-boutique-club.com\/marguerittesrugbyclub\/wp-content\/uploads\/sites\/109\/2025\/10\/cropped-1692453031.png","contentUrl":"https:\/\/ma-boutique-club.com\/marguerittesrugbyclub\/wp-content\/uploads\/sites\/109\/2025\/10\/cropped-1692453031.png","width":281,"height":380,"caption":"Marguerittes Rugby Club "},"image":{"@id":"https:\/\/ma-boutique-club.com\/marguerittesrugbyclub\/#\/schema\/logo\/image\/"}}]}},"uagb_featured_image_src":{"full":["https:\/\/ma-boutique-club.com\/marguerittesrugbyclub\/wp-content\/uploads\/sites\/109\/2025\/10\/32FE9A02-14-2.png",800,800,false],"thumbnail":["https:\/\/ma-boutique-club.com\/marguerittesrugbyclub\/wp-content\/uploads\/sites\/109\/2025\/10\/32FE9A02-14-2-150x150.png",150,150,true],"medium":["https:\/\/ma-boutique-club.com\/marguerittesrugbyclub\/wp-content\/uploads\/sites\/109\/2025\/10\/32FE9A02-14-2-300x300.png",300,300,true],"medium_large":["https:\/\/ma-boutique-club.com\/marguerittesrugbyclub\/wp-content\/uploads\/sites\/109\/2025\/10\/32FE9A02-14-2-768x768.png",768,768,true],"large":["https:\/\/ma-boutique-club.com\/marguerittesrugbyclub\/wp-content\/uploads\/sites\/109\/2025\/10\/32FE9A02-14-2.png",800,800,false],"1536x1536":["https:\/\/ma-boutique-club.com\/marguerittesrugbyclub\/wp-content\/uploads\/sites\/109\/2025\/10\/32FE9A02-14-2.png",800,800,false],"2048x2048":["https:\/\/ma-boutique-club.com\/marguerittesrugbyclub\/wp-content\/uploads\/sites\/109\/2025\/10\/32FE9A02-14-2.png",800,800,false],"woocommerce_thumbnail":["https:\/\/ma-boutique-club.com\/marguerittesrugbyclub\/wp-content\/uploads\/sites\/109\/2025\/10\/32FE9A02-14-2-300x300.png",300,300,true],"woocommerce_single":["https:\/\/ma-boutique-club.com\/marguerittesrugbyclub\/wp-content\/uploads\/sites\/109\/2025\/10\/32FE9A02-14-2-600x600.png",600,600,true],"woocommerce_gallery_thumbnail":["https:\/\/ma-boutique-club.com\/marguerittesrugbyclub\/wp-content\/uploads\/sites\/109\/2025\/10\/32FE9A02-14-2-100x100.png",100,100,true]},"uagb_author_info":{"display_name":"Taff \/ MBC","author_link":"https:\/\/ma-boutique-club.com\/marguerittesrugbyclub\/?author=0"},"uagb_comment_info":0,"uagb_excerpt":"Softshell sur les \u00e9paules et poitrine pour permettre une grande libert\u00e9 de mouvements Surface ext\u00e9rieures d\u00e9perlante Poches lat\u00e9rales zipp\u00e9es Mati\u00e8re [&hellip;]","_links":{"self":[{"href":"https:\/\/ma-boutique-club.com\/marguerittesrugbyclub\/index.php?rest_route=\/wp\/v2\/product\/324"}],"collection":[{"href":"https:\/\/ma-boutique-club.com\/marguerittesrugbyclub\/index.php?rest_route=\/wp\/v2\/product"}],"about":[{"href":"https:\/\/ma-boutique-club.com\/marguerittesrugbyclub\/index.php?rest_route=\/wp\/v2\/types\/product"}],"wp:featuredmedia":[{"embeddable":true,"href":"https:\/\/ma-boutique-club.com\/marguerittesrugbyclub\/index.php?rest_route=\/wp\/v2\/media\/737"}],"wp:attachment":[{"href":"https:\/\/ma-boutique-club.com\/marguerittesrugbyclub\/index.php?rest_route=%2Fwp%2Fv2%2Fmedia&parent=324"}],"wp:term":[{"taxonomy":"product_cat","embeddable":true,"href":"https:\/\/ma-boutique-club.com\/marguerittesrugbyclub\/index.php?rest_route=%2Fwp%2Fv2%2Fproduct_cat&post=324"},{"taxonomy":"product_tag","embeddable":true,"href":"https:\/\/ma-boutique-club.com\/marguerittesrugbyclub\/index.php?rest_route=%2Fwp%2Fv2%2Fproduct_tag&post=324"}],"curies":[{"name":"wp","href":"https:\/\/api.w.org\/{rel}","templated":true}]}}