{"id":861,"date":"2026-03-02T10:02:49","date_gmt":"2026-03-02T09:02:49","guid":{"rendered":"https:\/\/ma-boutique-club.com\/districtariege\/?post_type=product&#038;p=861"},"modified":"2026-03-02T10:26:27","modified_gmt":"2026-03-02T09:26:27","slug":"sac-a-dos-academy-team","status":"publish","type":"product","link":"https:\/\/ma-boutique-club.com\/districtariege\/?product=sac-a-dos-academy-team","title":{"rendered":"Sac \u00e0 dos Academy Team"},"content":{"rendered":"<div class=\"mb-6\">\n<p>D\u00e9tails du produit :<\/p>\n<p>\u2022 48 cm (H) x 33 cm (l) x 18 cm (P)<br \/>\n\u2022 Corps : 90 % polyester \/ 10 % nylon. Doublure : 100 % polyester.<\/p>\n<\/div>\n<div>\n<p>Le mauvais temps n&#8217;emp\u00eache pas de s&rsquo;entra\u00eener et il ne devrait pas vous emp\u00eacher d&rsquo;avoir un \u00e9quipement sec. Pos\u00e9 au sol ou accroch\u00e9 \u00e0 une cl\u00f4ture, ce sac \u00e0 dos est con\u00e7u pour supporter des conditions de match et d&rsquo;entra\u00eenement compliqu\u00e9es. La housse de pluie incluse offre une protection optimale contre les intemp\u00e9ries gr\u00e2ce \u00e0 la technologie Storm-FIT. Le mesh, lui, offre respirabilit\u00e9 et a\u00e9ration les jours de beau temps.<\/p>\n<\/div>\n","protected":false},"excerpt":{"rendered":"<ul>\n<li>\u2022 La technologie Nike Storm-FIT vous prot\u00e8ge du vent et de la pluie pour un confort optimal dans des conditions extr\u00eames.<br \/>\n\u2022 Poche lat\u00e9rale avec fermeture \u00e0 scratch et \u00e9tiquette contenant la housse de pluie Storm-FIT.<br \/>\n\u2022 Grande poche offrant un espace de rangement pour les appareils technologiques.<br \/>\n\u2022 Bretelles rembourr\u00e9es et r\u00e9glables pour une tenue confortable.<br \/>\n\u2022 Tirettes de zip revisit\u00e9es pour un rangement facile d&rsquo;acc\u00e8s en toutes circonstances.<br \/>\n\u2022 Mesh et \u0153illets renfor\u00e7ant l&rsquo;a\u00e9ration.<\/li>\n<\/ul>\n","protected":false},"featured_media":863,"template":"","meta":{"_uag_custom_page_level_css":"","site-sidebar-layout":"default","site-content-layout":"","ast-site-content-layout":"default","site-content-style":"default","site-sidebar-style":"default","ast-global-header-display":"","ast-banner-title-visibility":"","ast-main-header-display":"","ast-hfb-above-header-display":"","ast-hfb-below-header-display":"","ast-hfb-mobile-header-display":"","site-post-title":"","ast-breadcrumbs-content":"","ast-featured-img":"","footer-sml-layout":"","theme-transparent-header-meta":"default","adv-header-id-meta":"","stick-header-meta":"","header-above-stick-meta":"","header-main-stick-meta":"","header-below-stick-meta":"","astra-migrate-meta-layouts":"set","ast-page-background-enabled":"default","ast-page-background-meta":{"desktop":{"background-color":"var(--ast-global-color-5)","background-image":"","background-repeat":"repeat","background-position":"center center","background-size":"auto","background-attachment":"scroll","background-type":"","background-media":"","overlay-type":"","overlay-color":"","overlay-opacity":"","overlay-gradient":""},"tablet":{"background-color":"","background-image":"","background-repeat":"repeat","background-position":"center center","background-size":"auto","background-attachment":"scroll","background-type":"","background-media":"","overlay-type":"","overlay-color":"","overlay-opacity":"","overlay-gradient":""},"mobile":{"background-color":"","background-image":"","background-repeat":"repeat","background-position":"center center","background-size":"auto","background-attachment":"scroll","background-type":"","background-media":"","overlay-type":"","overlay-color":"","overlay-opacity":"","overlay-gradient":""}},"ast-content-background-meta":{"desktop":{"background-color":"var(--ast-global-color-4)","background-image":"","background-repeat":"repeat","background-position":"center center","background-size":"auto","background-attachment":"scroll","background-type":"","background-media":"","overlay-type":"","overlay-color":"","overlay-opacity":"","overlay-gradient":""},"tablet":{"background-color":"var(--ast-global-color-4)","background-image":"","background-repeat":"repeat","background-position":"center center","background-size":"auto","background-attachment":"scroll","background-type":"","background-media":"","overlay-type":"","overlay-color":"","overlay-opacity":"","overlay-gradient":""},"mobile":{"background-color":"var(--ast-global-color-4)","background-image":"","background-repeat":"repeat","background-position":"center center","background-size":"auto","background-attachment":"scroll","background-type":"","background-media":"","overlay-type":"","overlay-color":"","overlay-opacity":"","overlay-gradient":""}}},"product_cat":[41],"product_tag":[],"yoast_head":"<!-- This site is optimized with the Yoast SEO plugin v21.5 - https:\/\/yoast.com\/wordpress\/plugins\/seo\/ -->\n<title>Sac \u00e0 dos Academy Team - District Ari\u00e8ge<\/title>\n<meta name=\"robots\" content=\"index, follow, max-snippet:-1, max-image-preview:large, max-video-preview:-1\" \/>\n<link rel=\"canonical\" href=\"https:\/\/ma-boutique-club.com\/districtariege\/?product=sac-a-dos-academy-team\" \/>\n<meta property=\"og:locale\" content=\"fr_FR\" \/>\n<meta property=\"og:type\" content=\"article\" \/>\n<meta property=\"og:title\" content=\"Sac \u00e0 dos Academy Team - District Ari\u00e8ge\" \/>\n<meta property=\"og:description\" content=\"\u2022 La technologie Nike Storm-FIT vous prot\u00e8ge du vent et de la pluie pour un confort optimal dans des conditions extr\u00eames. \u2022 Poche lat\u00e9rale avec fermeture \u00e0 scratch et \u00e9tiquette contenant la housse de pluie Storm-FIT. \u2022 Grande poche offrant un espace de rangement pour les appareils technologiques. \u2022 Bretelles rembourr\u00e9es et r\u00e9glables pour une tenue confortable. \u2022 Tirettes de zip revisit\u00e9es pour un rangement facile d&#039;acc\u00e8s en toutes circonstances. \u2022 Mesh et \u0153illets renfor\u00e7ant l&#039;a\u00e9ration.\" \/>\n<meta property=\"og:url\" content=\"https:\/\/ma-boutique-club.com\/districtariege\/?product=sac-a-dos-academy-team\" \/>\n<meta property=\"og:site_name\" content=\"District Ari\u00e8ge\" \/>\n<meta property=\"article:modified_time\" content=\"2026-03-02T09:26:27+00:00\" \/>\n<meta property=\"og:image\" content=\"https:\/\/ma-boutique-club.com\/districtariege\/wp-content\/uploads\/sites\/111\/2026\/03\/DV0761-011.png\" \/>\n\t<meta property=\"og:image:width\" content=\"800\" \/>\n\t<meta property=\"og:image:height\" content=\"800\" \/>\n\t<meta property=\"og:image:type\" content=\"image\/png\" \/>\n<meta name=\"twitter:card\" content=\"summary_large_image\" \/>\n<meta name=\"twitter:label1\" content=\"Dur\u00e9e de lecture estim\u00e9e\" \/>\n\t<meta name=\"twitter:data1\" content=\"1 minute\" \/>\n<script type=\"application\/ld+json\" class=\"yoast-schema-graph\">{\"@context\":\"https:\/\/schema.org\",\"@graph\":[{\"@type\":\"WebPage\",\"@id\":\"https:\/\/ma-boutique-club.com\/districtariege\/?product=sac-a-dos-academy-team\",\"url\":\"https:\/\/ma-boutique-club.com\/districtariege\/?product=sac-a-dos-academy-team\",\"name\":\"Sac \u00e0 dos Academy Team - District Ari\u00e8ge\",\"isPartOf\":{\"@id\":\"https:\/\/ma-boutique-club.com\/districtariege\/#website\"},\"datePublished\":\"2026-03-02T09:02:49+00:00\",\"dateModified\":\"2026-03-02T09:26:27+00:00\",\"breadcrumb\":{\"@id\":\"https:\/\/ma-boutique-club.com\/districtariege\/?product=sac-a-dos-academy-team#breadcrumb\"},\"inLanguage\":\"fr-FR\",\"potentialAction\":[{\"@type\":\"ReadAction\",\"target\":[\"https:\/\/ma-boutique-club.com\/districtariege\/?product=sac-a-dos-academy-team\"]}]},{\"@type\":\"BreadcrumbList\",\"@id\":\"https:\/\/ma-boutique-club.com\/districtariege\/?product=sac-a-dos-academy-team#breadcrumb\",\"itemListElement\":[{\"@type\":\"ListItem\",\"position\":1,\"name\":\"Accueil\",\"item\":\"https:\/\/ma-boutique-club.com\/districtariege\/\"},{\"@type\":\"ListItem\",\"position\":2,\"name\":\"Boutique\",\"item\":\"https:\/\/ma-boutique-club.com\/districtariege\/\"},{\"@type\":\"ListItem\",\"position\":3,\"name\":\"Sac \u00e0 dos Academy Team\"}]},{\"@type\":\"WebSite\",\"@id\":\"https:\/\/ma-boutique-club.com\/districtariege\/#website\",\"url\":\"https:\/\/ma-boutique-club.com\/districtariege\/\",\"name\":\"District Ari\u00e8ge\",\"description\":\"Ma Boutique Club\",\"publisher\":{\"@id\":\"https:\/\/ma-boutique-club.com\/districtariege\/#organization\"},\"potentialAction\":[{\"@type\":\"SearchAction\",\"target\":{\"@type\":\"EntryPoint\",\"urlTemplate\":\"https:\/\/ma-boutique-club.com\/districtariege\/?s={search_term_string}\"},\"query-input\":\"required name=search_term_string\"}],\"inLanguage\":\"fr-FR\"},{\"@type\":\"Organization\",\"@id\":\"https:\/\/ma-boutique-club.com\/districtariege\/#organization\",\"name\":\"District Ari\u00e8ge\",\"url\":\"https:\/\/ma-boutique-club.com\/districtariege\/\",\"logo\":{\"@type\":\"ImageObject\",\"inLanguage\":\"fr-FR\",\"@id\":\"https:\/\/ma-boutique-club.com\/districtariege\/#\/schema\/logo\/image\/\",\"url\":\"https:\/\/ma-boutique-club.com\/districtariege\/wp-content\/uploads\/sites\/111\/2026\/02\/cropped-LOGO-DISTRICT-ARI7GE-6.png\",\"contentUrl\":\"https:\/\/ma-boutique-club.com\/districtariege\/wp-content\/uploads\/sites\/111\/2026\/02\/cropped-LOGO-DISTRICT-ARI7GE-6.png\",\"width\":923,\"height\":1217,\"caption\":\"District Ari\u00e8ge\"},\"image\":{\"@id\":\"https:\/\/ma-boutique-club.com\/districtariege\/#\/schema\/logo\/image\/\"}}]}<\/script>\n<!-- \/ Yoast SEO plugin. -->","yoast_head_json":{"title":"Sac \u00e0 dos Academy Team - District Ari\u00e8ge","robots":{"index":"index","follow":"follow","max-snippet":"max-snippet:-1","max-image-preview":"max-image-preview:large","max-video-preview":"max-video-preview:-1"},"canonical":"https:\/\/ma-boutique-club.com\/districtariege\/?product=sac-a-dos-academy-team","og_locale":"fr_FR","og_type":"article","og_title":"Sac \u00e0 dos Academy Team - District Ari\u00e8ge","og_description":"\u2022 La technologie Nike Storm-FIT vous prot\u00e8ge du vent et de la pluie pour un confort optimal dans des conditions extr\u00eames. \u2022 Poche lat\u00e9rale avec fermeture \u00e0 scratch et \u00e9tiquette contenant la housse de pluie Storm-FIT. \u2022 Grande poche offrant un espace de rangement pour les appareils technologiques. \u2022 Bretelles rembourr\u00e9es et r\u00e9glables pour une tenue confortable. \u2022 Tirettes de zip revisit\u00e9es pour un rangement facile d'acc\u00e8s en toutes circonstances. \u2022 Mesh et \u0153illets renfor\u00e7ant l'a\u00e9ration.","og_url":"https:\/\/ma-boutique-club.com\/districtariege\/?product=sac-a-dos-academy-team","og_site_name":"District Ari\u00e8ge","article_modified_time":"2026-03-02T09:26:27+00:00","og_image":[{"width":800,"height":800,"url":"https:\/\/ma-boutique-club.com\/districtariege\/wp-content\/uploads\/sites\/111\/2026\/03\/DV0761-011.png","type":"image\/png"}],"twitter_card":"summary_large_image","twitter_misc":{"Dur\u00e9e de lecture estim\u00e9e":"1 minute"},"schema":{"@context":"https:\/\/schema.org","@graph":[{"@type":"WebPage","@id":"https:\/\/ma-boutique-club.com\/districtariege\/?product=sac-a-dos-academy-team","url":"https:\/\/ma-boutique-club.com\/districtariege\/?product=sac-a-dos-academy-team","name":"Sac \u00e0 dos Academy Team - District Ari\u00e8ge","isPartOf":{"@id":"https:\/\/ma-boutique-club.com\/districtariege\/#website"},"datePublished":"2026-03-02T09:02:49+00:00","dateModified":"2026-03-02T09:26:27+00:00","breadcrumb":{"@id":"https:\/\/ma-boutique-club.com\/districtariege\/?product=sac-a-dos-academy-team#breadcrumb"},"inLanguage":"fr-FR","potentialAction":[{"@type":"ReadAction","target":["https:\/\/ma-boutique-club.com\/districtariege\/?product=sac-a-dos-academy-team"]}]},{"@type":"BreadcrumbList","@id":"https:\/\/ma-boutique-club.com\/districtariege\/?product=sac-a-dos-academy-team#breadcrumb","itemListElement":[{"@type":"ListItem","position":1,"name":"Accueil","item":"https:\/\/ma-boutique-club.com\/districtariege\/"},{"@type":"ListItem","position":2,"name":"Boutique","item":"https:\/\/ma-boutique-club.com\/districtariege\/"},{"@type":"ListItem","position":3,"name":"Sac \u00e0 dos Academy Team"}]},{"@type":"WebSite","@id":"https:\/\/ma-boutique-club.com\/districtariege\/#website","url":"https:\/\/ma-boutique-club.com\/districtariege\/","name":"District Ari\u00e8ge","description":"Ma Boutique Club","publisher":{"@id":"https:\/\/ma-boutique-club.com\/districtariege\/#organization"},"potentialAction":[{"@type":"SearchAction","target":{"@type":"EntryPoint","urlTemplate":"https:\/\/ma-boutique-club.com\/districtariege\/?s={search_term_string}"},"query-input":"required name=search_term_string"}],"inLanguage":"fr-FR"},{"@type":"Organization","@id":"https:\/\/ma-boutique-club.com\/districtariege\/#organization","name":"District Ari\u00e8ge","url":"https:\/\/ma-boutique-club.com\/districtariege\/","logo":{"@type":"ImageObject","inLanguage":"fr-FR","@id":"https:\/\/ma-boutique-club.com\/districtariege\/#\/schema\/logo\/image\/","url":"https:\/\/ma-boutique-club.com\/districtariege\/wp-content\/uploads\/sites\/111\/2026\/02\/cropped-LOGO-DISTRICT-ARI7GE-6.png","contentUrl":"https:\/\/ma-boutique-club.com\/districtariege\/wp-content\/uploads\/sites\/111\/2026\/02\/cropped-LOGO-DISTRICT-ARI7GE-6.png","width":923,"height":1217,"caption":"District Ari\u00e8ge"},"image":{"@id":"https:\/\/ma-boutique-club.com\/districtariege\/#\/schema\/logo\/image\/"}}]}},"uagb_featured_image_src":{"full":["https:\/\/ma-boutique-club.com\/districtariege\/wp-content\/uploads\/sites\/111\/2026\/03\/DV0761-011.png",800,800,false],"thumbnail":["https:\/\/ma-boutique-club.com\/districtariege\/wp-content\/uploads\/sites\/111\/2026\/03\/DV0761-011-150x150.png",150,150,true],"medium":["https:\/\/ma-boutique-club.com\/districtariege\/wp-content\/uploads\/sites\/111\/2026\/03\/DV0761-011-300x300.png",300,300,true],"medium_large":["https:\/\/ma-boutique-club.com\/districtariege\/wp-content\/uploads\/sites\/111\/2026\/03\/DV0761-011-768x768.png",768,768,true],"large":["https:\/\/ma-boutique-club.com\/districtariege\/wp-content\/uploads\/sites\/111\/2026\/03\/DV0761-011.png",800,800,false],"1536x1536":["https:\/\/ma-boutique-club.com\/districtariege\/wp-content\/uploads\/sites\/111\/2026\/03\/DV0761-011.png",800,800,false],"2048x2048":["https:\/\/ma-boutique-club.com\/districtariege\/wp-content\/uploads\/sites\/111\/2026\/03\/DV0761-011.png",800,800,false],"woocommerce_thumbnail":["https:\/\/ma-boutique-club.com\/districtariege\/wp-content\/uploads\/sites\/111\/2026\/03\/DV0761-011-300x300.png",300,300,true],"woocommerce_single":["https:\/\/ma-boutique-club.com\/districtariege\/wp-content\/uploads\/sites\/111\/2026\/03\/DV0761-011-600x600.png",600,600,true],"woocommerce_gallery_thumbnail":["https:\/\/ma-boutique-club.com\/districtariege\/wp-content\/uploads\/sites\/111\/2026\/03\/DV0761-011-100x100.png",100,100,true]},"uagb_author_info":{"display_name":"Taff \/ MBC","author_link":"https:\/\/ma-boutique-club.com\/districtariege\/?author=0"},"uagb_comment_info":0,"uagb_excerpt":"\u2022 La technologie Nike Storm-FIT vous prot\u00e8ge du vent et de la pluie pour un confort optimal dans des conditions extr\u00eames. \u2022 Poche lat\u00e9rale avec fermeture \u00e0 scratch et \u00e9tiquette contenant la housse de pluie Storm-FIT. \u2022 Grande poche offrant un espace de rangement pour les appareils technologiques. \u2022 Bretelles rembourr\u00e9es et r\u00e9glables pour une\u2026","_links":{"self":[{"href":"https:\/\/ma-boutique-club.com\/districtariege\/index.php?rest_route=\/wp\/v2\/product\/861"}],"collection":[{"href":"https:\/\/ma-boutique-club.com\/districtariege\/index.php?rest_route=\/wp\/v2\/product"}],"about":[{"href":"https:\/\/ma-boutique-club.com\/districtariege\/index.php?rest_route=\/wp\/v2\/types\/product"}],"wp:featuredmedia":[{"embeddable":true,"href":"https:\/\/ma-boutique-club.com\/districtariege\/index.php?rest_route=\/wp\/v2\/media\/863"}],"wp:attachment":[{"href":"https:\/\/ma-boutique-club.com\/districtariege\/index.php?rest_route=%2Fwp%2Fv2%2Fmedia&parent=861"}],"wp:term":[{"taxonomy":"product_cat","embeddable":true,"href":"https:\/\/ma-boutique-club.com\/districtariege\/index.php?rest_route=%2Fwp%2Fv2%2Fproduct_cat&post=861"},{"taxonomy":"product_tag","embeddable":true,"href":"https:\/\/ma-boutique-club.com\/districtariege\/index.php?rest_route=%2Fwp%2Fv2%2Fproduct_tag&post=861"}],"curies":[{"name":"wp","href":"https:\/\/api.w.org\/{rel}","templated":true}]}}