{"id":324,"date":"2025-07-23T16:18:20","date_gmt":"2025-07-23T14:18:20","guid":{"rendered":"https:\/\/ma-boutique-club.com\/districtariege\/?post_type=product&#038;p=324"},"modified":"2026-02-26T12:06:43","modified_gmt":"2026-02-26T11:06:43","slug":"veste-grevolo-adulte-copie","status":"publish","type":"product","link":"https:\/\/ma-boutique-club.com\/districtariege\/?product=veste-grevolo-adulte-copie","title":{"rendered":"Sac de sport \u00e0 roulette Team"},"content":{"rendered":"<div class=\"mb-6\">\n<p>Mat\u00e9riau : 100% polyester.<\/p>\n<\/div>\n<div>\n<p><strong>Sac \u00e0 roulettes spacieux.<\/strong><\/p>\n<p>\u2022\u00a0<strong>Dimensions :<\/strong>\u00a082L x 38H x 35W\/120 Litres<\/p>\n<p>\u2022 Poign\u00e9es lat\u00e9rales offrant une autre option de port.<br \/>\n\u2022 Compartiment principal zipp\u00e9 offrant un rangement s\u00e9curis\u00e9.<br \/>\n\u2022 Imperm\u00e9able avec partie inf\u00e9rieure renforc\u00e9e.<\/p>\n<\/div>\n","protected":false},"excerpt":{"rendered":"<ul>\n<li>Poign\u00e9es lat\u00e9rales offrant une autre option de port.<\/li>\n<li>Compartiment principal zipp\u00e9 offrant un rangement s\u00e9curis\u00e9.<\/li>\n<li>Imperm\u00e9able avec partie inf\u00e9rieure renforc\u00e9e.<\/li>\n<\/ul>\n","protected":false},"featured_media":854,"template":"","meta":{"_uag_custom_page_level_css":"","site-sidebar-layout":"default","site-content-layout":"","ast-site-content-layout":"default","site-content-style":"default","site-sidebar-style":"default","ast-global-header-display":"","ast-banner-title-visibility":"","ast-main-header-display":"","ast-hfb-above-header-display":"","ast-hfb-below-header-display":"","ast-hfb-mobile-header-display":"","site-post-title":"","ast-breadcrumbs-content":"","ast-featured-img":"","footer-sml-layout":"","theme-transparent-header-meta":"default","adv-header-id-meta":"","stick-header-meta":"","header-above-stick-meta":"","header-main-stick-meta":"","header-below-stick-meta":"","astra-migrate-meta-layouts":"set","ast-page-background-enabled":"default","ast-page-background-meta":{"desktop":{"background-color":"var(--ast-global-color-5)","background-image":"","background-repeat":"repeat","background-position":"center center","background-size":"auto","background-attachment":"scroll","background-type":"","background-media":"","overlay-type":"","overlay-color":"","overlay-opacity":"","overlay-gradient":""},"tablet":{"background-color":"","background-image":"","background-repeat":"repeat","background-position":"center center","background-size":"auto","background-attachment":"scroll","background-type":"","background-media":"","overlay-type":"","overlay-color":"","overlay-opacity":"","overlay-gradient":""},"mobile":{"background-color":"","background-image":"","background-repeat":"repeat","background-position":"center center","background-size":"auto","background-attachment":"scroll","background-type":"","background-media":"","overlay-type":"","overlay-color":"","overlay-opacity":"","overlay-gradient":""}},"ast-content-background-meta":{"desktop":{"background-color":"var(--ast-global-color-4)","background-image":"","background-repeat":"repeat","background-position":"center center","background-size":"auto","background-attachment":"scroll","background-type":"","background-media":"","overlay-type":"","overlay-color":"","overlay-opacity":"","overlay-gradient":""},"tablet":{"background-color":"var(--ast-global-color-4)","background-image":"","background-repeat":"repeat","background-position":"center center","background-size":"auto","background-attachment":"scroll","background-type":"","background-media":"","overlay-type":"","overlay-color":"","overlay-opacity":"","overlay-gradient":""},"mobile":{"background-color":"var(--ast-global-color-4)","background-image":"","background-repeat":"repeat","background-position":"center center","background-size":"auto","background-attachment":"scroll","background-type":"","background-media":"","overlay-type":"","overlay-color":"","overlay-opacity":"","overlay-gradient":""}}},"product_cat":[41],"product_tag":[],"yoast_head":"<!-- This site is optimized with the Yoast SEO plugin v21.5 - https:\/\/yoast.com\/wordpress\/plugins\/seo\/ -->\n<title>Sac de sport \u00e0 roulette Team - District Ari\u00e8ge<\/title>\n<meta name=\"robots\" content=\"index, follow, max-snippet:-1, max-image-preview:large, max-video-preview:-1\" \/>\n<link rel=\"canonical\" href=\"https:\/\/ma-boutique-club.com\/districtariege\/?product=veste-grevolo-adulte-copie\" \/>\n<meta property=\"og:locale\" content=\"fr_FR\" \/>\n<meta property=\"og:type\" content=\"article\" \/>\n<meta property=\"og:title\" content=\"Sac de sport \u00e0 roulette Team - District Ari\u00e8ge\" \/>\n<meta property=\"og:description\" content=\"Poign\u00e9es lat\u00e9rales offrant une autre option de port.  Compartiment principal zipp\u00e9 offrant un rangement s\u00e9curis\u00e9.  Imperm\u00e9able avec partie inf\u00e9rieure renforc\u00e9e.\" \/>\n<meta property=\"og:url\" content=\"https:\/\/ma-boutique-club.com\/districtariege\/?product=veste-grevolo-adulte-copie\" \/>\n<meta property=\"og:site_name\" content=\"District Ari\u00e8ge\" \/>\n<meta property=\"article:modified_time\" content=\"2026-02-26T11:06:43+00:00\" \/>\n<meta property=\"og:image\" content=\"https:\/\/ma-boutique-club.com\/districtariege\/wp-content\/uploads\/sites\/111\/2025\/07\/BA5199-010.png\" \/>\n\t<meta property=\"og:image:width\" content=\"2500\" \/>\n\t<meta property=\"og:image:height\" content=\"2500\" \/>\n\t<meta property=\"og:image:type\" content=\"image\/png\" \/>\n<meta name=\"twitter:card\" content=\"summary_large_image\" \/>\n<meta name=\"twitter:label1\" content=\"Dur\u00e9e de lecture estim\u00e9e\" \/>\n\t<meta name=\"twitter:data1\" content=\"1 minute\" \/>\n<script type=\"application\/ld+json\" class=\"yoast-schema-graph\">{\"@context\":\"https:\/\/schema.org\",\"@graph\":[{\"@type\":\"WebPage\",\"@id\":\"https:\/\/ma-boutique-club.com\/districtariege\/?product=veste-grevolo-adulte-copie\",\"url\":\"https:\/\/ma-boutique-club.com\/districtariege\/?product=veste-grevolo-adulte-copie\",\"name\":\"Sac de sport \u00e0 roulette Team - District Ari\u00e8ge\",\"isPartOf\":{\"@id\":\"https:\/\/ma-boutique-club.com\/districtariege\/#website\"},\"datePublished\":\"2025-07-23T14:18:20+00:00\",\"dateModified\":\"2026-02-26T11:06:43+00:00\",\"breadcrumb\":{\"@id\":\"https:\/\/ma-boutique-club.com\/districtariege\/?product=veste-grevolo-adulte-copie#breadcrumb\"},\"inLanguage\":\"fr-FR\",\"potentialAction\":[{\"@type\":\"ReadAction\",\"target\":[\"https:\/\/ma-boutique-club.com\/districtariege\/?product=veste-grevolo-adulte-copie\"]}]},{\"@type\":\"BreadcrumbList\",\"@id\":\"https:\/\/ma-boutique-club.com\/districtariege\/?product=veste-grevolo-adulte-copie#breadcrumb\",\"itemListElement\":[{\"@type\":\"ListItem\",\"position\":1,\"name\":\"Accueil\",\"item\":\"https:\/\/ma-boutique-club.com\/districtariege\/\"},{\"@type\":\"ListItem\",\"position\":2,\"name\":\"Boutique\",\"item\":\"https:\/\/ma-boutique-club.com\/districtariege\/\"},{\"@type\":\"ListItem\",\"position\":3,\"name\":\"Sac de sport \u00e0 roulette Team\"}]},{\"@type\":\"WebSite\",\"@id\":\"https:\/\/ma-boutique-club.com\/districtariege\/#website\",\"url\":\"https:\/\/ma-boutique-club.com\/districtariege\/\",\"name\":\"District Ari\u00e8ge\",\"description\":\"Ma Boutique Club\",\"publisher\":{\"@id\":\"https:\/\/ma-boutique-club.com\/districtariege\/#organization\"},\"potentialAction\":[{\"@type\":\"SearchAction\",\"target\":{\"@type\":\"EntryPoint\",\"urlTemplate\":\"https:\/\/ma-boutique-club.com\/districtariege\/?s={search_term_string}\"},\"query-input\":\"required name=search_term_string\"}],\"inLanguage\":\"fr-FR\"},{\"@type\":\"Organization\",\"@id\":\"https:\/\/ma-boutique-club.com\/districtariege\/#organization\",\"name\":\"District Ari\u00e8ge\",\"url\":\"https:\/\/ma-boutique-club.com\/districtariege\/\",\"logo\":{\"@type\":\"ImageObject\",\"inLanguage\":\"fr-FR\",\"@id\":\"https:\/\/ma-boutique-club.com\/districtariege\/#\/schema\/logo\/image\/\",\"url\":\"https:\/\/ma-boutique-club.com\/districtariege\/wp-content\/uploads\/sites\/111\/2026\/02\/cropped-LOGO-DISTRICT-ARI7GE-6.png\",\"contentUrl\":\"https:\/\/ma-boutique-club.com\/districtariege\/wp-content\/uploads\/sites\/111\/2026\/02\/cropped-LOGO-DISTRICT-ARI7GE-6.png\",\"width\":923,\"height\":1217,\"caption\":\"District Ari\u00e8ge\"},\"image\":{\"@id\":\"https:\/\/ma-boutique-club.com\/districtariege\/#\/schema\/logo\/image\/\"}}]}<\/script>\n<!-- \/ Yoast SEO plugin. -->","yoast_head_json":{"title":"Sac de sport \u00e0 roulette Team - District Ari\u00e8ge","robots":{"index":"index","follow":"follow","max-snippet":"max-snippet:-1","max-image-preview":"max-image-preview:large","max-video-preview":"max-video-preview:-1"},"canonical":"https:\/\/ma-boutique-club.com\/districtariege\/?product=veste-grevolo-adulte-copie","og_locale":"fr_FR","og_type":"article","og_title":"Sac de sport \u00e0 roulette Team - District Ari\u00e8ge","og_description":"Poign\u00e9es lat\u00e9rales offrant une autre option de port.  Compartiment principal zipp\u00e9 offrant un rangement s\u00e9curis\u00e9.  Imperm\u00e9able avec partie inf\u00e9rieure renforc\u00e9e.","og_url":"https:\/\/ma-boutique-club.com\/districtariege\/?product=veste-grevolo-adulte-copie","og_site_name":"District Ari\u00e8ge","article_modified_time":"2026-02-26T11:06:43+00:00","og_image":[{"width":2500,"height":2500,"url":"https:\/\/ma-boutique-club.com\/districtariege\/wp-content\/uploads\/sites\/111\/2025\/07\/BA5199-010.png","type":"image\/png"}],"twitter_card":"summary_large_image","twitter_misc":{"Dur\u00e9e de lecture estim\u00e9e":"1 minute"},"schema":{"@context":"https:\/\/schema.org","@graph":[{"@type":"WebPage","@id":"https:\/\/ma-boutique-club.com\/districtariege\/?product=veste-grevolo-adulte-copie","url":"https:\/\/ma-boutique-club.com\/districtariege\/?product=veste-grevolo-adulte-copie","name":"Sac de sport \u00e0 roulette Team - District Ari\u00e8ge","isPartOf":{"@id":"https:\/\/ma-boutique-club.com\/districtariege\/#website"},"datePublished":"2025-07-23T14:18:20+00:00","dateModified":"2026-02-26T11:06:43+00:00","breadcrumb":{"@id":"https:\/\/ma-boutique-club.com\/districtariege\/?product=veste-grevolo-adulte-copie#breadcrumb"},"inLanguage":"fr-FR","potentialAction":[{"@type":"ReadAction","target":["https:\/\/ma-boutique-club.com\/districtariege\/?product=veste-grevolo-adulte-copie"]}]},{"@type":"BreadcrumbList","@id":"https:\/\/ma-boutique-club.com\/districtariege\/?product=veste-grevolo-adulte-copie#breadcrumb","itemListElement":[{"@type":"ListItem","position":1,"name":"Accueil","item":"https:\/\/ma-boutique-club.com\/districtariege\/"},{"@type":"ListItem","position":2,"name":"Boutique","item":"https:\/\/ma-boutique-club.com\/districtariege\/"},{"@type":"ListItem","position":3,"name":"Sac de sport \u00e0 roulette Team"}]},{"@type":"WebSite","@id":"https:\/\/ma-boutique-club.com\/districtariege\/#website","url":"https:\/\/ma-boutique-club.com\/districtariege\/","name":"District Ari\u00e8ge","description":"Ma Boutique Club","publisher":{"@id":"https:\/\/ma-boutique-club.com\/districtariege\/#organization"},"potentialAction":[{"@type":"SearchAction","target":{"@type":"EntryPoint","urlTemplate":"https:\/\/ma-boutique-club.com\/districtariege\/?s={search_term_string}"},"query-input":"required name=search_term_string"}],"inLanguage":"fr-FR"},{"@type":"Organization","@id":"https:\/\/ma-boutique-club.com\/districtariege\/#organization","name":"District Ari\u00e8ge","url":"https:\/\/ma-boutique-club.com\/districtariege\/","logo":{"@type":"ImageObject","inLanguage":"fr-FR","@id":"https:\/\/ma-boutique-club.com\/districtariege\/#\/schema\/logo\/image\/","url":"https:\/\/ma-boutique-club.com\/districtariege\/wp-content\/uploads\/sites\/111\/2026\/02\/cropped-LOGO-DISTRICT-ARI7GE-6.png","contentUrl":"https:\/\/ma-boutique-club.com\/districtariege\/wp-content\/uploads\/sites\/111\/2026\/02\/cropped-LOGO-DISTRICT-ARI7GE-6.png","width":923,"height":1217,"caption":"District Ari\u00e8ge"},"image":{"@id":"https:\/\/ma-boutique-club.com\/districtariege\/#\/schema\/logo\/image\/"}}]}},"uagb_featured_image_src":{"full":["https:\/\/ma-boutique-club.com\/districtariege\/wp-content\/uploads\/sites\/111\/2025\/07\/BA5199-010.png",2500,2500,false],"thumbnail":["https:\/\/ma-boutique-club.com\/districtariege\/wp-content\/uploads\/sites\/111\/2025\/07\/BA5199-010-150x150.png",150,150,true],"medium":["https:\/\/ma-boutique-club.com\/districtariege\/wp-content\/uploads\/sites\/111\/2025\/07\/BA5199-010-300x300.png",300,300,true],"medium_large":["https:\/\/ma-boutique-club.com\/districtariege\/wp-content\/uploads\/sites\/111\/2025\/07\/BA5199-010-768x768.png",768,768,true],"large":["https:\/\/ma-boutique-club.com\/districtariege\/wp-content\/uploads\/sites\/111\/2025\/07\/BA5199-010-1024x1024.png",1024,1024,true],"1536x1536":["https:\/\/ma-boutique-club.com\/districtariege\/wp-content\/uploads\/sites\/111\/2025\/07\/BA5199-010-1536x1536.png",1536,1536,true],"2048x2048":["https:\/\/ma-boutique-club.com\/districtariege\/wp-content\/uploads\/sites\/111\/2025\/07\/BA5199-010-2048x2048.png",2048,2048,true],"woocommerce_thumbnail":["https:\/\/ma-boutique-club.com\/districtariege\/wp-content\/uploads\/sites\/111\/2025\/07\/BA5199-010-300x300.png",300,300,true],"woocommerce_single":["https:\/\/ma-boutique-club.com\/districtariege\/wp-content\/uploads\/sites\/111\/2025\/07\/BA5199-010-600x600.png",600,600,true],"woocommerce_gallery_thumbnail":["https:\/\/ma-boutique-club.com\/districtariege\/wp-content\/uploads\/sites\/111\/2025\/07\/BA5199-010-100x100.png",100,100,true]},"uagb_author_info":{"display_name":"Taff \/ MBC","author_link":"https:\/\/ma-boutique-club.com\/districtariege\/?author=0"},"uagb_comment_info":0,"uagb_excerpt":"Poign\u00e9es lat\u00e9rales offrant une autre option de port. Compartiment principal zipp\u00e9 offrant un rangement s\u00e9curis\u00e9. Imperm\u00e9able avec partie inf\u00e9rieure renforc\u00e9e.","_links":{"self":[{"href":"https:\/\/ma-boutique-club.com\/districtariege\/index.php?rest_route=\/wp\/v2\/product\/324"}],"collection":[{"href":"https:\/\/ma-boutique-club.com\/districtariege\/index.php?rest_route=\/wp\/v2\/product"}],"about":[{"href":"https:\/\/ma-boutique-club.com\/districtariege\/index.php?rest_route=\/wp\/v2\/types\/product"}],"wp:featuredmedia":[{"embeddable":true,"href":"https:\/\/ma-boutique-club.com\/districtariege\/index.php?rest_route=\/wp\/v2\/media\/854"}],"wp:attachment":[{"href":"https:\/\/ma-boutique-club.com\/districtariege\/index.php?rest_route=%2Fwp%2Fv2%2Fmedia&parent=324"}],"wp:term":[{"taxonomy":"product_cat","embeddable":true,"href":"https:\/\/ma-boutique-club.com\/districtariege\/index.php?rest_route=%2Fwp%2Fv2%2Fproduct_cat&post=324"},{"taxonomy":"product_tag","embeddable":true,"href":"https:\/\/ma-boutique-club.com\/districtariege\/index.php?rest_route=%2Fwp%2Fv2%2Fproduct_tag&post=324"}],"curies":[{"name":"wp","href":"https:\/\/api.w.org\/{rel}","templated":true}]}}