{"id":5,"date":"2025-06-10T14:38:00","date_gmt":"2025-06-10T12:38:00","guid":{"rendered":"https:\/\/ma-boutique-club.com\/districtariege\/panier\/"},"modified":"2025-06-10T14:38:00","modified_gmt":"2025-06-10T12:38:00","slug":"panier","status":"publish","type":"page","link":"https:\/\/ma-boutique-club.com\/districtariege\/?page_id=5","title":{"rendered":"Panier"},"content":{"rendered":"<div data-block-name=\"woocommerce\/cart\" class=\"wp-block-woocommerce-cart alignwide is-loading\"><div data-block-name=\"woocommerce\/filled-cart-block\" class=\"wp-block-woocommerce-filled-cart-block\"><div data-block-name=\"woocommerce\/cart-items-block\" class=\"wp-block-woocommerce-cart-items-block\"><div data-block-name=\"woocommerce\/cart-line-items-block\" class=\"wp-block-woocommerce-cart-line-items-block\"><\/div>\n\n<div data-block-name=\"woocommerce\/cart-cross-sells-block\" class=\"wp-block-woocommerce-cart-cross-sells-block\">\n<h2 class=\"wp-block-heading has-large-font-size\">\u00c7a peut vous int\u00e9resser&#8230;<\/h2>\n\n\n<div data-block-name=\"woocommerce\/cart-cross-sells-products-block\" class=\"wp-block-woocommerce-cart-cross-sells-products-block\"><\/div><\/div><\/div>\n\n<div data-block-name=\"woocommerce\/cart-totals-block\" class=\"wp-block-woocommerce-cart-totals-block\"><div data-block-name=\"woocommerce\/cart-order-summary-block\" class=\"wp-block-woocommerce-cart-order-summary-block\"><div data-block-name=\"woocommerce\/cart-order-summary-heading-block\" class=\"wp-block-woocommerce-cart-order-summary-heading-block\"><\/div>\n\n<div data-block-name=\"woocommerce\/cart-order-summary-coupon-form-block\" class=\"wp-block-woocommerce-cart-order-summary-coupon-form-block\"><\/div>\n\n<div data-block-name=\"woocommerce\/cart-order-summary-subtotal-block\" class=\"wp-block-woocommerce-cart-order-summary-subtotal-block\"><\/div>\n\n<div data-block-name=\"woocommerce\/cart-order-summary-fee-block\" class=\"wp-block-woocommerce-cart-order-summary-fee-block\"><\/div>\n\n<div data-block-name=\"woocommerce\/cart-order-summary-discount-block\" class=\"wp-block-woocommerce-cart-order-summary-discount-block\"><\/div>\n\n<div data-block-name=\"woocommerce\/cart-order-summary-shipping-block\" class=\"wp-block-woocommerce-cart-order-summary-shipping-block\"><\/div>\n\n<div data-block-name=\"woocommerce\/cart-order-summary-taxes-block\" class=\"wp-block-woocommerce-cart-order-summary-taxes-block\"><\/div><\/div>\n\n<div data-block-name=\"woocommerce\/cart-express-payment-block\" class=\"wp-block-woocommerce-cart-express-payment-block\"><\/div>\n\n<div data-block-name=\"woocommerce\/proceed-to-checkout-block\" class=\"wp-block-woocommerce-proceed-to-checkout-block\"><\/div>\n\n<div data-block-name=\"woocommerce\/cart-accepted-payment-methods-block\" class=\"wp-block-woocommerce-cart-accepted-payment-methods-block\"><\/div><\/div><\/div>\n\n<div data-block-name=\"woocommerce\/empty-cart-block\" class=\"wp-block-woocommerce-empty-cart-block\">\n<h2 class=\"wp-block-heading has-text-align-center with-empty-cart-icon wc-block-cart__empty-cart__title\">Votre panier est actuellement vide\u00a0!<\/h2>\n\n\n\n<hr class=\"wp-block-separator has-alpha-channel-opacity is-style-dots\"\/>\n\n\n\n<h2 class=\"wp-block-heading has-text-align-center\">Nouveau dans la boutique<\/h2>\n\n\n<div data-block-name=\"woocommerce\/product-new\" data-columns=\"4\" data-rows=\"1\" class=\"wc-block-grid wp-block-product-new wc-block-product-new has-4-columns\"><ul class=\"wc-block-grid__products\"><li class=\"wc-block-grid__product\">\n\t\t\t\t<a href=\"https:\/\/ma-boutique-club.com\/districtariege\/?product=short-a-poches-zippees-strike-26\" class=\"wc-block-grid__product-link\">\n\t\t\t\t\t\n\t\t\t\t\t<div class=\"wc-block-grid__product-image\"><img loading=\"lazy\" decoding=\"async\" width=\"300\" height=\"300\" src=\"https:\/\/ma-boutique-club.com\/districtariege\/wp-content\/uploads\/sites\/111\/2026\/03\/FD7653-010-300x300.png\" class=\"attachment-woocommerce_thumbnail size-woocommerce_thumbnail\" alt=\"Short \u00e0 poches zipp\u00e9es Academy Pro Knit\" srcset=\"https:\/\/ma-boutique-club.com\/districtariege\/wp-content\/uploads\/sites\/111\/2026\/03\/FD7653-010-300x300.png 300w, https:\/\/ma-boutique-club.com\/districtariege\/wp-content\/uploads\/sites\/111\/2026\/03\/FD7653-010-150x150.png 150w, https:\/\/ma-boutique-club.com\/districtariege\/wp-content\/uploads\/sites\/111\/2026\/03\/FD7653-010-768x768.png 768w, https:\/\/ma-boutique-club.com\/districtariege\/wp-content\/uploads\/sites\/111\/2026\/03\/FD7653-010-600x600.png 600w, https:\/\/ma-boutique-club.com\/districtariege\/wp-content\/uploads\/sites\/111\/2026\/03\/FD7653-010-100x100.png 100w, https:\/\/ma-boutique-club.com\/districtariege\/wp-content\/uploads\/sites\/111\/2026\/03\/FD7653-010.png 800w\" sizes=\"(max-width: 300px) 100vw, 300px\" \/><\/div>\n\t\t\t\t\t<div class=\"wc-block-grid__product-title\">Short \u00e0 poches zipp\u00e9es Academy Pro Knit<\/div>\n\t\t\t\t<\/a>\n\t\t\t\t<div class=\"wc-block-grid__product-price price\"><span class=\"woocommerce-Price-amount amount\">20,00&nbsp;<span class=\"woocommerce-Price-currencySymbol\">&euro;<\/span><\/span><\/div>\n\t\t\t\t\n\t\t\t\t<div class=\"wp-block-button wc-block-grid__product-add-to-cart\"><a href=\"https:\/\/ma-boutique-club.com\/districtariege\/?product=short-a-poches-zippees-strike-26\" aria-label=\"S\u00e9lectionner les options pour &ldquo;Short \u00e0 poches zipp\u00e9es Academy Pro Knit&rdquo;\" data-quantity=\"1\" data-product_id=\"865\" data-product_sku=\"FD7653\" data-price=\"20\" rel=\"nofollow\" class=\"wp-block-button__link  add_to_cart_button\">Choix des options<\/a><\/div>\n\t\t\t<\/li><li class=\"wc-block-grid__product\">\n\t\t\t\t<a href=\"https:\/\/ma-boutique-club.com\/districtariege\/?product=sac-a-dos-academy-team\" class=\"wc-block-grid__product-link\">\n\t\t\t\t\t\n\t\t\t\t\t<div class=\"wc-block-grid__product-image\"><img loading=\"lazy\" decoding=\"async\" width=\"300\" height=\"300\" src=\"https:\/\/ma-boutique-club.com\/districtariege\/wp-content\/uploads\/sites\/111\/2026\/03\/DV0761-011-300x300.png\" class=\"attachment-woocommerce_thumbnail size-woocommerce_thumbnail\" alt=\"Sac \u00e0 dos Academy Team\" srcset=\"https:\/\/ma-boutique-club.com\/districtariege\/wp-content\/uploads\/sites\/111\/2026\/03\/DV0761-011-300x300.png 300w, https:\/\/ma-boutique-club.com\/districtariege\/wp-content\/uploads\/sites\/111\/2026\/03\/DV0761-011-150x150.png 150w, https:\/\/ma-boutique-club.com\/districtariege\/wp-content\/uploads\/sites\/111\/2026\/03\/DV0761-011-768x768.png 768w, https:\/\/ma-boutique-club.com\/districtariege\/wp-content\/uploads\/sites\/111\/2026\/03\/DV0761-011-600x600.png 600w, https:\/\/ma-boutique-club.com\/districtariege\/wp-content\/uploads\/sites\/111\/2026\/03\/DV0761-011-100x100.png 100w, https:\/\/ma-boutique-club.com\/districtariege\/wp-content\/uploads\/sites\/111\/2026\/03\/DV0761-011.png 800w\" sizes=\"(max-width: 300px) 100vw, 300px\" \/><\/div>\n\t\t\t\t\t<div class=\"wc-block-grid__product-title\">Sac \u00e0 dos Academy Team<\/div>\n\t\t\t\t<\/a>\n\t\t\t\t<div class=\"wc-block-grid__product-price price\"><span class=\"woocommerce-Price-amount amount\">28,00&nbsp;<span class=\"woocommerce-Price-currencySymbol\">&euro;<\/span><\/span><\/div>\n\t\t\t\t\n\t\t\t\t<div class=\"wp-block-button wc-block-grid__product-add-to-cart\"><a href=\"https:\/\/ma-boutique-club.com\/districtariege\/?product=sac-a-dos-academy-team\" aria-label=\"S\u00e9lectionner les options pour &ldquo;Sac \u00e0 dos Academy Team&rdquo;\" data-quantity=\"1\" data-product_id=\"861\" data-product_sku=\"DV0761\" data-price=\"28\" rel=\"nofollow\" class=\"wp-block-button__link  add_to_cart_button\">Choix des options<\/a><\/div>\n\t\t\t<\/li><li class=\"wc-block-grid__product\">\n\t\t\t\t<a href=\"https:\/\/ma-boutique-club.com\/districtariege\/?product=veste-grevolo-adulte-copie\" class=\"wc-block-grid__product-link\">\n\t\t\t\t\t\n\t\t\t\t\t<div class=\"wc-block-grid__product-image\"><img loading=\"lazy\" decoding=\"async\" width=\"300\" height=\"300\" src=\"https:\/\/ma-boutique-club.com\/districtariege\/wp-content\/uploads\/sites\/111\/2025\/07\/BA5199-010-300x300.png\" class=\"attachment-woocommerce_thumbnail size-woocommerce_thumbnail\" alt=\"Sac de sport \u00e0 roulette Team\" srcset=\"https:\/\/ma-boutique-club.com\/districtariege\/wp-content\/uploads\/sites\/111\/2025\/07\/BA5199-010-300x300.png 300w, https:\/\/ma-boutique-club.com\/districtariege\/wp-content\/uploads\/sites\/111\/2025\/07\/BA5199-010-1024x1024.png 1024w, https:\/\/ma-boutique-club.com\/districtariege\/wp-content\/uploads\/sites\/111\/2025\/07\/BA5199-010-150x150.png 150w, https:\/\/ma-boutique-club.com\/districtariege\/wp-content\/uploads\/sites\/111\/2025\/07\/BA5199-010-768x768.png 768w, https:\/\/ma-boutique-club.com\/districtariege\/wp-content\/uploads\/sites\/111\/2025\/07\/BA5199-010-1536x1536.png 1536w, https:\/\/ma-boutique-club.com\/districtariege\/wp-content\/uploads\/sites\/111\/2025\/07\/BA5199-010-2048x2048.png 2048w, https:\/\/ma-boutique-club.com\/districtariege\/wp-content\/uploads\/sites\/111\/2025\/07\/BA5199-010-600x600.png 600w, https:\/\/ma-boutique-club.com\/districtariege\/wp-content\/uploads\/sites\/111\/2025\/07\/BA5199-010-100x100.png 100w\" sizes=\"(max-width: 300px) 100vw, 300px\" \/><\/div>\n\t\t\t\t\t<div class=\"wc-block-grid__product-title\">Sac de sport \u00e0 roulette Team<\/div>\n\t\t\t\t<\/a>\n\t\t\t\t<div class=\"wc-block-grid__product-price price\"><span class=\"woocommerce-Price-amount amount\">43,00&nbsp;<span class=\"woocommerce-Price-currencySymbol\">&euro;<\/span><\/span><\/div>\n\t\t\t\t\n\t\t\t\t<div class=\"wp-block-button wc-block-grid__product-add-to-cart\"><a href=\"https:\/\/ma-boutique-club.com\/districtariege\/?product=veste-grevolo-adulte-copie\" aria-label=\"S\u00e9lectionner les options pour &ldquo;Sac de sport \u00e0 roulette Team&rdquo;\" data-quantity=\"1\" data-product_id=\"324\" data-product_sku=\"BA5199\" data-price=\"43\" rel=\"nofollow\" class=\"wp-block-button__link  add_to_cart_button\">Choix des options<\/a><\/div>\n\t\t\t<\/li><li class=\"wc-block-grid__product\">\n\t\t\t\t<a href=\"https:\/\/ma-boutique-club.com\/districtariege\/?product=maillot-loreto-enfant\" class=\"wc-block-grid__product-link\">\n\t\t\t\t\t\n\t\t\t\t\t<div class=\"wc-block-grid__product-image\"><img loading=\"lazy\" decoding=\"async\" width=\"300\" height=\"300\" src=\"https:\/\/ma-boutique-club.com\/districtariege\/wp-content\/uploads\/sites\/111\/2025\/07\/CW6157-410-300x300.png\" class=\"attachment-woocommerce_thumbnail size-woocommerce_thumbnail\" alt=\"Veste de Pluie \u00e0 capuche doubl\u00e9e Park 20\" srcset=\"https:\/\/ma-boutique-club.com\/districtariege\/wp-content\/uploads\/sites\/111\/2025\/07\/CW6157-410-300x300.png 300w, https:\/\/ma-boutique-club.com\/districtariege\/wp-content\/uploads\/sites\/111\/2025\/07\/CW6157-410-150x150.png 150w, https:\/\/ma-boutique-club.com\/districtariege\/wp-content\/uploads\/sites\/111\/2025\/07\/CW6157-410-768x768.png 768w, https:\/\/ma-boutique-club.com\/districtariege\/wp-content\/uploads\/sites\/111\/2025\/07\/CW6157-410-600x600.png 600w, https:\/\/ma-boutique-club.com\/districtariege\/wp-content\/uploads\/sites\/111\/2025\/07\/CW6157-410-100x100.png 100w, https:\/\/ma-boutique-club.com\/districtariege\/wp-content\/uploads\/sites\/111\/2025\/07\/CW6157-410.png 800w\" sizes=\"(max-width: 300px) 100vw, 300px\" \/><\/div>\n\t\t\t\t\t<div class=\"wc-block-grid__product-title\">Veste de Pluie \u00e0 capuche doubl\u00e9e Park 20<\/div>\n\t\t\t\t<\/a>\n\t\t\t\t<div class=\"wc-block-grid__product-price price\"><span class=\"woocommerce-Price-amount amount\">73,00&nbsp;<span class=\"woocommerce-Price-currencySymbol\">&euro;<\/span><\/span> &ndash; <span class=\"woocommerce-Price-amount amount\">75,50&nbsp;<span class=\"woocommerce-Price-currencySymbol\">&euro;<\/span><\/span><\/div>\n\t\t\t\t\n\t\t\t\t<div class=\"wp-block-button wc-block-grid__product-add-to-cart\"><a href=\"https:\/\/ma-boutique-club.com\/districtariege\/?product=maillot-loreto-enfant\" aria-label=\"S\u00e9lectionner les options pour &ldquo;Veste de Pluie \u00e0 capuche doubl\u00e9e Park 20&rdquo;\" data-quantity=\"1\" data-product_id=\"286\" data-product_sku=\"CW6157\" data-price=\"73\" rel=\"nofollow\" class=\"wp-block-button__link  add_to_cart_button\">Choix des options<\/a><\/div>\n\t\t\t<\/li><\/ul><\/div><\/div><\/div>","protected":false},"excerpt":{"rendered":"","protected":false},"author":1,"featured_media":0,"parent":0,"menu_order":0,"comment_status":"closed","ping_status":"closed","template":"","meta":{"_uag_custom_page_level_css":"","site-sidebar-layout":"default","site-content-layout":"","ast-site-content-layout":"default","site-content-style":"default","site-sidebar-style":"default","ast-global-header-display":"","ast-banner-title-visibility":"","ast-main-header-display":"","ast-hfb-above-header-display":"","ast-hfb-below-header-display":"","ast-hfb-mobile-header-display":"","site-post-title":"","ast-breadcrumbs-content":"","ast-featured-img":"","footer-sml-layout":"","theme-transparent-header-meta":"","adv-header-id-meta":"","stick-header-meta":"","header-above-stick-meta":"","header-main-stick-meta":"","header-below-stick-meta":"","astra-migrate-meta-layouts":"default","ast-page-background-enabled":"default","ast-page-background-meta":{"desktop":{"background-color":"var(--ast-global-color-5)","background-image":"","background-repeat":"repeat","background-position":"center center","background-size":"auto","background-attachment":"scroll","background-type":"","background-media":"","overlay-type":"","overlay-color":"","overlay-opacity":"","overlay-gradient":""},"tablet":{"background-color":"","background-image":"","background-repeat":"repeat","background-position":"center center","background-size":"auto","background-attachment":"scroll","background-type":"","background-media":"","overlay-type":"","overlay-color":"","overlay-opacity":"","overlay-gradient":""},"mobile":{"background-color":"","background-image":"","background-repeat":"repeat","background-position":"center center","background-size":"auto","background-attachment":"scroll","background-type":"","background-media":"","overlay-type":"","overlay-color":"","overlay-opacity":"","overlay-gradient":""}},"ast-content-background-meta":{"desktop":{"background-color":"var(--ast-global-color-4)","background-image":"","background-repeat":"repeat","background-position":"center center","background-size":"auto","background-attachment":"scroll","background-type":"","background-media":"","overlay-type":"","overlay-color":"","overlay-opacity":"","overlay-gradient":""},"tablet":{"background-color":"var(--ast-global-color-4)","background-image":"","background-repeat":"repeat","background-position":"center center","background-size":"auto","background-attachment":"scroll","background-type":"","background-media":"","overlay-type":"","overlay-color":"","overlay-opacity":"","overlay-gradient":""},"mobile":{"background-color":"var(--ast-global-color-4)","background-image":"","background-repeat":"repeat","background-position":"center center","background-size":"auto","background-attachment":"scroll","background-type":"","background-media":"","overlay-type":"","overlay-color":"","overlay-opacity":"","overlay-gradient":""}},"footnotes":""},"yoast_head":"<!-- This site is optimized with the Yoast SEO plugin v21.5 - https:\/\/yoast.com\/wordpress\/plugins\/seo\/ -->\n<title>Panier - District Ari\u00e8ge<\/title>\n<meta name=\"robots\" content=\"index, follow, max-snippet:-1, max-image-preview:large, max-video-preview:-1\" \/>\n<link rel=\"canonical\" href=\"https:\/\/ma-boutique-club.com\/districtariege\/?page_id=5\" \/>\n<meta property=\"og:locale\" content=\"fr_FR\" \/>\n<meta property=\"og:type\" content=\"article\" \/>\n<meta property=\"og:title\" content=\"Panier - District Ari\u00e8ge\" \/>\n<meta property=\"og:url\" content=\"https:\/\/ma-boutique-club.com\/districtariege\/?page_id=5\" \/>\n<meta property=\"og:site_name\" content=\"District Ari\u00e8ge\" \/>\n<meta name=\"twitter:card\" content=\"summary_large_image\" \/>\n<script type=\"application\/ld+json\" class=\"yoast-schema-graph\">{\"@context\":\"https:\/\/schema.org\",\"@graph\":[{\"@type\":\"WebPage\",\"@id\":\"https:\/\/ma-boutique-club.com\/districtariege\/?page_id=5\",\"url\":\"https:\/\/ma-boutique-club.com\/districtariege\/?page_id=5\",\"name\":\"Panier - District Ari\u00e8ge\",\"isPartOf\":{\"@id\":\"https:\/\/ma-boutique-club.com\/districtariege\/#website\"},\"datePublished\":\"2025-06-10T12:38:00+00:00\",\"dateModified\":\"2025-06-10T12:38:00+00:00\",\"breadcrumb\":{\"@id\":\"https:\/\/ma-boutique-club.com\/districtariege\/?page_id=5#breadcrumb\"},\"inLanguage\":\"fr-FR\",\"potentialAction\":[{\"@type\":\"ReadAction\",\"target\":[\"https:\/\/ma-boutique-club.com\/districtariege\/?page_id=5\"]}]},{\"@type\":\"BreadcrumbList\",\"@id\":\"https:\/\/ma-boutique-club.com\/districtariege\/?page_id=5#breadcrumb\",\"itemListElement\":[{\"@type\":\"ListItem\",\"position\":1,\"name\":\"Accueil\",\"item\":\"https:\/\/ma-boutique-club.com\/districtariege\/\"},{\"@type\":\"ListItem\",\"position\":2,\"name\":\"Panier\"}]},{\"@type\":\"WebSite\",\"@id\":\"https:\/\/ma-boutique-club.com\/districtariege\/#website\",\"url\":\"https:\/\/ma-boutique-club.com\/districtariege\/\",\"name\":\"District Ari\u00e8ge\",\"description\":\"Ma Boutique Club\",\"publisher\":{\"@id\":\"https:\/\/ma-boutique-club.com\/districtariege\/#organization\"},\"potentialAction\":[{\"@type\":\"SearchAction\",\"target\":{\"@type\":\"EntryPoint\",\"urlTemplate\":\"https:\/\/ma-boutique-club.com\/districtariege\/?s={search_term_string}\"},\"query-input\":\"required name=search_term_string\"}],\"inLanguage\":\"fr-FR\"},{\"@type\":\"Organization\",\"@id\":\"https:\/\/ma-boutique-club.com\/districtariege\/#organization\",\"name\":\"District Ari\u00e8ge\",\"url\":\"https:\/\/ma-boutique-club.com\/districtariege\/\",\"logo\":{\"@type\":\"ImageObject\",\"inLanguage\":\"fr-FR\",\"@id\":\"https:\/\/ma-boutique-club.com\/districtariege\/#\/schema\/logo\/image\/\",\"url\":\"https:\/\/ma-boutique-club.com\/districtariege\/wp-content\/uploads\/sites\/111\/2026\/02\/cropped-LOGO-DISTRICT-ARI7GE-6.png\",\"contentUrl\":\"https:\/\/ma-boutique-club.com\/districtariege\/wp-content\/uploads\/sites\/111\/2026\/02\/cropped-LOGO-DISTRICT-ARI7GE-6.png\",\"width\":923,\"height\":1217,\"caption\":\"District Ari\u00e8ge\"},\"image\":{\"@id\":\"https:\/\/ma-boutique-club.com\/districtariege\/#\/schema\/logo\/image\/\"}}]}<\/script>\n<!-- \/ Yoast SEO plugin. -->","yoast_head_json":{"title":"Panier - District Ari\u00e8ge","robots":{"index":"index","follow":"follow","max-snippet":"max-snippet:-1","max-image-preview":"max-image-preview:large","max-video-preview":"max-video-preview:-1"},"canonical":"https:\/\/ma-boutique-club.com\/districtariege\/?page_id=5","og_locale":"fr_FR","og_type":"article","og_title":"Panier - District Ari\u00e8ge","og_url":"https:\/\/ma-boutique-club.com\/districtariege\/?page_id=5","og_site_name":"District Ari\u00e8ge","twitter_card":"summary_large_image","schema":{"@context":"https:\/\/schema.org","@graph":[{"@type":"WebPage","@id":"https:\/\/ma-boutique-club.com\/districtariege\/?page_id=5","url":"https:\/\/ma-boutique-club.com\/districtariege\/?page_id=5","name":"Panier - District Ari\u00e8ge","isPartOf":{"@id":"https:\/\/ma-boutique-club.com\/districtariege\/#website"},"datePublished":"2025-06-10T12:38:00+00:00","dateModified":"2025-06-10T12:38:00+00:00","breadcrumb":{"@id":"https:\/\/ma-boutique-club.com\/districtariege\/?page_id=5#breadcrumb"},"inLanguage":"fr-FR","potentialAction":[{"@type":"ReadAction","target":["https:\/\/ma-boutique-club.com\/districtariege\/?page_id=5"]}]},{"@type":"BreadcrumbList","@id":"https:\/\/ma-boutique-club.com\/districtariege\/?page_id=5#breadcrumb","itemListElement":[{"@type":"ListItem","position":1,"name":"Accueil","item":"https:\/\/ma-boutique-club.com\/districtariege\/"},{"@type":"ListItem","position":2,"name":"Panier"}]},{"@type":"WebSite","@id":"https:\/\/ma-boutique-club.com\/districtariege\/#website","url":"https:\/\/ma-boutique-club.com\/districtariege\/","name":"District Ari\u00e8ge","description":"Ma Boutique Club","publisher":{"@id":"https:\/\/ma-boutique-club.com\/districtariege\/#organization"},"potentialAction":[{"@type":"SearchAction","target":{"@type":"EntryPoint","urlTemplate":"https:\/\/ma-boutique-club.com\/districtariege\/?s={search_term_string}"},"query-input":"required name=search_term_string"}],"inLanguage":"fr-FR"},{"@type":"Organization","@id":"https:\/\/ma-boutique-club.com\/districtariege\/#organization","name":"District Ari\u00e8ge","url":"https:\/\/ma-boutique-club.com\/districtariege\/","logo":{"@type":"ImageObject","inLanguage":"fr-FR","@id":"https:\/\/ma-boutique-club.com\/districtariege\/#\/schema\/logo\/image\/","url":"https:\/\/ma-boutique-club.com\/districtariege\/wp-content\/uploads\/sites\/111\/2026\/02\/cropped-LOGO-DISTRICT-ARI7GE-6.png","contentUrl":"https:\/\/ma-boutique-club.com\/districtariege\/wp-content\/uploads\/sites\/111\/2026\/02\/cropped-LOGO-DISTRICT-ARI7GE-6.png","width":923,"height":1217,"caption":"District Ari\u00e8ge"},"image":{"@id":"https:\/\/ma-boutique-club.com\/districtariege\/#\/schema\/logo\/image\/"}}]}},"uagb_featured_image_src":{"full":false,"thumbnail":false,"medium":false,"medium_large":false,"large":false,"1536x1536":false,"2048x2048":false,"woocommerce_thumbnail":false,"woocommerce_single":false,"woocommerce_gallery_thumbnail":false},"uagb_author_info":{"display_name":"MAXIME WILLEM","author_link":"https:\/\/ma-boutique-club.com\/districtariege\/?author=1"},"uagb_comment_info":0,"uagb_excerpt":null,"_links":{"self":[{"href":"https:\/\/ma-boutique-club.com\/districtariege\/index.php?rest_route=\/wp\/v2\/pages\/5"}],"collection":[{"href":"https:\/\/ma-boutique-club.com\/districtariege\/index.php?rest_route=\/wp\/v2\/pages"}],"about":[{"href":"https:\/\/ma-boutique-club.com\/districtariege\/index.php?rest_route=\/wp\/v2\/types\/page"}],"author":[{"embeddable":true,"href":"https:\/\/ma-boutique-club.com\/districtariege\/index.php?rest_route=\/wp\/v2\/users\/1"}],"replies":[{"embeddable":true,"href":"https:\/\/ma-boutique-club.com\/districtariege\/index.php?rest_route=%2Fwp%2Fv2%2Fcomments&post=5"}],"version-history":[{"count":0,"href":"https:\/\/ma-boutique-club.com\/districtariege\/index.php?rest_route=\/wp\/v2\/pages\/5\/revisions"}],"wp:attachment":[{"href":"https:\/\/ma-boutique-club.com\/districtariege\/index.php?rest_route=%2Fwp%2Fv2%2Fmedia&parent=5"}],"curies":[{"name":"wp","href":"https:\/\/api.w.org\/{rel}","templated":true}]}}