{"id":4554,"date":"2025-04-29T11:16:58","date_gmt":"2025-04-29T09:16:58","guid":{"rendered":"https:\/\/ma-boutique-club.com\/campus-universcascades\/?post_type=product&#038;p=4554"},"modified":"2025-06-24T11:11:28","modified_gmt":"2025-06-24T09:11:28","slug":"sac-a-dos-multifonctions","status":"publish","type":"product","link":"https:\/\/ma-boutique-club.com\/campus-universcascades\/produit\/sac-a-dos-multifonctions\/","title":{"rendered":"Sac \u00e0 dos multifonctions"},"content":{"rendered":"<p>Sac \u00e0 dos en\u00a0<a class=\"tt-tooltip-btn link\" href=\"https:\/\/www.toptex.fr\/ki0152-sac-a-dos-multifonctions.html#POLYESTER\">polyester<\/a>\u00a0600D. 2 compartiments int\u00e9rieurs avec 1 poche zipp\u00e9e. Filet \u00e9lastique de rangement devant. Bretelles et dos matelass\u00e9s et respirants. 2 poches filet sur les c\u00f4t\u00e9s. Sangles de portage taille et poitrine r\u00e9glables.<\/p>\n","protected":false},"excerpt":{"rendered":"<ul class=\"product-sales-pitch\">\n<li>2 poches filet sur les c\u00f4t\u00e9s et 1 filet \u00e9lastique pour offrir encore plus de rangement.<\/li>\n<li>Bretelles et dos en maille respirante et confortable pour garantir un maximum d&rsquo;aisance.<\/li>\n<li>Sangles de portage taille et poitrine r\u00e9glables pour une meilleure adaptabilit\u00e9 \u00e0 la morphologie et une r\u00e9paration optimale du poids.<\/li>\n<\/ul>\n","protected":false},"featured_media":4525,"template":"","meta":{"_acf_changed":false,"_uag_custom_page_level_css":"","site-sidebar-layout":"default","site-content-layout":"default","ast-site-content-layout":"default","site-content-style":"default","site-sidebar-style":"default","ast-global-header-display":"","ast-banner-title-visibility":"","ast-main-header-display":"","ast-hfb-above-header-display":"","ast-hfb-below-header-display":"","ast-hfb-mobile-header-display":"","site-post-title":"","ast-breadcrumbs-content":"","ast-featured-img":"","footer-sml-layout":"","theme-transparent-header-meta":"default","adv-header-id-meta":"","stick-header-meta":"","header-above-stick-meta":"","header-main-stick-meta":"","header-below-stick-meta":"","astra-migrate-meta-layouts":"set","ast-page-background-enabled":"default","ast-page-background-meta":{"desktop":{"background-color":"var(--ast-global-color-4)","background-image":"","background-repeat":"repeat","background-position":"center center","background-size":"auto","background-attachment":"scroll","background-type":"","background-media":"","overlay-type":"","overlay-color":"","overlay-opacity":"","overlay-gradient":""},"tablet":{"background-color":"","background-image":"","background-repeat":"repeat","background-position":"center center","background-size":"auto","background-attachment":"scroll","background-type":"","background-media":"","overlay-type":"","overlay-color":"","overlay-opacity":"","overlay-gradient":""},"mobile":{"background-color":"","background-image":"","background-repeat":"repeat","background-position":"center center","background-size":"auto","background-attachment":"scroll","background-type":"","background-media":"","overlay-type":"","overlay-color":"","overlay-opacity":"","overlay-gradient":""}},"ast-content-background-meta":{"desktop":{"background-color":"var(--ast-global-color-5)","background-image":"","background-repeat":"repeat","background-position":"center center","background-size":"auto","background-attachment":"scroll","background-type":"","background-media":"","overlay-type":"","overlay-color":"","overlay-opacity":"","overlay-gradient":""},"tablet":{"background-color":"var(--ast-global-color-5)","background-image":"","background-repeat":"repeat","background-position":"center center","background-size":"auto","background-attachment":"scroll","background-type":"","background-media":"","overlay-type":"","overlay-color":"","overlay-opacity":"","overlay-gradient":""},"mobile":{"background-color":"var(--ast-global-color-5)","background-image":"","background-repeat":"repeat","background-position":"center center","background-size":"auto","background-attachment":"scroll","background-type":"","background-media":"","overlay-type":"","overlay-color":"","overlay-opacity":"","overlay-gradient":""}}},"product_cat":[67,29,31,30],"product_tag":[],"yoast_head":"<!-- This site is optimized with the Yoast SEO plugin v21.5 - https:\/\/yoast.com\/wordpress\/plugins\/seo\/ -->\n<title>Sac \u00e0 dos multifonctions - CUC - Campus Univers Cascades<\/title>\n<meta name=\"robots\" content=\"index, follow, max-snippet:-1, max-image-preview:large, max-video-preview:-1\" \/>\n<link rel=\"canonical\" href=\"https:\/\/ma-boutique-club.com\/campus-universcascades\/produit\/sac-a-dos-multifonctions\/\" \/>\n<meta property=\"og:locale\" content=\"fr_FR\" \/>\n<meta property=\"og:type\" content=\"article\" \/>\n<meta property=\"og:title\" content=\"Sac \u00e0 dos multifonctions - CUC - Campus Univers Cascades\" \/>\n<meta property=\"og:description\" content=\"2 poches filet sur les c\u00f4t\u00e9s et 1 filet \u00e9lastique pour offrir encore plus de rangement.  Bretelles et dos en maille respirante et confortable pour garantir un maximum d&#039;aisance.  Sangles de portage taille et poitrine r\u00e9glables pour une meilleure adaptabilit\u00e9 \u00e0 la morphologie et une r\u00e9paration optimale du poids.\" \/>\n<meta property=\"og:url\" content=\"https:\/\/ma-boutique-club.com\/campus-universcascades\/produit\/sac-a-dos-multifonctions\/\" \/>\n<meta property=\"og:site_name\" content=\"CUC - Campus Univers Cascades\" \/>\n<meta property=\"article:publisher\" content=\"https:\/\/www.facebook.com\/campus.univers.cascades\/\" \/>\n<meta property=\"article:modified_time\" content=\"2025-06-24T09:11:28+00:00\" \/>\n<meta property=\"og:image\" content=\"https:\/\/ma-boutique-club.com\/campus-universcascades\/wp-content\/uploads\/sites\/44\/2025\/04\/KI0152-N.png\" \/>\n\t<meta property=\"og:image:width\" content=\"800\" \/>\n\t<meta property=\"og:image:height\" content=\"800\" \/>\n\t<meta property=\"og:image:type\" content=\"image\/png\" \/>\n<meta name=\"twitter:card\" content=\"summary_large_image\" \/>\n<meta name=\"twitter:label1\" content=\"Dur\u00e9e de lecture estim\u00e9e\" \/>\n\t<meta name=\"twitter:data1\" content=\"1 minute\" \/>\n<script type=\"application\/ld+json\" class=\"yoast-schema-graph\">{\"@context\":\"https:\/\/schema.org\",\"@graph\":[{\"@type\":\"WebPage\",\"@id\":\"https:\/\/ma-boutique-club.com\/campus-universcascades\/produit\/sac-a-dos-multifonctions\/\",\"url\":\"https:\/\/ma-boutique-club.com\/campus-universcascades\/produit\/sac-a-dos-multifonctions\/\",\"name\":\"Sac \u00e0 dos multifonctions - CUC - Campus Univers Cascades\",\"isPartOf\":{\"@id\":\"https:\/\/ma-boutique-club.com\/campus-universcascades\/#website\"},\"datePublished\":\"2025-04-29T09:16:58+00:00\",\"dateModified\":\"2025-06-24T09:11:28+00:00\",\"breadcrumb\":{\"@id\":\"https:\/\/ma-boutique-club.com\/campus-universcascades\/produit\/sac-a-dos-multifonctions\/#breadcrumb\"},\"inLanguage\":\"fr-FR\",\"potentialAction\":[{\"@type\":\"ReadAction\",\"target\":[\"https:\/\/ma-boutique-club.com\/campus-universcascades\/produit\/sac-a-dos-multifonctions\/\"]}]},{\"@type\":\"BreadcrumbList\",\"@id\":\"https:\/\/ma-boutique-club.com\/campus-universcascades\/produit\/sac-a-dos-multifonctions\/#breadcrumb\",\"itemListElement\":[{\"@type\":\"ListItem\",\"position\":1,\"name\":\"Accueil\",\"item\":\"https:\/\/ma-boutique-club.com\/campus-universcascades\/\"},{\"@type\":\"ListItem\",\"position\":2,\"name\":\"Boutique\",\"item\":\"https:\/\/ma-boutique-club.com\/campus-universcascades\/boutique\/\"},{\"@type\":\"ListItem\",\"position\":3,\"name\":\"Sac \u00e0 dos multifonctions\"}]},{\"@type\":\"WebSite\",\"@id\":\"https:\/\/ma-boutique-club.com\/campus-universcascades\/#website\",\"url\":\"https:\/\/ma-boutique-club.com\/campus-universcascades\/\",\"name\":\"CUC - Campus Univers Cascades\",\"description\":\"Ma Boutique Club\",\"publisher\":{\"@id\":\"https:\/\/ma-boutique-club.com\/campus-universcascades\/#organization\"},\"potentialAction\":[{\"@type\":\"SearchAction\",\"target\":{\"@type\":\"EntryPoint\",\"urlTemplate\":\"https:\/\/ma-boutique-club.com\/campus-universcascades\/?s={search_term_string}\"},\"query-input\":\"required name=search_term_string\"}],\"inLanguage\":\"fr-FR\"},{\"@type\":\"Organization\",\"@id\":\"https:\/\/ma-boutique-club.com\/campus-universcascades\/#organization\",\"name\":\"CUC - Campus Univers Cascades\",\"url\":\"https:\/\/ma-boutique-club.com\/campus-universcascades\/\",\"logo\":{\"@type\":\"ImageObject\",\"inLanguage\":\"fr-FR\",\"@id\":\"https:\/\/ma-boutique-club.com\/campus-universcascades\/#\/schema\/logo\/image\/\",\"url\":\"https:\/\/ma-boutique-club.com\/campus-universcascades\/wp-content\/uploads\/sites\/44\/2023\/02\/cropped-logo-CUC.png\",\"contentUrl\":\"https:\/\/ma-boutique-club.com\/campus-universcascades\/wp-content\/uploads\/sites\/44\/2023\/02\/cropped-logo-CUC.png\",\"width\":702,\"height\":650,\"caption\":\"CUC - Campus Univers Cascades\"},\"image\":{\"@id\":\"https:\/\/ma-boutique-club.com\/campus-universcascades\/#\/schema\/logo\/image\/\"},\"sameAs\":[\"https:\/\/www.facebook.com\/campus.univers.cascades\/\",\"https:\/\/www.instagram.com\/campus.univers.cascades\/?hl=fr\"]}]}<\/script>\n<!-- \/ Yoast SEO plugin. -->","yoast_head_json":{"title":"Sac \u00e0 dos multifonctions - CUC - Campus Univers Cascades","robots":{"index":"index","follow":"follow","max-snippet":"max-snippet:-1","max-image-preview":"max-image-preview:large","max-video-preview":"max-video-preview:-1"},"canonical":"https:\/\/ma-boutique-club.com\/campus-universcascades\/produit\/sac-a-dos-multifonctions\/","og_locale":"fr_FR","og_type":"article","og_title":"Sac \u00e0 dos multifonctions - CUC - Campus Univers Cascades","og_description":"2 poches filet sur les c\u00f4t\u00e9s et 1 filet \u00e9lastique pour offrir encore plus de rangement.  Bretelles et dos en maille respirante et confortable pour garantir un maximum d'aisance.  Sangles de portage taille et poitrine r\u00e9glables pour une meilleure adaptabilit\u00e9 \u00e0 la morphologie et une r\u00e9paration optimale du poids.","og_url":"https:\/\/ma-boutique-club.com\/campus-universcascades\/produit\/sac-a-dos-multifonctions\/","og_site_name":"CUC - Campus Univers Cascades","article_publisher":"https:\/\/www.facebook.com\/campus.univers.cascades\/","article_modified_time":"2025-06-24T09:11:28+00:00","og_image":[{"width":800,"height":800,"url":"https:\/\/ma-boutique-club.com\/campus-universcascades\/wp-content\/uploads\/sites\/44\/2025\/04\/KI0152-N.png","type":"image\/png"}],"twitter_card":"summary_large_image","twitter_misc":{"Dur\u00e9e de lecture estim\u00e9e":"1 minute"},"schema":{"@context":"https:\/\/schema.org","@graph":[{"@type":"WebPage","@id":"https:\/\/ma-boutique-club.com\/campus-universcascades\/produit\/sac-a-dos-multifonctions\/","url":"https:\/\/ma-boutique-club.com\/campus-universcascades\/produit\/sac-a-dos-multifonctions\/","name":"Sac \u00e0 dos multifonctions - CUC - Campus Univers Cascades","isPartOf":{"@id":"https:\/\/ma-boutique-club.com\/campus-universcascades\/#website"},"datePublished":"2025-04-29T09:16:58+00:00","dateModified":"2025-06-24T09:11:28+00:00","breadcrumb":{"@id":"https:\/\/ma-boutique-club.com\/campus-universcascades\/produit\/sac-a-dos-multifonctions\/#breadcrumb"},"inLanguage":"fr-FR","potentialAction":[{"@type":"ReadAction","target":["https:\/\/ma-boutique-club.com\/campus-universcascades\/produit\/sac-a-dos-multifonctions\/"]}]},{"@type":"BreadcrumbList","@id":"https:\/\/ma-boutique-club.com\/campus-universcascades\/produit\/sac-a-dos-multifonctions\/#breadcrumb","itemListElement":[{"@type":"ListItem","position":1,"name":"Accueil","item":"https:\/\/ma-boutique-club.com\/campus-universcascades\/"},{"@type":"ListItem","position":2,"name":"Boutique","item":"https:\/\/ma-boutique-club.com\/campus-universcascades\/boutique\/"},{"@type":"ListItem","position":3,"name":"Sac \u00e0 dos multifonctions"}]},{"@type":"WebSite","@id":"https:\/\/ma-boutique-club.com\/campus-universcascades\/#website","url":"https:\/\/ma-boutique-club.com\/campus-universcascades\/","name":"CUC - Campus Univers Cascades","description":"Ma Boutique Club","publisher":{"@id":"https:\/\/ma-boutique-club.com\/campus-universcascades\/#organization"},"potentialAction":[{"@type":"SearchAction","target":{"@type":"EntryPoint","urlTemplate":"https:\/\/ma-boutique-club.com\/campus-universcascades\/?s={search_term_string}"},"query-input":"required name=search_term_string"}],"inLanguage":"fr-FR"},{"@type":"Organization","@id":"https:\/\/ma-boutique-club.com\/campus-universcascades\/#organization","name":"CUC - Campus Univers Cascades","url":"https:\/\/ma-boutique-club.com\/campus-universcascades\/","logo":{"@type":"ImageObject","inLanguage":"fr-FR","@id":"https:\/\/ma-boutique-club.com\/campus-universcascades\/#\/schema\/logo\/image\/","url":"https:\/\/ma-boutique-club.com\/campus-universcascades\/wp-content\/uploads\/sites\/44\/2023\/02\/cropped-logo-CUC.png","contentUrl":"https:\/\/ma-boutique-club.com\/campus-universcascades\/wp-content\/uploads\/sites\/44\/2023\/02\/cropped-logo-CUC.png","width":702,"height":650,"caption":"CUC - Campus Univers Cascades"},"image":{"@id":"https:\/\/ma-boutique-club.com\/campus-universcascades\/#\/schema\/logo\/image\/"},"sameAs":["https:\/\/www.facebook.com\/campus.univers.cascades\/","https:\/\/www.instagram.com\/campus.univers.cascades\/?hl=fr"]}]}},"acf":[],"uagb_featured_image_src":{"full":["https:\/\/ma-boutique-club.com\/campus-universcascades\/wp-content\/uploads\/sites\/44\/2025\/04\/KI0152-N.png",800,800,false],"thumbnail":["https:\/\/ma-boutique-club.com\/campus-universcascades\/wp-content\/uploads\/sites\/44\/2025\/04\/KI0152-N-150x150.png",150,150,true],"medium":["https:\/\/ma-boutique-club.com\/campus-universcascades\/wp-content\/uploads\/sites\/44\/2025\/04\/KI0152-N-300x300.png",300,300,true],"medium_large":["https:\/\/ma-boutique-club.com\/campus-universcascades\/wp-content\/uploads\/sites\/44\/2025\/04\/KI0152-N-768x768.png",768,768,true],"large":["https:\/\/ma-boutique-club.com\/campus-universcascades\/wp-content\/uploads\/sites\/44\/2025\/04\/KI0152-N.png",800,800,false],"1536x1536":["https:\/\/ma-boutique-club.com\/campus-universcascades\/wp-content\/uploads\/sites\/44\/2025\/04\/KI0152-N.png",800,800,false],"2048x2048":["https:\/\/ma-boutique-club.com\/campus-universcascades\/wp-content\/uploads\/sites\/44\/2025\/04\/KI0152-N.png",800,800,false],"woocommerce_thumbnail":["https:\/\/ma-boutique-club.com\/campus-universcascades\/wp-content\/uploads\/sites\/44\/2025\/04\/KI0152-N-300x300.png",300,300,true],"woocommerce_single":["https:\/\/ma-boutique-club.com\/campus-universcascades\/wp-content\/uploads\/sites\/44\/2025\/04\/KI0152-N-600x600.png",600,600,true],"woocommerce_gallery_thumbnail":["https:\/\/ma-boutique-club.com\/campus-universcascades\/wp-content\/uploads\/sites\/44\/2025\/04\/KI0152-N-100x100.png",100,100,true]},"uagb_author_info":{"display_name":"Taff \/ MBC","author_link":"https:\/\/ma-boutique-club.com\/campus-universcascades\/blog\/author\/"},"uagb_comment_info":0,"uagb_excerpt":"2 poches filet sur les c\u00f4t\u00e9s et 1 filet \u00e9lastique pour offrir encore plus de rangement. Bretelles et dos en maille respirante et confortable pour garantir un maximum d'aisance. Sangles de portage taille et poitrine r\u00e9glables pour une meilleure adaptabilit\u00e9 \u00e0 la morphologie et une r\u00e9paration optimale du poids.","_links":{"self":[{"href":"https:\/\/ma-boutique-club.com\/campus-universcascades\/wp-json\/wp\/v2\/product\/4554"}],"collection":[{"href":"https:\/\/ma-boutique-club.com\/campus-universcascades\/wp-json\/wp\/v2\/product"}],"about":[{"href":"https:\/\/ma-boutique-club.com\/campus-universcascades\/wp-json\/wp\/v2\/types\/product"}],"wp:featuredmedia":[{"embeddable":true,"href":"https:\/\/ma-boutique-club.com\/campus-universcascades\/wp-json\/wp\/v2\/media\/4525"}],"wp:attachment":[{"href":"https:\/\/ma-boutique-club.com\/campus-universcascades\/wp-json\/wp\/v2\/media?parent=4554"}],"wp:term":[{"taxonomy":"product_cat","embeddable":true,"href":"https:\/\/ma-boutique-club.com\/campus-universcascades\/wp-json\/wp\/v2\/product_cat?post=4554"},{"taxonomy":"product_tag","embeddable":true,"href":"https:\/\/ma-boutique-club.com\/campus-universcascades\/wp-json\/wp\/v2\/product_tag?post=4554"}],"curies":[{"name":"wp","href":"https:\/\/api.w.org\/{rel}","templated":true}]}}