{"id":4494,"date":"2025-04-25T16:17:42","date_gmt":"2025-04-25T14:17:42","guid":{"rendered":"https:\/\/ma-boutique-club.com\/campus-universcascades\/?post_type=product&#038;p=4494"},"modified":"2025-06-24T10:55:52","modified_gmt":"2025-06-24T08:55:52","slug":"pantalon-de-jogging-ecoresponsable-homme","status":"publish","type":"product","link":"https:\/\/ma-boutique-club.com\/campus-universcascades\/produit\/pantalon-de-jogging-ecoresponsable-homme\/","title":{"rendered":"Pantalon de jogging \u00e9coresponsable unisex"},"content":{"rendered":"<div>85% coton biologique \/ 15%\u00a0<a class=\"tt-tooltip-btn link\" href=\"https:\/\/www.toptex.fr\/ns700-pantalon-de-jogging-ecoresponsable-homme.html#POLYESTER\">polyester<\/a>\u00a0recycl\u00e9 post-consumer.\u00a0<a class=\"tt-tooltip-btn link\" href=\"https:\/\/www.toptex.fr\/ns700-pantalon-de-jogging-ecoresponsable-homme.html#coton%20peign%C3%A9\">Coton peign\u00e9<\/a>\u00a0ringspun. Lav\u00e9 aux enzymes. Molleton gratt\u00e9 3 fils LSF (Low Shrinkage Fleece). Ceinture en\u00a0<a class=\"tt-tooltip-btn link\" href=\"https:\/\/www.toptex.fr\/ns700-pantalon-de-jogging-ecoresponsable-homme.html#C%C3%94TE\">c\u00f4te<\/a>\u00a01 x 1 avec cordon de serrage et oeillet boutonni\u00e8re. Poches lat\u00e9rales et une poche arri\u00e8re passepoil\u00e9e. Bord\u00a0<a class=\"tt-tooltip-btn link\" href=\"https:\/\/www.toptex.fr\/ns700-pantalon-de-jogging-ecoresponsable-homme.html#C%C3%94TE\">c\u00f4te<\/a>\u00a01 x 1 bas de jambes. La couleur Raw Natural se distingue par son aspect brut visuellement textur\u00e9, parsem\u00e9e de fines particules visibles \u00e0 l\u2019\u0153il nu.<\/div>\n","protected":false},"excerpt":{"rendered":"<ul class=\"product-sales-pitch\">\n<li>Confection 3 fils LSF (Low Shrinkage Fleece) : r\u00e9sistance et stabilit\u00e9 au lavage.<\/li>\n<li>Surface douce et int\u00e9rieur enveloppant.<\/li>\n<\/ul>\n","protected":false},"featured_media":4434,"template":"","meta":{"_acf_changed":false,"_uag_custom_page_level_css":"","site-sidebar-layout":"default","site-content-layout":"default","ast-site-content-layout":"default","site-content-style":"default","site-sidebar-style":"default","ast-global-header-display":"","ast-banner-title-visibility":"","ast-main-header-display":"","ast-hfb-above-header-display":"","ast-hfb-below-header-display":"","ast-hfb-mobile-header-display":"","site-post-title":"","ast-breadcrumbs-content":"","ast-featured-img":"","footer-sml-layout":"","theme-transparent-header-meta":"default","adv-header-id-meta":"","stick-header-meta":"","header-above-stick-meta":"","header-main-stick-meta":"","header-below-stick-meta":"","astra-migrate-meta-layouts":"set","ast-page-background-enabled":"default","ast-page-background-meta":{"desktop":{"background-color":"var(--ast-global-color-4)","background-image":"","background-repeat":"repeat","background-position":"center center","background-size":"auto","background-attachment":"scroll","background-type":"","background-media":"","overlay-type":"","overlay-color":"","overlay-opacity":"","overlay-gradient":""},"tablet":{"background-color":"","background-image":"","background-repeat":"repeat","background-position":"center center","background-size":"auto","background-attachment":"scroll","background-type":"","background-media":"","overlay-type":"","overlay-color":"","overlay-opacity":"","overlay-gradient":""},"mobile":{"background-color":"","background-image":"","background-repeat":"repeat","background-position":"center center","background-size":"auto","background-attachment":"scroll","background-type":"","background-media":"","overlay-type":"","overlay-color":"","overlay-opacity":"","overlay-gradient":""}},"ast-content-background-meta":{"desktop":{"background-color":"var(--ast-global-color-5)","background-image":"","background-repeat":"repeat","background-position":"center center","background-size":"auto","background-attachment":"scroll","background-type":"","background-media":"","overlay-type":"","overlay-color":"","overlay-opacity":"","overlay-gradient":""},"tablet":{"background-color":"var(--ast-global-color-5)","background-image":"","background-repeat":"repeat","background-position":"center center","background-size":"auto","background-attachment":"scroll","background-type":"","background-media":"","overlay-type":"","overlay-color":"","overlay-opacity":"","overlay-gradient":""},"mobile":{"background-color":"var(--ast-global-color-5)","background-image":"","background-repeat":"repeat","background-position":"center center","background-size":"auto","background-attachment":"scroll","background-type":"","background-media":"","overlay-type":"","overlay-color":"","overlay-opacity":"","overlay-gradient":""}}},"product_cat":[67,28,31,36,30,34],"product_tag":[],"yoast_head":"<!-- This site is optimized with the Yoast SEO plugin v21.5 - https:\/\/yoast.com\/wordpress\/plugins\/seo\/ -->\n<title>Pantalon de jogging \u00e9coresponsable unisex - CUC - Campus Univers Cascades<\/title>\n<meta name=\"robots\" content=\"index, follow, max-snippet:-1, max-image-preview:large, max-video-preview:-1\" \/>\n<link rel=\"canonical\" href=\"https:\/\/ma-boutique-club.com\/campus-universcascades\/produit\/pantalon-de-jogging-ecoresponsable-homme\/\" \/>\n<meta property=\"og:locale\" content=\"fr_FR\" \/>\n<meta property=\"og:type\" content=\"article\" \/>\n<meta property=\"og:title\" content=\"Pantalon de jogging \u00e9coresponsable unisex - CUC - Campus Univers Cascades\" \/>\n<meta property=\"og:description\" content=\"Confection 3 fils LSF (Low Shrinkage Fleece) : r\u00e9sistance et stabilit\u00e9 au lavage.  Surface douce et int\u00e9rieur enveloppant.\" \/>\n<meta property=\"og:url\" content=\"https:\/\/ma-boutique-club.com\/campus-universcascades\/produit\/pantalon-de-jogging-ecoresponsable-homme\/\" \/>\n<meta property=\"og:site_name\" content=\"CUC - Campus Univers Cascades\" \/>\n<meta property=\"article:publisher\" content=\"https:\/\/www.facebook.com\/campus.univers.cascades\/\" \/>\n<meta property=\"article:modified_time\" content=\"2025-06-24T08:55:52+00:00\" \/>\n<meta property=\"og:image\" content=\"https:\/\/ma-boutique-club.com\/campus-universcascades\/wp-content\/uploads\/sites\/44\/2025\/04\/NS700-B.png\" \/>\n\t<meta property=\"og:image:width\" content=\"800\" \/>\n\t<meta property=\"og:image:height\" content=\"800\" \/>\n\t<meta property=\"og:image:type\" content=\"image\/png\" \/>\n<meta name=\"twitter:card\" content=\"summary_large_image\" \/>\n<meta name=\"twitter:label1\" content=\"Dur\u00e9e de lecture estim\u00e9e\" \/>\n\t<meta name=\"twitter:data1\" content=\"1 minute\" \/>\n<script type=\"application\/ld+json\" class=\"yoast-schema-graph\">{\"@context\":\"https:\/\/schema.org\",\"@graph\":[{\"@type\":\"WebPage\",\"@id\":\"https:\/\/ma-boutique-club.com\/campus-universcascades\/produit\/pantalon-de-jogging-ecoresponsable-homme\/\",\"url\":\"https:\/\/ma-boutique-club.com\/campus-universcascades\/produit\/pantalon-de-jogging-ecoresponsable-homme\/\",\"name\":\"Pantalon de jogging \u00e9coresponsable unisex - CUC - Campus Univers Cascades\",\"isPartOf\":{\"@id\":\"https:\/\/ma-boutique-club.com\/campus-universcascades\/#website\"},\"datePublished\":\"2025-04-25T14:17:42+00:00\",\"dateModified\":\"2025-06-24T08:55:52+00:00\",\"breadcrumb\":{\"@id\":\"https:\/\/ma-boutique-club.com\/campus-universcascades\/produit\/pantalon-de-jogging-ecoresponsable-homme\/#breadcrumb\"},\"inLanguage\":\"fr-FR\",\"potentialAction\":[{\"@type\":\"ReadAction\",\"target\":[\"https:\/\/ma-boutique-club.com\/campus-universcascades\/produit\/pantalon-de-jogging-ecoresponsable-homme\/\"]}]},{\"@type\":\"BreadcrumbList\",\"@id\":\"https:\/\/ma-boutique-club.com\/campus-universcascades\/produit\/pantalon-de-jogging-ecoresponsable-homme\/#breadcrumb\",\"itemListElement\":[{\"@type\":\"ListItem\",\"position\":1,\"name\":\"Accueil\",\"item\":\"https:\/\/ma-boutique-club.com\/campus-universcascades\/\"},{\"@type\":\"ListItem\",\"position\":2,\"name\":\"Boutique\",\"item\":\"https:\/\/ma-boutique-club.com\/campus-universcascades\/boutique\/\"},{\"@type\":\"ListItem\",\"position\":3,\"name\":\"Pantalon de jogging \u00e9coresponsable unisex\"}]},{\"@type\":\"WebSite\",\"@id\":\"https:\/\/ma-boutique-club.com\/campus-universcascades\/#website\",\"url\":\"https:\/\/ma-boutique-club.com\/campus-universcascades\/\",\"name\":\"CUC - Campus Univers Cascades\",\"description\":\"Ma Boutique Club\",\"publisher\":{\"@id\":\"https:\/\/ma-boutique-club.com\/campus-universcascades\/#organization\"},\"potentialAction\":[{\"@type\":\"SearchAction\",\"target\":{\"@type\":\"EntryPoint\",\"urlTemplate\":\"https:\/\/ma-boutique-club.com\/campus-universcascades\/?s={search_term_string}\"},\"query-input\":\"required name=search_term_string\"}],\"inLanguage\":\"fr-FR\"},{\"@type\":\"Organization\",\"@id\":\"https:\/\/ma-boutique-club.com\/campus-universcascades\/#organization\",\"name\":\"CUC - Campus Univers Cascades\",\"url\":\"https:\/\/ma-boutique-club.com\/campus-universcascades\/\",\"logo\":{\"@type\":\"ImageObject\",\"inLanguage\":\"fr-FR\",\"@id\":\"https:\/\/ma-boutique-club.com\/campus-universcascades\/#\/schema\/logo\/image\/\",\"url\":\"https:\/\/ma-boutique-club.com\/campus-universcascades\/wp-content\/uploads\/sites\/44\/2023\/02\/cropped-logo-CUC.png\",\"contentUrl\":\"https:\/\/ma-boutique-club.com\/campus-universcascades\/wp-content\/uploads\/sites\/44\/2023\/02\/cropped-logo-CUC.png\",\"width\":702,\"height\":650,\"caption\":\"CUC - Campus Univers Cascades\"},\"image\":{\"@id\":\"https:\/\/ma-boutique-club.com\/campus-universcascades\/#\/schema\/logo\/image\/\"},\"sameAs\":[\"https:\/\/www.facebook.com\/campus.univers.cascades\/\",\"https:\/\/www.instagram.com\/campus.univers.cascades\/?hl=fr\"]}]}<\/script>\n<!-- \/ Yoast SEO plugin. -->","yoast_head_json":{"title":"Pantalon de jogging \u00e9coresponsable unisex - CUC - Campus Univers Cascades","robots":{"index":"index","follow":"follow","max-snippet":"max-snippet:-1","max-image-preview":"max-image-preview:large","max-video-preview":"max-video-preview:-1"},"canonical":"https:\/\/ma-boutique-club.com\/campus-universcascades\/produit\/pantalon-de-jogging-ecoresponsable-homme\/","og_locale":"fr_FR","og_type":"article","og_title":"Pantalon de jogging \u00e9coresponsable unisex - CUC - Campus Univers Cascades","og_description":"Confection 3 fils LSF (Low Shrinkage Fleece) : r\u00e9sistance et stabilit\u00e9 au lavage.  Surface douce et int\u00e9rieur enveloppant.","og_url":"https:\/\/ma-boutique-club.com\/campus-universcascades\/produit\/pantalon-de-jogging-ecoresponsable-homme\/","og_site_name":"CUC - Campus Univers Cascades","article_publisher":"https:\/\/www.facebook.com\/campus.univers.cascades\/","article_modified_time":"2025-06-24T08:55:52+00:00","og_image":[{"width":800,"height":800,"url":"https:\/\/ma-boutique-club.com\/campus-universcascades\/wp-content\/uploads\/sites\/44\/2025\/04\/NS700-B.png","type":"image\/png"}],"twitter_card":"summary_large_image","twitter_misc":{"Dur\u00e9e de lecture estim\u00e9e":"1 minute"},"schema":{"@context":"https:\/\/schema.org","@graph":[{"@type":"WebPage","@id":"https:\/\/ma-boutique-club.com\/campus-universcascades\/produit\/pantalon-de-jogging-ecoresponsable-homme\/","url":"https:\/\/ma-boutique-club.com\/campus-universcascades\/produit\/pantalon-de-jogging-ecoresponsable-homme\/","name":"Pantalon de jogging \u00e9coresponsable unisex - CUC - Campus Univers Cascades","isPartOf":{"@id":"https:\/\/ma-boutique-club.com\/campus-universcascades\/#website"},"datePublished":"2025-04-25T14:17:42+00:00","dateModified":"2025-06-24T08:55:52+00:00","breadcrumb":{"@id":"https:\/\/ma-boutique-club.com\/campus-universcascades\/produit\/pantalon-de-jogging-ecoresponsable-homme\/#breadcrumb"},"inLanguage":"fr-FR","potentialAction":[{"@type":"ReadAction","target":["https:\/\/ma-boutique-club.com\/campus-universcascades\/produit\/pantalon-de-jogging-ecoresponsable-homme\/"]}]},{"@type":"BreadcrumbList","@id":"https:\/\/ma-boutique-club.com\/campus-universcascades\/produit\/pantalon-de-jogging-ecoresponsable-homme\/#breadcrumb","itemListElement":[{"@type":"ListItem","position":1,"name":"Accueil","item":"https:\/\/ma-boutique-club.com\/campus-universcascades\/"},{"@type":"ListItem","position":2,"name":"Boutique","item":"https:\/\/ma-boutique-club.com\/campus-universcascades\/boutique\/"},{"@type":"ListItem","position":3,"name":"Pantalon de jogging \u00e9coresponsable unisex"}]},{"@type":"WebSite","@id":"https:\/\/ma-boutique-club.com\/campus-universcascades\/#website","url":"https:\/\/ma-boutique-club.com\/campus-universcascades\/","name":"CUC - Campus Univers Cascades","description":"Ma Boutique Club","publisher":{"@id":"https:\/\/ma-boutique-club.com\/campus-universcascades\/#organization"},"potentialAction":[{"@type":"SearchAction","target":{"@type":"EntryPoint","urlTemplate":"https:\/\/ma-boutique-club.com\/campus-universcascades\/?s={search_term_string}"},"query-input":"required name=search_term_string"}],"inLanguage":"fr-FR"},{"@type":"Organization","@id":"https:\/\/ma-boutique-club.com\/campus-universcascades\/#organization","name":"CUC - Campus Univers Cascades","url":"https:\/\/ma-boutique-club.com\/campus-universcascades\/","logo":{"@type":"ImageObject","inLanguage":"fr-FR","@id":"https:\/\/ma-boutique-club.com\/campus-universcascades\/#\/schema\/logo\/image\/","url":"https:\/\/ma-boutique-club.com\/campus-universcascades\/wp-content\/uploads\/sites\/44\/2023\/02\/cropped-logo-CUC.png","contentUrl":"https:\/\/ma-boutique-club.com\/campus-universcascades\/wp-content\/uploads\/sites\/44\/2023\/02\/cropped-logo-CUC.png","width":702,"height":650,"caption":"CUC - Campus Univers Cascades"},"image":{"@id":"https:\/\/ma-boutique-club.com\/campus-universcascades\/#\/schema\/logo\/image\/"},"sameAs":["https:\/\/www.facebook.com\/campus.univers.cascades\/","https:\/\/www.instagram.com\/campus.univers.cascades\/?hl=fr"]}]}},"acf":[],"uagb_featured_image_src":{"full":["https:\/\/ma-boutique-club.com\/campus-universcascades\/wp-content\/uploads\/sites\/44\/2025\/04\/NS700-B.png",800,800,false],"thumbnail":["https:\/\/ma-boutique-club.com\/campus-universcascades\/wp-content\/uploads\/sites\/44\/2025\/04\/NS700-B-150x150.png",150,150,true],"medium":["https:\/\/ma-boutique-club.com\/campus-universcascades\/wp-content\/uploads\/sites\/44\/2025\/04\/NS700-B-300x300.png",300,300,true],"medium_large":["https:\/\/ma-boutique-club.com\/campus-universcascades\/wp-content\/uploads\/sites\/44\/2025\/04\/NS700-B-768x768.png",768,768,true],"large":["https:\/\/ma-boutique-club.com\/campus-universcascades\/wp-content\/uploads\/sites\/44\/2025\/04\/NS700-B.png",800,800,false],"1536x1536":["https:\/\/ma-boutique-club.com\/campus-universcascades\/wp-content\/uploads\/sites\/44\/2025\/04\/NS700-B.png",800,800,false],"2048x2048":["https:\/\/ma-boutique-club.com\/campus-universcascades\/wp-content\/uploads\/sites\/44\/2025\/04\/NS700-B.png",800,800,false],"woocommerce_thumbnail":["https:\/\/ma-boutique-club.com\/campus-universcascades\/wp-content\/uploads\/sites\/44\/2025\/04\/NS700-B-300x300.png",300,300,true],"woocommerce_single":["https:\/\/ma-boutique-club.com\/campus-universcascades\/wp-content\/uploads\/sites\/44\/2025\/04\/NS700-B-600x600.png",600,600,true],"woocommerce_gallery_thumbnail":["https:\/\/ma-boutique-club.com\/campus-universcascades\/wp-content\/uploads\/sites\/44\/2025\/04\/NS700-B-100x100.png",100,100,true]},"uagb_author_info":{"display_name":"Taff \/ MBC","author_link":"https:\/\/ma-boutique-club.com\/campus-universcascades\/blog\/author\/"},"uagb_comment_info":0,"uagb_excerpt":"Confection 3 fils LSF (Low Shrinkage Fleece) : r\u00e9sistance et stabilit\u00e9 au lavage. Surface douce et int\u00e9rieur enveloppant.","_links":{"self":[{"href":"https:\/\/ma-boutique-club.com\/campus-universcascades\/wp-json\/wp\/v2\/product\/4494"}],"collection":[{"href":"https:\/\/ma-boutique-club.com\/campus-universcascades\/wp-json\/wp\/v2\/product"}],"about":[{"href":"https:\/\/ma-boutique-club.com\/campus-universcascades\/wp-json\/wp\/v2\/types\/product"}],"wp:featuredmedia":[{"embeddable":true,"href":"https:\/\/ma-boutique-club.com\/campus-universcascades\/wp-json\/wp\/v2\/media\/4434"}],"wp:attachment":[{"href":"https:\/\/ma-boutique-club.com\/campus-universcascades\/wp-json\/wp\/v2\/media?parent=4494"}],"wp:term":[{"taxonomy":"product_cat","embeddable":true,"href":"https:\/\/ma-boutique-club.com\/campus-universcascades\/wp-json\/wp\/v2\/product_cat?post=4494"},{"taxonomy":"product_tag","embeddable":true,"href":"https:\/\/ma-boutique-club.com\/campus-universcascades\/wp-json\/wp\/v2\/product_tag?post=4494"}],"curies":[{"name":"wp","href":"https:\/\/api.w.org\/{rel}","templated":true}]}}