{"id":442,"date":"2026-04-07T16:23:50","date_gmt":"2026-04-07T14:23:50","guid":{"rendered":"https:\/\/ma-boutique-club.com\/astournehem\/?post_type=product&#038;p=442"},"modified":"2026-04-07T16:28:48","modified_gmt":"2026-04-07T14:28:48","slug":"pantalon-tiro26-league-enfant","status":"publish","type":"product","link":"https:\/\/ma-boutique-club.com\/astournehem\/?product=pantalon-tiro26-league-enfant","title":{"rendered":"Pantalon Tiro26 League Enfant"},"content":{"rendered":"<section class=\"o-contentBlock\">\n<div id=\"ContentContainerDetailPageDescriptionContentContainer\" class=\"m-contentContainer\">\n<div class=\"m-contentContainer__content\">\n<ul class=\"m-contentContainer__copyElement\">\n<li>D\u00e9couvre le pantalon de training slim Tiro26 League, con\u00e7u pour les jeunes passionn\u00e9s de football. Inspir\u00e9 par les mod\u00e8les d\u2019\u00e9lite, il offre un look moderne et \u00e9l\u00e9gant pour les joueurs en herbe qui veulent suivre les traces de leurs h\u00e9ros.<\/li>\n<li>Au frais. Au sec. Tout en confort. La technologie Climacool \u00e9vacue la transpiration pour te garder au frais, au sec et concentr\u00e9 pendant tes entra\u00eenements. La mati\u00e8re \u00e0 s\u00e9chage rapide, associ\u00e9e aux inserts enveloppants, cr\u00e9e une silhouette ajust\u00e9e et confortable qui garde ton enfant au frais et au sec.<\/li>\n<li>Sa coupe slim \u00e9pouse le corps, avec une taille mi-haute et un cordon de serrage pour un maintien personnalis\u00e9. Les zips aux jambes permettent de l\u2019enfiler et de l\u2019enlever facilement, tandis que les poches zipp\u00e9es offrent un rangement s\u00fbr pour les essentiels. Le pantalon est compl\u00e9t\u00e9 par le logo adidas brod\u00e9 et les 3\u00a0bandes appliqu\u00e9es classiques, ajoutant une touche sportive.<\/li>\n<li>Fais vivre \u00e0 ton enfant l\u2019esprit du football avec ce pantalon d\u2019entra\u00eenement adidas. Que ce soit pour un match improvis\u00e9 avec des amis ou pour perfectionner ses comp\u00e9tences avec l\u2019\u00e9quipe locale, ton enfant se distinguera sur le terrain.<\/li>\n<\/ul>\n<\/div>\n<\/div>\n<\/section>\n","protected":false},"excerpt":{"rendered":"<p>D\u00e9couvre le pantalon de training slim Tiro26 League, con\u00e7u pour les jeunes passionn\u00e9s de football. Inspir\u00e9 par les mod\u00e8les d\u2019\u00e9lite, [&hellip;]<\/p>\n","protected":false},"featured_media":446,"template":"","meta":{"_uag_custom_page_level_css":"","site-sidebar-layout":"default","site-content-layout":"","ast-site-content-layout":"default","site-content-style":"default","site-sidebar-style":"default","ast-global-header-display":"","ast-banner-title-visibility":"","ast-main-header-display":"","ast-hfb-above-header-display":"","ast-hfb-below-header-display":"","ast-hfb-mobile-header-display":"","site-post-title":"","ast-breadcrumbs-content":"","ast-featured-img":"","footer-sml-layout":"","theme-transparent-header-meta":"default","adv-header-id-meta":"","stick-header-meta":"","header-above-stick-meta":"","header-main-stick-meta":"","header-below-stick-meta":"","astra-migrate-meta-layouts":"set","ast-page-background-enabled":"default","ast-page-background-meta":{"desktop":{"background-color":"var(--ast-global-color-5)","background-image":"","background-repeat":"repeat","background-position":"center center","background-size":"auto","background-attachment":"scroll","background-type":"","background-media":"","overlay-type":"","overlay-color":"","overlay-opacity":"","overlay-gradient":""},"tablet":{"background-color":"","background-image":"","background-repeat":"repeat","background-position":"center center","background-size":"auto","background-attachment":"scroll","background-type":"","background-media":"","overlay-type":"","overlay-color":"","overlay-opacity":"","overlay-gradient":""},"mobile":{"background-color":"","background-image":"","background-repeat":"repeat","background-position":"center center","background-size":"auto","background-attachment":"scroll","background-type":"","background-media":"","overlay-type":"","overlay-color":"","overlay-opacity":"","overlay-gradient":""}},"ast-content-background-meta":{"desktop":{"background-color":"var(--ast-global-color-4)","background-image":"","background-repeat":"repeat","background-position":"center center","background-size":"auto","background-attachment":"scroll","background-type":"","background-media":"","overlay-type":"","overlay-color":"","overlay-opacity":"","overlay-gradient":""},"tablet":{"background-color":"var(--ast-global-color-4)","background-image":"","background-repeat":"repeat","background-position":"center center","background-size":"auto","background-attachment":"scroll","background-type":"","background-media":"","overlay-type":"","overlay-color":"","overlay-opacity":"","overlay-gradient":""},"mobile":{"background-color":"var(--ast-global-color-4)","background-image":"","background-repeat":"repeat","background-position":"center center","background-size":"auto","background-attachment":"scroll","background-type":"","background-media":"","overlay-type":"","overlay-color":"","overlay-opacity":"","overlay-gradient":""}}},"product_cat":[41,80],"product_tag":[26],"yoast_head":"<!-- This site is optimized with the Yoast SEO plugin v21.5 - https:\/\/yoast.com\/wordpress\/plugins\/seo\/ -->\n<title>Pantalon Tiro26 League Enfant - AS TOURNEHEM<\/title>\n<meta name=\"robots\" content=\"index, follow, max-snippet:-1, max-image-preview:large, max-video-preview:-1\" \/>\n<link rel=\"canonical\" href=\"https:\/\/ma-boutique-club.com\/astournehem\/?product=pantalon-tiro26-league-enfant\" \/>\n<meta property=\"og:locale\" content=\"fr_FR\" \/>\n<meta property=\"og:type\" content=\"article\" \/>\n<meta property=\"og:title\" content=\"Pantalon Tiro26 League Enfant - AS TOURNEHEM\" \/>\n<meta property=\"og:description\" content=\"D\u00e9couvre le pantalon de training slim Tiro26 League, con\u00e7u pour les jeunes passionn\u00e9s de football. Inspir\u00e9 par les mod\u00e8les d\u2019\u00e9lite, [&hellip;]\" \/>\n<meta property=\"og:url\" content=\"https:\/\/ma-boutique-club.com\/astournehem\/?product=pantalon-tiro26-league-enfant\" \/>\n<meta property=\"og:site_name\" content=\"AS TOURNEHEM\" \/>\n<meta property=\"article:modified_time\" content=\"2026-04-07T14:28:48+00:00\" \/>\n<meta property=\"og:image\" content=\"https:\/\/ma-boutique-club.com\/astournehem\/wp-content\/uploads\/sites\/107\/2026\/04\/JY7113_JY7117.png\" \/>\n\t<meta property=\"og:image:width\" content=\"800\" \/>\n\t<meta property=\"og:image:height\" content=\"800\" \/>\n\t<meta property=\"og:image:type\" content=\"image\/png\" \/>\n<meta name=\"twitter:card\" content=\"summary_large_image\" \/>\n<meta name=\"twitter:label1\" content=\"Dur\u00e9e de lecture estim\u00e9e\" \/>\n\t<meta name=\"twitter:data1\" content=\"1 minute\" \/>\n<script type=\"application\/ld+json\" class=\"yoast-schema-graph\">{\"@context\":\"https:\/\/schema.org\",\"@graph\":[{\"@type\":\"WebPage\",\"@id\":\"https:\/\/ma-boutique-club.com\/astournehem\/?product=pantalon-tiro26-league-enfant\",\"url\":\"https:\/\/ma-boutique-club.com\/astournehem\/?product=pantalon-tiro26-league-enfant\",\"name\":\"Pantalon Tiro26 League Enfant - AS TOURNEHEM\",\"isPartOf\":{\"@id\":\"https:\/\/ma-boutique-club.com\/astournehem\/#website\"},\"datePublished\":\"2026-04-07T14:23:50+00:00\",\"dateModified\":\"2026-04-07T14:28:48+00:00\",\"breadcrumb\":{\"@id\":\"https:\/\/ma-boutique-club.com\/astournehem\/?product=pantalon-tiro26-league-enfant#breadcrumb\"},\"inLanguage\":\"fr-FR\",\"potentialAction\":[{\"@type\":\"ReadAction\",\"target\":[\"https:\/\/ma-boutique-club.com\/astournehem\/?product=pantalon-tiro26-league-enfant\"]}]},{\"@type\":\"BreadcrumbList\",\"@id\":\"https:\/\/ma-boutique-club.com\/astournehem\/?product=pantalon-tiro26-league-enfant#breadcrumb\",\"itemListElement\":[{\"@type\":\"ListItem\",\"position\":1,\"name\":\"Accueil\",\"item\":\"https:\/\/ma-boutique-club.com\/astournehem\/\"},{\"@type\":\"ListItem\",\"position\":2,\"name\":\"Boutique\",\"item\":\"https:\/\/ma-boutique-club.com\/astournehem\/\"},{\"@type\":\"ListItem\",\"position\":3,\"name\":\"Pantalon Tiro26 League Enfant\"}]},{\"@type\":\"WebSite\",\"@id\":\"https:\/\/ma-boutique-club.com\/astournehem\/#website\",\"url\":\"https:\/\/ma-boutique-club.com\/astournehem\/\",\"name\":\"AS TOURNEHEM\",\"description\":\"Ma Boutique Club\",\"publisher\":{\"@id\":\"https:\/\/ma-boutique-club.com\/astournehem\/#organization\"},\"potentialAction\":[{\"@type\":\"SearchAction\",\"target\":{\"@type\":\"EntryPoint\",\"urlTemplate\":\"https:\/\/ma-boutique-club.com\/astournehem\/?s={search_term_string}\"},\"query-input\":\"required name=search_term_string\"}],\"inLanguage\":\"fr-FR\"},{\"@type\":\"Organization\",\"@id\":\"https:\/\/ma-boutique-club.com\/astournehem\/#organization\",\"name\":\"AS TOURNEHEM\",\"url\":\"https:\/\/ma-boutique-club.com\/astournehem\/\",\"logo\":{\"@type\":\"ImageObject\",\"inLanguage\":\"fr-FR\",\"@id\":\"https:\/\/ma-boutique-club.com\/astournehem\/#\/schema\/logo\/image\/\",\"url\":\"https:\/\/ma-boutique-club.com\/astournehem\/wp-content\/uploads\/sites\/107\/2025\/07\/cropped-AS-TOURNEHEM-PHOTO-MBC-800x800-1-1.png\",\"contentUrl\":\"https:\/\/ma-boutique-club.com\/astournehem\/wp-content\/uploads\/sites\/107\/2025\/07\/cropped-AS-TOURNEHEM-PHOTO-MBC-800x800-1-1.png\",\"width\":2500,\"height\":2209,\"caption\":\"AS TOURNEHEM\"},\"image\":{\"@id\":\"https:\/\/ma-boutique-club.com\/astournehem\/#\/schema\/logo\/image\/\"}}]}<\/script>\n<!-- \/ Yoast SEO plugin. -->","yoast_head_json":{"title":"Pantalon Tiro26 League Enfant - AS TOURNEHEM","robots":{"index":"index","follow":"follow","max-snippet":"max-snippet:-1","max-image-preview":"max-image-preview:large","max-video-preview":"max-video-preview:-1"},"canonical":"https:\/\/ma-boutique-club.com\/astournehem\/?product=pantalon-tiro26-league-enfant","og_locale":"fr_FR","og_type":"article","og_title":"Pantalon Tiro26 League Enfant - AS TOURNEHEM","og_description":"D\u00e9couvre le pantalon de training slim Tiro26 League, con\u00e7u pour les jeunes passionn\u00e9s de football. Inspir\u00e9 par les mod\u00e8les d\u2019\u00e9lite, [&hellip;]","og_url":"https:\/\/ma-boutique-club.com\/astournehem\/?product=pantalon-tiro26-league-enfant","og_site_name":"AS TOURNEHEM","article_modified_time":"2026-04-07T14:28:48+00:00","og_image":[{"width":800,"height":800,"url":"https:\/\/ma-boutique-club.com\/astournehem\/wp-content\/uploads\/sites\/107\/2026\/04\/JY7113_JY7117.png","type":"image\/png"}],"twitter_card":"summary_large_image","twitter_misc":{"Dur\u00e9e de lecture estim\u00e9e":"1 minute"},"schema":{"@context":"https:\/\/schema.org","@graph":[{"@type":"WebPage","@id":"https:\/\/ma-boutique-club.com\/astournehem\/?product=pantalon-tiro26-league-enfant","url":"https:\/\/ma-boutique-club.com\/astournehem\/?product=pantalon-tiro26-league-enfant","name":"Pantalon Tiro26 League Enfant - AS TOURNEHEM","isPartOf":{"@id":"https:\/\/ma-boutique-club.com\/astournehem\/#website"},"datePublished":"2026-04-07T14:23:50+00:00","dateModified":"2026-04-07T14:28:48+00:00","breadcrumb":{"@id":"https:\/\/ma-boutique-club.com\/astournehem\/?product=pantalon-tiro26-league-enfant#breadcrumb"},"inLanguage":"fr-FR","potentialAction":[{"@type":"ReadAction","target":["https:\/\/ma-boutique-club.com\/astournehem\/?product=pantalon-tiro26-league-enfant"]}]},{"@type":"BreadcrumbList","@id":"https:\/\/ma-boutique-club.com\/astournehem\/?product=pantalon-tiro26-league-enfant#breadcrumb","itemListElement":[{"@type":"ListItem","position":1,"name":"Accueil","item":"https:\/\/ma-boutique-club.com\/astournehem\/"},{"@type":"ListItem","position":2,"name":"Boutique","item":"https:\/\/ma-boutique-club.com\/astournehem\/"},{"@type":"ListItem","position":3,"name":"Pantalon Tiro26 League Enfant"}]},{"@type":"WebSite","@id":"https:\/\/ma-boutique-club.com\/astournehem\/#website","url":"https:\/\/ma-boutique-club.com\/astournehem\/","name":"AS TOURNEHEM","description":"Ma Boutique Club","publisher":{"@id":"https:\/\/ma-boutique-club.com\/astournehem\/#organization"},"potentialAction":[{"@type":"SearchAction","target":{"@type":"EntryPoint","urlTemplate":"https:\/\/ma-boutique-club.com\/astournehem\/?s={search_term_string}"},"query-input":"required name=search_term_string"}],"inLanguage":"fr-FR"},{"@type":"Organization","@id":"https:\/\/ma-boutique-club.com\/astournehem\/#organization","name":"AS TOURNEHEM","url":"https:\/\/ma-boutique-club.com\/astournehem\/","logo":{"@type":"ImageObject","inLanguage":"fr-FR","@id":"https:\/\/ma-boutique-club.com\/astournehem\/#\/schema\/logo\/image\/","url":"https:\/\/ma-boutique-club.com\/astournehem\/wp-content\/uploads\/sites\/107\/2025\/07\/cropped-AS-TOURNEHEM-PHOTO-MBC-800x800-1-1.png","contentUrl":"https:\/\/ma-boutique-club.com\/astournehem\/wp-content\/uploads\/sites\/107\/2025\/07\/cropped-AS-TOURNEHEM-PHOTO-MBC-800x800-1-1.png","width":2500,"height":2209,"caption":"AS TOURNEHEM"},"image":{"@id":"https:\/\/ma-boutique-club.com\/astournehem\/#\/schema\/logo\/image\/"}}]}},"uagb_featured_image_src":{"full":["https:\/\/ma-boutique-club.com\/astournehem\/wp-content\/uploads\/sites\/107\/2026\/04\/JY7113_JY7117.png",800,800,false],"thumbnail":["https:\/\/ma-boutique-club.com\/astournehem\/wp-content\/uploads\/sites\/107\/2026\/04\/JY7113_JY7117-150x150.png",150,150,true],"medium":["https:\/\/ma-boutique-club.com\/astournehem\/wp-content\/uploads\/sites\/107\/2026\/04\/JY7113_JY7117-300x300.png",300,300,true],"medium_large":["https:\/\/ma-boutique-club.com\/astournehem\/wp-content\/uploads\/sites\/107\/2026\/04\/JY7113_JY7117-768x768.png",768,768,true],"large":["https:\/\/ma-boutique-club.com\/astournehem\/wp-content\/uploads\/sites\/107\/2026\/04\/JY7113_JY7117.png",800,800,false],"1536x1536":["https:\/\/ma-boutique-club.com\/astournehem\/wp-content\/uploads\/sites\/107\/2026\/04\/JY7113_JY7117.png",800,800,false],"2048x2048":["https:\/\/ma-boutique-club.com\/astournehem\/wp-content\/uploads\/sites\/107\/2026\/04\/JY7113_JY7117.png",800,800,false],"woocommerce_thumbnail":["https:\/\/ma-boutique-club.com\/astournehem\/wp-content\/uploads\/sites\/107\/2026\/04\/JY7113_JY7117-300x300.png",300,300,true],"woocommerce_single":["https:\/\/ma-boutique-club.com\/astournehem\/wp-content\/uploads\/sites\/107\/2026\/04\/JY7113_JY7117-600x600.png",600,600,true],"woocommerce_gallery_thumbnail":["https:\/\/ma-boutique-club.com\/astournehem\/wp-content\/uploads\/sites\/107\/2026\/04\/JY7113_JY7117-100x100.png",100,100,true]},"uagb_author_info":{"display_name":"Taff \/ MBC","author_link":"https:\/\/ma-boutique-club.com\/astournehem\/?author=0"},"uagb_comment_info":0,"uagb_excerpt":"D\u00e9couvre le pantalon de training slim Tiro26 League, con\u00e7u pour les jeunes passionn\u00e9s de football. Inspir\u00e9 par les mod\u00e8les d\u2019\u00e9lite, [&hellip;]","_links":{"self":[{"href":"https:\/\/ma-boutique-club.com\/astournehem\/index.php?rest_route=\/wp\/v2\/product\/442"}],"collection":[{"href":"https:\/\/ma-boutique-club.com\/astournehem\/index.php?rest_route=\/wp\/v2\/product"}],"about":[{"href":"https:\/\/ma-boutique-club.com\/astournehem\/index.php?rest_route=\/wp\/v2\/types\/product"}],"wp:featuredmedia":[{"embeddable":true,"href":"https:\/\/ma-boutique-club.com\/astournehem\/index.php?rest_route=\/wp\/v2\/media\/446"}],"wp:attachment":[{"href":"https:\/\/ma-boutique-club.com\/astournehem\/index.php?rest_route=%2Fwp%2Fv2%2Fmedia&parent=442"}],"wp:term":[{"taxonomy":"product_cat","embeddable":true,"href":"https:\/\/ma-boutique-club.com\/astournehem\/index.php?rest_route=%2Fwp%2Fv2%2Fproduct_cat&post=442"},{"taxonomy":"product_tag","embeddable":true,"href":"https:\/\/ma-boutique-club.com\/astournehem\/index.php?rest_route=%2Fwp%2Fv2%2Fproduct_tag&post=442"}],"curies":[{"name":"wp","href":"https:\/\/api.w.org\/{rel}","templated":true}]}}