{"id":414,"date":"2026-04-07T14:36:38","date_gmt":"2026-04-07T12:36:38","guid":{"rendered":"https:\/\/ma-boutique-club.com\/astournehem\/?post_type=product&#038;p=414"},"modified":"2026-04-07T14:40:46","modified_gmt":"2026-04-07T12:40:46","slug":"pack-maillot-short-adulte-2","status":"publish","type":"product","link":"https:\/\/ma-boutique-club.com\/astournehem\/?product=pack-maillot-short-adulte-2","title":{"rendered":"Pack Maillot-Short Adulte"},"content":{"rendered":"<p>Pack Maillot Polyster Entrada26, Short Polyester Entrada26 et Chaussettes Milano23<\/p>\n<p>Le maillot Entrada26 allie un design \u00e9l\u00e9gant \u00e0 une fonctionnalit\u00e9 optimale sur le terrain. Sa coupe ajust\u00e9e offre un confort exceptionnel, tandis que la technologie Climacool \u00e9vacue la transpiration pour vous garder au frais et au sec. Son embl\u00e8me brod\u00e9 et ses grandes tailles en font un choix polyvalent pour tous les footballeurs.<\/p>\n<p>RESTE AU FRAIS. AU SEC. TOUT EN CONFORT. La technologie CLIMACOOL \u00e9vacue la transpiration pour te garder au frais et au sec, sans aucune distraction. Il est confectionn\u00e9 en maille interlock douce contre la peau<\/p>\n<p>Gr\u00e2ce \u00e0 la coupe standard et \u00e0 la taille mi-haute, tu peux bouger sur le terrain librement et sans restrictions. Affiche un style intemporel avec le logo Badge of Sport brod\u00e9 qui souligne la qualit\u00e9 adidas.<\/p>\n","protected":false},"excerpt":{"rendered":"<p>Pack Maillot Polyster Entrada26, Short Polyester Entrada26 et Chaussettes Milano23 Le maillot Entrada26 allie un design \u00e9l\u00e9gant \u00e0 une fonctionnalit\u00e9 [&hellip;]<\/p>\n","protected":false},"featured_media":408,"template":"","meta":{"_uag_custom_page_level_css":"","site-sidebar-layout":"default","site-content-layout":"","ast-site-content-layout":"default","site-content-style":"default","site-sidebar-style":"default","ast-global-header-display":"","ast-banner-title-visibility":"","ast-main-header-display":"","ast-hfb-above-header-display":"","ast-hfb-below-header-display":"","ast-hfb-mobile-header-display":"","site-post-title":"","ast-breadcrumbs-content":"","ast-featured-img":"","footer-sml-layout":"","theme-transparent-header-meta":"default","adv-header-id-meta":"","stick-header-meta":"","header-above-stick-meta":"","header-main-stick-meta":"","header-below-stick-meta":"","astra-migrate-meta-layouts":"set","ast-page-background-enabled":"default","ast-page-background-meta":{"desktop":{"background-color":"var(--ast-global-color-5)","background-image":"","background-repeat":"repeat","background-position":"center center","background-size":"auto","background-attachment":"scroll","background-type":"","background-media":"","overlay-type":"","overlay-color":"","overlay-opacity":"","overlay-gradient":""},"tablet":{"background-color":"","background-image":"","background-repeat":"repeat","background-position":"center center","background-size":"auto","background-attachment":"scroll","background-type":"","background-media":"","overlay-type":"","overlay-color":"","overlay-opacity":"","overlay-gradient":""},"mobile":{"background-color":"","background-image":"","background-repeat":"repeat","background-position":"center center","background-size":"auto","background-attachment":"scroll","background-type":"","background-media":"","overlay-type":"","overlay-color":"","overlay-opacity":"","overlay-gradient":""}},"ast-content-background-meta":{"desktop":{"background-color":"var(--ast-global-color-4)","background-image":"","background-repeat":"repeat","background-position":"center center","background-size":"auto","background-attachment":"scroll","background-type":"","background-media":"","overlay-type":"","overlay-color":"","overlay-opacity":"","overlay-gradient":""},"tablet":{"background-color":"var(--ast-global-color-4)","background-image":"","background-repeat":"repeat","background-position":"center center","background-size":"auto","background-attachment":"scroll","background-type":"","background-media":"","overlay-type":"","overlay-color":"","overlay-opacity":"","overlay-gradient":""},"mobile":{"background-color":"var(--ast-global-color-4)","background-image":"","background-repeat":"repeat","background-position":"center center","background-size":"auto","background-attachment":"scroll","background-type":"","background-media":"","overlay-type":"","overlay-color":"","overlay-opacity":"","overlay-gradient":""}}},"product_cat":[81,41],"product_tag":[],"yoast_head":"<!-- This site is optimized with the Yoast SEO plugin v21.5 - https:\/\/yoast.com\/wordpress\/plugins\/seo\/ -->\n<title>Pack Maillot-Short Adulte - AS TOURNEHEM<\/title>\n<meta name=\"robots\" content=\"index, follow, max-snippet:-1, max-image-preview:large, max-video-preview:-1\" \/>\n<link rel=\"canonical\" href=\"https:\/\/ma-boutique-club.com\/astournehem\/?product=pack-maillot-short-adulte-2\" \/>\n<meta property=\"og:locale\" content=\"fr_FR\" \/>\n<meta property=\"og:type\" content=\"article\" \/>\n<meta property=\"og:title\" content=\"Pack Maillot-Short Adulte - AS TOURNEHEM\" \/>\n<meta property=\"og:description\" content=\"Pack Maillot Polyster Entrada26, Short Polyester Entrada26 et Chaussettes Milano23 Le maillot Entrada26 allie un design \u00e9l\u00e9gant \u00e0 une fonctionnalit\u00e9 [&hellip;]\" \/>\n<meta property=\"og:url\" content=\"https:\/\/ma-boutique-club.com\/astournehem\/?product=pack-maillot-short-adulte-2\" \/>\n<meta property=\"og:site_name\" content=\"AS TOURNEHEM\" \/>\n<meta property=\"article:modified_time\" content=\"2026-04-07T12:40:46+00:00\" \/>\n<meta property=\"og:image\" content=\"https:\/\/ma-boutique-club.com\/astournehem\/wp-content\/uploads\/sites\/107\/2025\/07\/Pack-Maillot-Short.png\" \/>\n\t<meta property=\"og:image:width\" content=\"800\" \/>\n\t<meta property=\"og:image:height\" content=\"800\" \/>\n\t<meta property=\"og:image:type\" content=\"image\/png\" \/>\n<meta name=\"twitter:card\" content=\"summary_large_image\" \/>\n<meta name=\"twitter:label1\" content=\"Dur\u00e9e de lecture estim\u00e9e\" \/>\n\t<meta name=\"twitter:data1\" content=\"1 minute\" \/>\n<script type=\"application\/ld+json\" class=\"yoast-schema-graph\">{\"@context\":\"https:\/\/schema.org\",\"@graph\":[{\"@type\":\"WebPage\",\"@id\":\"https:\/\/ma-boutique-club.com\/astournehem\/?product=pack-maillot-short-adulte-2\",\"url\":\"https:\/\/ma-boutique-club.com\/astournehem\/?product=pack-maillot-short-adulte-2\",\"name\":\"Pack Maillot-Short Adulte - AS TOURNEHEM\",\"isPartOf\":{\"@id\":\"https:\/\/ma-boutique-club.com\/astournehem\/#website\"},\"datePublished\":\"2026-04-07T12:36:38+00:00\",\"dateModified\":\"2026-04-07T12:40:46+00:00\",\"breadcrumb\":{\"@id\":\"https:\/\/ma-boutique-club.com\/astournehem\/?product=pack-maillot-short-adulte-2#breadcrumb\"},\"inLanguage\":\"fr-FR\",\"potentialAction\":[{\"@type\":\"ReadAction\",\"target\":[\"https:\/\/ma-boutique-club.com\/astournehem\/?product=pack-maillot-short-adulte-2\"]}]},{\"@type\":\"BreadcrumbList\",\"@id\":\"https:\/\/ma-boutique-club.com\/astournehem\/?product=pack-maillot-short-adulte-2#breadcrumb\",\"itemListElement\":[{\"@type\":\"ListItem\",\"position\":1,\"name\":\"Accueil\",\"item\":\"https:\/\/ma-boutique-club.com\/astournehem\/\"},{\"@type\":\"ListItem\",\"position\":2,\"name\":\"Boutique\",\"item\":\"https:\/\/ma-boutique-club.com\/astournehem\/\"},{\"@type\":\"ListItem\",\"position\":3,\"name\":\"Pack Maillot-Short Adulte\"}]},{\"@type\":\"WebSite\",\"@id\":\"https:\/\/ma-boutique-club.com\/astournehem\/#website\",\"url\":\"https:\/\/ma-boutique-club.com\/astournehem\/\",\"name\":\"AS TOURNEHEM\",\"description\":\"Ma Boutique Club\",\"publisher\":{\"@id\":\"https:\/\/ma-boutique-club.com\/astournehem\/#organization\"},\"potentialAction\":[{\"@type\":\"SearchAction\",\"target\":{\"@type\":\"EntryPoint\",\"urlTemplate\":\"https:\/\/ma-boutique-club.com\/astournehem\/?s={search_term_string}\"},\"query-input\":\"required name=search_term_string\"}],\"inLanguage\":\"fr-FR\"},{\"@type\":\"Organization\",\"@id\":\"https:\/\/ma-boutique-club.com\/astournehem\/#organization\",\"name\":\"AS TOURNEHEM\",\"url\":\"https:\/\/ma-boutique-club.com\/astournehem\/\",\"logo\":{\"@type\":\"ImageObject\",\"inLanguage\":\"fr-FR\",\"@id\":\"https:\/\/ma-boutique-club.com\/astournehem\/#\/schema\/logo\/image\/\",\"url\":\"https:\/\/ma-boutique-club.com\/astournehem\/wp-content\/uploads\/sites\/107\/2025\/07\/cropped-AS-TOURNEHEM-PHOTO-MBC-800x800-1-1.png\",\"contentUrl\":\"https:\/\/ma-boutique-club.com\/astournehem\/wp-content\/uploads\/sites\/107\/2025\/07\/cropped-AS-TOURNEHEM-PHOTO-MBC-800x800-1-1.png\",\"width\":2500,\"height\":2209,\"caption\":\"AS TOURNEHEM\"},\"image\":{\"@id\":\"https:\/\/ma-boutique-club.com\/astournehem\/#\/schema\/logo\/image\/\"}}]}<\/script>\n<!-- \/ Yoast SEO plugin. -->","yoast_head_json":{"title":"Pack Maillot-Short Adulte - AS TOURNEHEM","robots":{"index":"index","follow":"follow","max-snippet":"max-snippet:-1","max-image-preview":"max-image-preview:large","max-video-preview":"max-video-preview:-1"},"canonical":"https:\/\/ma-boutique-club.com\/astournehem\/?product=pack-maillot-short-adulte-2","og_locale":"fr_FR","og_type":"article","og_title":"Pack Maillot-Short Adulte - AS TOURNEHEM","og_description":"Pack Maillot Polyster Entrada26, Short Polyester Entrada26 et Chaussettes Milano23 Le maillot Entrada26 allie un design \u00e9l\u00e9gant \u00e0 une fonctionnalit\u00e9 [&hellip;]","og_url":"https:\/\/ma-boutique-club.com\/astournehem\/?product=pack-maillot-short-adulte-2","og_site_name":"AS TOURNEHEM","article_modified_time":"2026-04-07T12:40:46+00:00","og_image":[{"width":800,"height":800,"url":"https:\/\/ma-boutique-club.com\/astournehem\/wp-content\/uploads\/sites\/107\/2025\/07\/Pack-Maillot-Short.png","type":"image\/png"}],"twitter_card":"summary_large_image","twitter_misc":{"Dur\u00e9e de lecture estim\u00e9e":"1 minute"},"schema":{"@context":"https:\/\/schema.org","@graph":[{"@type":"WebPage","@id":"https:\/\/ma-boutique-club.com\/astournehem\/?product=pack-maillot-short-adulte-2","url":"https:\/\/ma-boutique-club.com\/astournehem\/?product=pack-maillot-short-adulte-2","name":"Pack Maillot-Short Adulte - AS TOURNEHEM","isPartOf":{"@id":"https:\/\/ma-boutique-club.com\/astournehem\/#website"},"datePublished":"2026-04-07T12:36:38+00:00","dateModified":"2026-04-07T12:40:46+00:00","breadcrumb":{"@id":"https:\/\/ma-boutique-club.com\/astournehem\/?product=pack-maillot-short-adulte-2#breadcrumb"},"inLanguage":"fr-FR","potentialAction":[{"@type":"ReadAction","target":["https:\/\/ma-boutique-club.com\/astournehem\/?product=pack-maillot-short-adulte-2"]}]},{"@type":"BreadcrumbList","@id":"https:\/\/ma-boutique-club.com\/astournehem\/?product=pack-maillot-short-adulte-2#breadcrumb","itemListElement":[{"@type":"ListItem","position":1,"name":"Accueil","item":"https:\/\/ma-boutique-club.com\/astournehem\/"},{"@type":"ListItem","position":2,"name":"Boutique","item":"https:\/\/ma-boutique-club.com\/astournehem\/"},{"@type":"ListItem","position":3,"name":"Pack Maillot-Short Adulte"}]},{"@type":"WebSite","@id":"https:\/\/ma-boutique-club.com\/astournehem\/#website","url":"https:\/\/ma-boutique-club.com\/astournehem\/","name":"AS TOURNEHEM","description":"Ma Boutique Club","publisher":{"@id":"https:\/\/ma-boutique-club.com\/astournehem\/#organization"},"potentialAction":[{"@type":"SearchAction","target":{"@type":"EntryPoint","urlTemplate":"https:\/\/ma-boutique-club.com\/astournehem\/?s={search_term_string}"},"query-input":"required name=search_term_string"}],"inLanguage":"fr-FR"},{"@type":"Organization","@id":"https:\/\/ma-boutique-club.com\/astournehem\/#organization","name":"AS TOURNEHEM","url":"https:\/\/ma-boutique-club.com\/astournehem\/","logo":{"@type":"ImageObject","inLanguage":"fr-FR","@id":"https:\/\/ma-boutique-club.com\/astournehem\/#\/schema\/logo\/image\/","url":"https:\/\/ma-boutique-club.com\/astournehem\/wp-content\/uploads\/sites\/107\/2025\/07\/cropped-AS-TOURNEHEM-PHOTO-MBC-800x800-1-1.png","contentUrl":"https:\/\/ma-boutique-club.com\/astournehem\/wp-content\/uploads\/sites\/107\/2025\/07\/cropped-AS-TOURNEHEM-PHOTO-MBC-800x800-1-1.png","width":2500,"height":2209,"caption":"AS TOURNEHEM"},"image":{"@id":"https:\/\/ma-boutique-club.com\/astournehem\/#\/schema\/logo\/image\/"}}]}},"uagb_featured_image_src":{"full":["https:\/\/ma-boutique-club.com\/astournehem\/wp-content\/uploads\/sites\/107\/2025\/07\/Pack-Maillot-Short.png",800,800,false],"thumbnail":["https:\/\/ma-boutique-club.com\/astournehem\/wp-content\/uploads\/sites\/107\/2025\/07\/Pack-Maillot-Short-150x150.png",150,150,true],"medium":["https:\/\/ma-boutique-club.com\/astournehem\/wp-content\/uploads\/sites\/107\/2025\/07\/Pack-Maillot-Short-300x300.png",300,300,true],"medium_large":["https:\/\/ma-boutique-club.com\/astournehem\/wp-content\/uploads\/sites\/107\/2025\/07\/Pack-Maillot-Short-768x768.png",768,768,true],"large":["https:\/\/ma-boutique-club.com\/astournehem\/wp-content\/uploads\/sites\/107\/2025\/07\/Pack-Maillot-Short.png",800,800,false],"1536x1536":["https:\/\/ma-boutique-club.com\/astournehem\/wp-content\/uploads\/sites\/107\/2025\/07\/Pack-Maillot-Short.png",800,800,false],"2048x2048":["https:\/\/ma-boutique-club.com\/astournehem\/wp-content\/uploads\/sites\/107\/2025\/07\/Pack-Maillot-Short.png",800,800,false],"woocommerce_thumbnail":["https:\/\/ma-boutique-club.com\/astournehem\/wp-content\/uploads\/sites\/107\/2025\/07\/Pack-Maillot-Short-300x300.png",300,300,true],"woocommerce_single":["https:\/\/ma-boutique-club.com\/astournehem\/wp-content\/uploads\/sites\/107\/2025\/07\/Pack-Maillot-Short-600x600.png",600,600,true],"woocommerce_gallery_thumbnail":["https:\/\/ma-boutique-club.com\/astournehem\/wp-content\/uploads\/sites\/107\/2025\/07\/Pack-Maillot-Short-100x100.png",100,100,true]},"uagb_author_info":{"display_name":"Taff \/ MBC","author_link":"https:\/\/ma-boutique-club.com\/astournehem\/?author=0"},"uagb_comment_info":0,"uagb_excerpt":"Pack Maillot Polyster Entrada26, Short Polyester Entrada26 et Chaussettes Milano23 Le maillot Entrada26 allie un design \u00e9l\u00e9gant \u00e0 une fonctionnalit\u00e9 [&hellip;]","_links":{"self":[{"href":"https:\/\/ma-boutique-club.com\/astournehem\/index.php?rest_route=\/wp\/v2\/product\/414"}],"collection":[{"href":"https:\/\/ma-boutique-club.com\/astournehem\/index.php?rest_route=\/wp\/v2\/product"}],"about":[{"href":"https:\/\/ma-boutique-club.com\/astournehem\/index.php?rest_route=\/wp\/v2\/types\/product"}],"wp:featuredmedia":[{"embeddable":true,"href":"https:\/\/ma-boutique-club.com\/astournehem\/index.php?rest_route=\/wp\/v2\/media\/408"}],"wp:attachment":[{"href":"https:\/\/ma-boutique-club.com\/astournehem\/index.php?rest_route=%2Fwp%2Fv2%2Fmedia&parent=414"}],"wp:term":[{"taxonomy":"product_cat","embeddable":true,"href":"https:\/\/ma-boutique-club.com\/astournehem\/index.php?rest_route=%2Fwp%2Fv2%2Fproduct_cat&post=414"},{"taxonomy":"product_tag","embeddable":true,"href":"https:\/\/ma-boutique-club.com\/astournehem\/index.php?rest_route=%2Fwp%2Fv2%2Fproduct_tag&post=414"}],"curies":[{"name":"wp","href":"https:\/\/api.w.org\/{rel}","templated":true}]}}