{"id":375,"date":"2025-09-17T11:12:43","date_gmt":"2025-09-17T09:12:43","guid":{"rendered":"https:\/\/ma-boutique-club.com\/astournehem\/?post_type=product&#038;p=375"},"modified":"2026-04-07T16:40:40","modified_gmt":"2026-04-07T14:40:40","slug":"sweat-lianto-enfant","status":"publish","type":"product","link":"https:\/\/ma-boutique-club.com\/astournehem\/?product=sweat-lianto-enfant","title":{"rendered":"Veste Squadra25 Enfant"},"content":{"rendered":"<ul class=\"m-contentContainer__copyElement\">\n<li>Montre l&rsquo;exemple avec cette veste d&rsquo;entra\u00eenement Squadra 25 adidas. Cr\u00e9\u00e9 pour le jeu amateur, ce haut polyvalent t&rsquo;offre un maximum de confort sur le terrain et en dehors gr\u00e2ce \u00e0 sa mati\u00e8re douce et \u00e0 la technologie AEROREADY qui \u00e9vacue la transpiration. Les poches zipp\u00e9es t&rsquo;\u00e9vitent d&rsquo;avoir \u00e0 laisser tes objets de valeur dans les vestiaires, pour que tu puisses te concentrer pleinement sur ton jeu.<\/li>\n<li>Ce produit est con\u00e7u avec des mat\u00e9riaux 100 % recycl\u00e9s. En r\u00e9utilisant des mat\u00e9riaux d\u00e9j\u00e0 cr\u00e9\u00e9s, nous contribuons \u00e0 r\u00e9duire les d\u00e9chets et notre d\u00e9pendance aux ressources limit\u00e9es, afin de r\u00e9duire l&#8217;empreinte \u00e9cologique des produits que nous fabriquons.<\/li>\n<\/ul>\n","protected":false},"excerpt":{"rendered":"<p>Montre l&rsquo;exemple avec cette veste d&rsquo;entra\u00eenement Squadra 25 adidas. Cr\u00e9\u00e9 pour le jeu amateur, ce haut polyvalent t&rsquo;offre un maximum [&hellip;]<\/p>\n","protected":false},"featured_media":447,"template":"","meta":{"_uag_custom_page_level_css":"","site-sidebar-layout":"default","site-content-layout":"","ast-site-content-layout":"default","site-content-style":"default","site-sidebar-style":"default","ast-global-header-display":"","ast-banner-title-visibility":"","ast-main-header-display":"","ast-hfb-above-header-display":"","ast-hfb-below-header-display":"","ast-hfb-mobile-header-display":"","site-post-title":"","ast-breadcrumbs-content":"","ast-featured-img":"","footer-sml-layout":"","theme-transparent-header-meta":"default","adv-header-id-meta":"","stick-header-meta":"","header-above-stick-meta":"","header-main-stick-meta":"","header-below-stick-meta":"","astra-migrate-meta-layouts":"set","ast-page-background-enabled":"default","ast-page-background-meta":{"desktop":{"background-color":"var(--ast-global-color-5)","background-image":"","background-repeat":"repeat","background-position":"center center","background-size":"auto","background-attachment":"scroll","background-type":"","background-media":"","overlay-type":"","overlay-color":"","overlay-opacity":"","overlay-gradient":""},"tablet":{"background-color":"","background-image":"","background-repeat":"repeat","background-position":"center center","background-size":"auto","background-attachment":"scroll","background-type":"","background-media":"","overlay-type":"","overlay-color":"","overlay-opacity":"","overlay-gradient":""},"mobile":{"background-color":"","background-image":"","background-repeat":"repeat","background-position":"center center","background-size":"auto","background-attachment":"scroll","background-type":"","background-media":"","overlay-type":"","overlay-color":"","overlay-opacity":"","overlay-gradient":""}},"ast-content-background-meta":{"desktop":{"background-color":"var(--ast-global-color-4)","background-image":"","background-repeat":"repeat","background-position":"center center","background-size":"auto","background-attachment":"scroll","background-type":"","background-media":"","overlay-type":"","overlay-color":"","overlay-opacity":"","overlay-gradient":""},"tablet":{"background-color":"var(--ast-global-color-4)","background-image":"","background-repeat":"repeat","background-position":"center center","background-size":"auto","background-attachment":"scroll","background-type":"","background-media":"","overlay-type":"","overlay-color":"","overlay-opacity":"","overlay-gradient":""},"mobile":{"background-color":"var(--ast-global-color-4)","background-image":"","background-repeat":"repeat","background-position":"center center","background-size":"auto","background-attachment":"scroll","background-type":"","background-media":"","overlay-type":"","overlay-color":"","overlay-opacity":"","overlay-gradient":""}}},"product_cat":[41,80],"product_tag":[23],"yoast_head":"<!-- This site is optimized with the Yoast SEO plugin v21.5 - https:\/\/yoast.com\/wordpress\/plugins\/seo\/ -->\n<title>Veste Squadra25 Enfant - AS TOURNEHEM<\/title>\n<meta name=\"robots\" content=\"index, follow, max-snippet:-1, max-image-preview:large, max-video-preview:-1\" \/>\n<link rel=\"canonical\" href=\"https:\/\/ma-boutique-club.com\/astournehem\/?product=sweat-lianto-enfant\" \/>\n<meta property=\"og:locale\" content=\"fr_FR\" \/>\n<meta property=\"og:type\" content=\"article\" \/>\n<meta property=\"og:title\" content=\"Veste Squadra25 Enfant - AS TOURNEHEM\" \/>\n<meta property=\"og:description\" content=\"Montre l&rsquo;exemple avec cette veste d&rsquo;entra\u00eenement Squadra 25 adidas. Cr\u00e9\u00e9 pour le jeu amateur, ce haut polyvalent t&rsquo;offre un maximum [&hellip;]\" \/>\n<meta property=\"og:url\" content=\"https:\/\/ma-boutique-club.com\/astournehem\/?product=sweat-lianto-enfant\" \/>\n<meta property=\"og:site_name\" content=\"AS TOURNEHEM\" \/>\n<meta property=\"article:modified_time\" content=\"2026-04-07T14:40:40+00:00\" \/>\n<meta property=\"og:image\" content=\"https:\/\/ma-boutique-club.com\/astournehem\/wp-content\/uploads\/sites\/107\/2025\/09\/JP3162_KT3856.png\" \/>\n\t<meta property=\"og:image:width\" content=\"800\" \/>\n\t<meta property=\"og:image:height\" content=\"800\" \/>\n\t<meta property=\"og:image:type\" content=\"image\/png\" \/>\n<meta name=\"twitter:card\" content=\"summary_large_image\" \/>\n<meta name=\"twitter:label1\" content=\"Dur\u00e9e de lecture estim\u00e9e\" \/>\n\t<meta name=\"twitter:data1\" content=\"1 minute\" \/>\n<script type=\"application\/ld+json\" class=\"yoast-schema-graph\">{\"@context\":\"https:\/\/schema.org\",\"@graph\":[{\"@type\":\"WebPage\",\"@id\":\"https:\/\/ma-boutique-club.com\/astournehem\/?product=sweat-lianto-enfant\",\"url\":\"https:\/\/ma-boutique-club.com\/astournehem\/?product=sweat-lianto-enfant\",\"name\":\"Veste Squadra25 Enfant - AS TOURNEHEM\",\"isPartOf\":{\"@id\":\"https:\/\/ma-boutique-club.com\/astournehem\/#website\"},\"datePublished\":\"2025-09-17T09:12:43+00:00\",\"dateModified\":\"2026-04-07T14:40:40+00:00\",\"breadcrumb\":{\"@id\":\"https:\/\/ma-boutique-club.com\/astournehem\/?product=sweat-lianto-enfant#breadcrumb\"},\"inLanguage\":\"fr-FR\",\"potentialAction\":[{\"@type\":\"ReadAction\",\"target\":[\"https:\/\/ma-boutique-club.com\/astournehem\/?product=sweat-lianto-enfant\"]}]},{\"@type\":\"BreadcrumbList\",\"@id\":\"https:\/\/ma-boutique-club.com\/astournehem\/?product=sweat-lianto-enfant#breadcrumb\",\"itemListElement\":[{\"@type\":\"ListItem\",\"position\":1,\"name\":\"Accueil\",\"item\":\"https:\/\/ma-boutique-club.com\/astournehem\/\"},{\"@type\":\"ListItem\",\"position\":2,\"name\":\"Boutique\",\"item\":\"https:\/\/ma-boutique-club.com\/astournehem\/\"},{\"@type\":\"ListItem\",\"position\":3,\"name\":\"Veste Squadra25 Enfant\"}]},{\"@type\":\"WebSite\",\"@id\":\"https:\/\/ma-boutique-club.com\/astournehem\/#website\",\"url\":\"https:\/\/ma-boutique-club.com\/astournehem\/\",\"name\":\"AS TOURNEHEM\",\"description\":\"Ma Boutique Club\",\"publisher\":{\"@id\":\"https:\/\/ma-boutique-club.com\/astournehem\/#organization\"},\"potentialAction\":[{\"@type\":\"SearchAction\",\"target\":{\"@type\":\"EntryPoint\",\"urlTemplate\":\"https:\/\/ma-boutique-club.com\/astournehem\/?s={search_term_string}\"},\"query-input\":\"required name=search_term_string\"}],\"inLanguage\":\"fr-FR\"},{\"@type\":\"Organization\",\"@id\":\"https:\/\/ma-boutique-club.com\/astournehem\/#organization\",\"name\":\"AS TOURNEHEM\",\"url\":\"https:\/\/ma-boutique-club.com\/astournehem\/\",\"logo\":{\"@type\":\"ImageObject\",\"inLanguage\":\"fr-FR\",\"@id\":\"https:\/\/ma-boutique-club.com\/astournehem\/#\/schema\/logo\/image\/\",\"url\":\"https:\/\/ma-boutique-club.com\/astournehem\/wp-content\/uploads\/sites\/107\/2025\/07\/cropped-AS-TOURNEHEM-PHOTO-MBC-800x800-1-1.png\",\"contentUrl\":\"https:\/\/ma-boutique-club.com\/astournehem\/wp-content\/uploads\/sites\/107\/2025\/07\/cropped-AS-TOURNEHEM-PHOTO-MBC-800x800-1-1.png\",\"width\":2500,\"height\":2209,\"caption\":\"AS TOURNEHEM\"},\"image\":{\"@id\":\"https:\/\/ma-boutique-club.com\/astournehem\/#\/schema\/logo\/image\/\"}}]}<\/script>\n<!-- \/ Yoast SEO plugin. -->","yoast_head_json":{"title":"Veste Squadra25 Enfant - AS TOURNEHEM","robots":{"index":"index","follow":"follow","max-snippet":"max-snippet:-1","max-image-preview":"max-image-preview:large","max-video-preview":"max-video-preview:-1"},"canonical":"https:\/\/ma-boutique-club.com\/astournehem\/?product=sweat-lianto-enfant","og_locale":"fr_FR","og_type":"article","og_title":"Veste Squadra25 Enfant - AS TOURNEHEM","og_description":"Montre l&rsquo;exemple avec cette veste d&rsquo;entra\u00eenement Squadra 25 adidas. Cr\u00e9\u00e9 pour le jeu amateur, ce haut polyvalent t&rsquo;offre un maximum [&hellip;]","og_url":"https:\/\/ma-boutique-club.com\/astournehem\/?product=sweat-lianto-enfant","og_site_name":"AS TOURNEHEM","article_modified_time":"2026-04-07T14:40:40+00:00","og_image":[{"width":800,"height":800,"url":"https:\/\/ma-boutique-club.com\/astournehem\/wp-content\/uploads\/sites\/107\/2025\/09\/JP3162_KT3856.png","type":"image\/png"}],"twitter_card":"summary_large_image","twitter_misc":{"Dur\u00e9e de lecture estim\u00e9e":"1 minute"},"schema":{"@context":"https:\/\/schema.org","@graph":[{"@type":"WebPage","@id":"https:\/\/ma-boutique-club.com\/astournehem\/?product=sweat-lianto-enfant","url":"https:\/\/ma-boutique-club.com\/astournehem\/?product=sweat-lianto-enfant","name":"Veste Squadra25 Enfant - AS TOURNEHEM","isPartOf":{"@id":"https:\/\/ma-boutique-club.com\/astournehem\/#website"},"datePublished":"2025-09-17T09:12:43+00:00","dateModified":"2026-04-07T14:40:40+00:00","breadcrumb":{"@id":"https:\/\/ma-boutique-club.com\/astournehem\/?product=sweat-lianto-enfant#breadcrumb"},"inLanguage":"fr-FR","potentialAction":[{"@type":"ReadAction","target":["https:\/\/ma-boutique-club.com\/astournehem\/?product=sweat-lianto-enfant"]}]},{"@type":"BreadcrumbList","@id":"https:\/\/ma-boutique-club.com\/astournehem\/?product=sweat-lianto-enfant#breadcrumb","itemListElement":[{"@type":"ListItem","position":1,"name":"Accueil","item":"https:\/\/ma-boutique-club.com\/astournehem\/"},{"@type":"ListItem","position":2,"name":"Boutique","item":"https:\/\/ma-boutique-club.com\/astournehem\/"},{"@type":"ListItem","position":3,"name":"Veste Squadra25 Enfant"}]},{"@type":"WebSite","@id":"https:\/\/ma-boutique-club.com\/astournehem\/#website","url":"https:\/\/ma-boutique-club.com\/astournehem\/","name":"AS TOURNEHEM","description":"Ma Boutique Club","publisher":{"@id":"https:\/\/ma-boutique-club.com\/astournehem\/#organization"},"potentialAction":[{"@type":"SearchAction","target":{"@type":"EntryPoint","urlTemplate":"https:\/\/ma-boutique-club.com\/astournehem\/?s={search_term_string}"},"query-input":"required name=search_term_string"}],"inLanguage":"fr-FR"},{"@type":"Organization","@id":"https:\/\/ma-boutique-club.com\/astournehem\/#organization","name":"AS TOURNEHEM","url":"https:\/\/ma-boutique-club.com\/astournehem\/","logo":{"@type":"ImageObject","inLanguage":"fr-FR","@id":"https:\/\/ma-boutique-club.com\/astournehem\/#\/schema\/logo\/image\/","url":"https:\/\/ma-boutique-club.com\/astournehem\/wp-content\/uploads\/sites\/107\/2025\/07\/cropped-AS-TOURNEHEM-PHOTO-MBC-800x800-1-1.png","contentUrl":"https:\/\/ma-boutique-club.com\/astournehem\/wp-content\/uploads\/sites\/107\/2025\/07\/cropped-AS-TOURNEHEM-PHOTO-MBC-800x800-1-1.png","width":2500,"height":2209,"caption":"AS TOURNEHEM"},"image":{"@id":"https:\/\/ma-boutique-club.com\/astournehem\/#\/schema\/logo\/image\/"}}]}},"uagb_featured_image_src":{"full":["https:\/\/ma-boutique-club.com\/astournehem\/wp-content\/uploads\/sites\/107\/2025\/09\/JP3162_KT3856.png",800,800,false],"thumbnail":["https:\/\/ma-boutique-club.com\/astournehem\/wp-content\/uploads\/sites\/107\/2025\/09\/JP3162_KT3856-150x150.png",150,150,true],"medium":["https:\/\/ma-boutique-club.com\/astournehem\/wp-content\/uploads\/sites\/107\/2025\/09\/JP3162_KT3856-300x300.png",300,300,true],"medium_large":["https:\/\/ma-boutique-club.com\/astournehem\/wp-content\/uploads\/sites\/107\/2025\/09\/JP3162_KT3856-768x768.png",768,768,true],"large":["https:\/\/ma-boutique-club.com\/astournehem\/wp-content\/uploads\/sites\/107\/2025\/09\/JP3162_KT3856.png",800,800,false],"1536x1536":["https:\/\/ma-boutique-club.com\/astournehem\/wp-content\/uploads\/sites\/107\/2025\/09\/JP3162_KT3856.png",800,800,false],"2048x2048":["https:\/\/ma-boutique-club.com\/astournehem\/wp-content\/uploads\/sites\/107\/2025\/09\/JP3162_KT3856.png",800,800,false],"woocommerce_thumbnail":["https:\/\/ma-boutique-club.com\/astournehem\/wp-content\/uploads\/sites\/107\/2025\/09\/JP3162_KT3856-300x300.png",300,300,true],"woocommerce_single":["https:\/\/ma-boutique-club.com\/astournehem\/wp-content\/uploads\/sites\/107\/2025\/09\/JP3162_KT3856-600x600.png",600,600,true],"woocommerce_gallery_thumbnail":["https:\/\/ma-boutique-club.com\/astournehem\/wp-content\/uploads\/sites\/107\/2025\/09\/JP3162_KT3856-100x100.png",100,100,true]},"uagb_author_info":{"display_name":"Taff \/ MBC","author_link":"https:\/\/ma-boutique-club.com\/astournehem\/?author=0"},"uagb_comment_info":0,"uagb_excerpt":"Montre l&rsquo;exemple avec cette veste d&rsquo;entra\u00eenement Squadra 25 adidas. Cr\u00e9\u00e9 pour le jeu amateur, ce haut polyvalent t&rsquo;offre un maximum [&hellip;]","_links":{"self":[{"href":"https:\/\/ma-boutique-club.com\/astournehem\/index.php?rest_route=\/wp\/v2\/product\/375"}],"collection":[{"href":"https:\/\/ma-boutique-club.com\/astournehem\/index.php?rest_route=\/wp\/v2\/product"}],"about":[{"href":"https:\/\/ma-boutique-club.com\/astournehem\/index.php?rest_route=\/wp\/v2\/types\/product"}],"wp:featuredmedia":[{"embeddable":true,"href":"https:\/\/ma-boutique-club.com\/astournehem\/index.php?rest_route=\/wp\/v2\/media\/447"}],"wp:attachment":[{"href":"https:\/\/ma-boutique-club.com\/astournehem\/index.php?rest_route=%2Fwp%2Fv2%2Fmedia&parent=375"}],"wp:term":[{"taxonomy":"product_cat","embeddable":true,"href":"https:\/\/ma-boutique-club.com\/astournehem\/index.php?rest_route=%2Fwp%2Fv2%2Fproduct_cat&post=375"},{"taxonomy":"product_tag","embeddable":true,"href":"https:\/\/ma-boutique-club.com\/astournehem\/index.php?rest_route=%2Fwp%2Fv2%2Fproduct_tag&post=375"}],"curies":[{"name":"wp","href":"https:\/\/api.w.org\/{rel}","templated":true}]}}